{"id":5942,"date":"2023-08-15T17:54:36","date_gmt":"2023-08-15T15:54:36","guid":{"rendered":"https:\/\/legrenierdelatour.be\/brocante\/?post_type=product&#038;p=5942"},"modified":"2023-08-15T17:54:36","modified_gmt":"2023-08-15T15:54:36","slug":"images-de-la-vierge-de-luxembourg","status":"publish","type":"product","link":"https:\/\/legrenierdelatour.be\/brocante\/produit\/images-de-la-vierge-de-luxembourg\/","title":{"rendered":"Images de la Vierge de Luxembourg"},"content":{"rendered":"<p>Image de la Vierge de Luxembourg, encadr\u00e9e d\u2019une aquarelle de fleurs. Ces deux images diff\u00e9rentes, sign\u00e9es \u00e0 l\u2019arri\u00e8re, datent sans doute des ann\u00e9es 1940-50.<\/p>\n<div>Elles sont vendues \u00e0 la pi\u00e8ce au prix de 8\u20ac.<\/div>\n<div>R\u00e9f 23.01<\/div>\n","protected":false},"excerpt":{"rendered":"<p>Image de la Vierge de Luxembourg, encadr\u00e9e d\u2019une aquarelle de fleurs. Ces deux images diff\u00e9rentes, sign\u00e9es \u00e0 l\u2019arri\u00e8re, datent sans doute des ann\u00e9es 1940-50. Elles sont vendues \u00e0 la pi\u00e8ce au prix de 8\u20ac. R\u00e9f 23.01<\/p>\n","protected":false},"featured_media":5943,"comment_status":"open","ping_status":"closed","template":"","meta":{"neve_meta_sidebar":"","neve_meta_container":"","neve_meta_enable_content_width":"off","neve_meta_content_width":100,"neve_meta_title_alignment":"","neve_meta_author_avatar":"","neve_post_elements_order":"","neve_meta_disable_header":"","neve_meta_disable_footer":"","neve_meta_disable_title":""},"product_brand":[],"product_cat":[30,166,34],"product_tag":[83,35],"class_list":{"0":"post-5942","1":"product","2":"type-product","3":"status-publish","4":"has-post-thumbnail","6":"product_cat-luxemburgensia","7":"product_cat-luxemburgensia-luxemburgensia","8":"product_cat-religiosa","9":"product_tag-luxemburgensia","10":"product_tag-religion","12":"first","13":"instock","14":"shipping-taxable","15":"purchasable","16":"product-type-simple"},"_links":{"self":[{"href":"https:\/\/legrenierdelatour.be\/brocante\/wp-json\/wp\/v2\/product\/5942","targetHints":{"allow":["GET"]}}],"collection":[{"href":"https:\/\/legrenierdelatour.be\/brocante\/wp-json\/wp\/v2\/product"}],"about":[{"href":"https:\/\/legrenierdelatour.be\/brocante\/wp-json\/wp\/v2\/types\/product"}],"replies":[{"embeddable":true,"href":"https:\/\/legrenierdelatour.be\/brocante\/wp-json\/wp\/v2\/comments?post=5942"}],"wp:featuredmedia":[{"embeddable":true,"href":"https:\/\/legrenierdelatour.be\/brocante\/wp-json\/wp\/v2\/media\/5943"}],"wp:attachment":[{"href":"https:\/\/legrenierdelatour.be\/brocante\/wp-json\/wp\/v2\/media?parent=5942"}],"wp:term":[{"taxonomy":"product_brand","embeddable":true,"href":"https:\/\/legrenierdelatour.be\/brocante\/wp-json\/wp\/v2\/product_brand?post=5942"},{"taxonomy":"product_cat","embeddable":true,"href":"https:\/\/legrenierdelatour.be\/brocante\/wp-json\/wp\/v2\/product_cat?post=5942"},{"taxonomy":"product_tag","embeddable":true,"href":"https:\/\/legrenierdelatour.be\/brocante\/wp-json\/wp\/v2\/product_tag?post=5942"}],"curies":[{"name":"wp","href":"https:\/\/api.w.org\/{rel}","templated":true}]}}