{"id":5928,"date":"2023-08-15T17:47:37","date_gmt":"2023-08-15T15:47:37","guid":{"rendered":"https:\/\/legrenierdelatour.be\/brocante\/?post_type=product&#038;p=5928"},"modified":"2023-08-15T17:47:38","modified_gmt":"2023-08-15T15:47:38","slug":"assiettes-emaischen-1955-58-villeroy-boch","status":"publish","type":"product","link":"https:\/\/legrenierdelatour.be\/brocante\/produit\/assiettes-emaischen-1955-58-villeroy-boch\/","title":{"rendered":"Assiettes Emaischen 1955-58, Villeroy &#038; Boch"},"content":{"rendered":"<p>Ensemble d\u2019assiettes (18,5 cm de diam\u00e8tre) produites par Villeroy &amp; Boch Luxembourg dans les ann\u00e9es 1950. Elles ont \u00e9t\u00e9 \u00e9dit\u00e9es \u00e0 l\u2019occasin de Emaischen \u00e0 luxembourg :<\/p>\n<div>&#8211; Emaischen 1955 N\u00b01 (2 exemplaires) : Luxembourg st Michel<\/div>\n<div>&#8211; Oktav 1955 N\u00b02 (2 exemplaires) : ND de Luxembourg<\/div>\n<div>&#8211; Emaischen 1956 N\u00b03 : St Michel<\/div>\n<div>&#8211; Hadrians-Dag 1956 N\u00b04 : St Adrian<\/div>\n<div>&#8211; Emaischen 1957 N\u00b05 : Sainte Anne<\/div>\n<div>&#8211; Emaischen 1958 N\u00b06 : St Jean Nepomuc\u00e8ne<\/div>\n<div>Elles sont endues \u00e0 la pi\u00e8ce au prix de 8\u20ac.<\/div>\n<div>R\u00e9f 22.100<\/div>\n","protected":false},"excerpt":{"rendered":"<p>Ensemble d\u2019assiettes (18,5 cm de diam\u00e8tre) produites par Villeroy &amp; Boch Luxembourg dans les ann\u00e9es 1950. Elles ont \u00e9t\u00e9 \u00e9dit\u00e9es \u00e0 l\u2019occasin de Emaischen \u00e0 luxembourg : &#8211; Emaischen 1955 N\u00b01 (2 exemplaires) : Luxembourg st Michel &#8211; Oktav 1955 N\u00b02 (2 exemplaires) : ND de Luxembourg &#8211; Emaischen 1956 N\u00b03 : St Michel &#8211;&hellip;&nbsp;<a href=\"https:\/\/legrenierdelatour.be\/brocante\/produit\/assiettes-emaischen-1955-58-villeroy-boch\/\" class=\"\" rel=\"bookmark\">Lire la suite &raquo;<span class=\"screen-reader-text\">Assiettes Emaischen 1955-58, Villeroy &#038; Boch<\/span><\/a><\/p>\n","protected":false},"featured_media":5929,"comment_status":"open","ping_status":"closed","template":"","meta":{"neve_meta_sidebar":"","neve_meta_container":"","neve_meta_enable_content_width":"off","neve_meta_content_width":100,"neve_meta_title_alignment":"","neve_meta_author_avatar":"","neve_post_elements_order":"","neve_meta_disable_header":"","neve_meta_disable_footer":"","neve_meta_disable_title":""},"product_brand":[],"product_cat":[16,165,30,166,29],"product_tag":[83,32],"class_list":{"0":"post-5928","1":"product","2":"type-product","3":"status-publish","4":"has-post-thumbnail","6":"product_cat-ceramique","7":"product_cat-luxembourg","8":"product_cat-luxemburgensia","9":"product_cat-luxemburgensia-luxemburgensia","10":"product_cat-villeroy-boch","11":"product_tag-luxemburgensia","12":"product_tag-villeroy-et-boch","14":"first","15":"instock","16":"shipping-taxable","17":"purchasable","18":"product-type-simple"},"_links":{"self":[{"href":"https:\/\/legrenierdelatour.be\/brocante\/wp-json\/wp\/v2\/product\/5928","targetHints":{"allow":["GET"]}}],"collection":[{"href":"https:\/\/legrenierdelatour.be\/brocante\/wp-json\/wp\/v2\/product"}],"about":[{"href":"https:\/\/legrenierdelatour.be\/brocante\/wp-json\/wp\/v2\/types\/product"}],"replies":[{"embeddable":true,"href":"https:\/\/legrenierdelatour.be\/brocante\/wp-json\/wp\/v2\/comments?post=5928"}],"wp:featuredmedia":[{"embeddable":true,"href":"https:\/\/legrenierdelatour.be\/brocante\/wp-json\/wp\/v2\/media\/5929"}],"wp:attachment":[{"href":"https:\/\/legrenierdelatour.be\/brocante\/wp-json\/wp\/v2\/media?parent=5928"}],"wp:term":[{"taxonomy":"product_brand","embeddable":true,"href":"https:\/\/legrenierdelatour.be\/brocante\/wp-json\/wp\/v2\/product_brand?post=5928"},{"taxonomy":"product_cat","embeddable":true,"href":"https:\/\/legrenierdelatour.be\/brocante\/wp-json\/wp\/v2\/product_cat?post=5928"},{"taxonomy":"product_tag","embeddable":true,"href":"https:\/\/legrenierdelatour.be\/brocante\/wp-json\/wp\/v2\/product_tag?post=5928"}],"curies":[{"name":"wp","href":"https:\/\/api.w.org\/{rel}","templated":true}]}}