{"id":5918,"date":"2023-08-15T17:03:36","date_gmt":"2023-08-15T15:03:36","guid":{"rendered":"https:\/\/legrenierdelatour.be\/brocante\/?post_type=product&#038;p=5918"},"modified":"2023-08-15T17:03:36","modified_gmt":"2023-08-15T15:03:36","slug":"assiette-luxembourg-g-brachet-limcolor","status":"publish","type":"product","link":"https:\/\/legrenierdelatour.be\/brocante\/produit\/assiette-luxembourg-g-brachet-limcolor\/","title":{"rendered":"Assiette Luxembourg, G. Brachet Limcolor"},"content":{"rendered":"<p>Assiette en fa\u00efence (25 cm de diam\u00e8tre) avec une repr\u00e9sentation de la ville de Luxembourg. Il s\u2019agit d\u2019une fa\u00efence de la fa\u00efencerie G.Brachet, Limcolor Terrasson. Elle est en excellent \u00e9tat.<\/p>\n<div>R\u00e9f 22.97<\/div>\n","protected":false},"excerpt":{"rendered":"<p>Assiette en fa\u00efence (25 cm de diam\u00e8tre) avec une repr\u00e9sentation de la ville de Luxembourg. Il s\u2019agit d\u2019une fa\u00efence de la fa\u00efencerie G.Brachet, Limcolor Terrasson. Elle est en excellent \u00e9tat. R\u00e9f 22.97<\/p>\n","protected":false},"featured_media":5919,"comment_status":"open","ping_status":"closed","template":"","meta":{"neve_meta_sidebar":"","neve_meta_container":"","neve_meta_enable_content_width":"off","neve_meta_content_width":100,"neve_meta_title_alignment":"","neve_meta_author_avatar":"","neve_post_elements_order":"","neve_meta_disable_header":"","neve_meta_disable_footer":"","neve_meta_disable_title":""},"product_brand":[],"product_cat":[16,59,30,166],"product_tag":[19,83],"class_list":{"0":"post-5918","1":"product","2":"type-product","3":"status-publish","4":"has-post-thumbnail","6":"product_cat-ceramique","7":"product_cat-france","8":"product_cat-luxemburgensia","9":"product_cat-luxemburgensia-luxemburgensia","10":"product_tag-faience","11":"product_tag-luxemburgensia","13":"first","14":"instock","15":"shipping-taxable","16":"purchasable","17":"product-type-simple"},"_links":{"self":[{"href":"https:\/\/legrenierdelatour.be\/brocante\/wp-json\/wp\/v2\/product\/5918","targetHints":{"allow":["GET"]}}],"collection":[{"href":"https:\/\/legrenierdelatour.be\/brocante\/wp-json\/wp\/v2\/product"}],"about":[{"href":"https:\/\/legrenierdelatour.be\/brocante\/wp-json\/wp\/v2\/types\/product"}],"replies":[{"embeddable":true,"href":"https:\/\/legrenierdelatour.be\/brocante\/wp-json\/wp\/v2\/comments?post=5918"}],"wp:featuredmedia":[{"embeddable":true,"href":"https:\/\/legrenierdelatour.be\/brocante\/wp-json\/wp\/v2\/media\/5919"}],"wp:attachment":[{"href":"https:\/\/legrenierdelatour.be\/brocante\/wp-json\/wp\/v2\/media?parent=5918"}],"wp:term":[{"taxonomy":"product_brand","embeddable":true,"href":"https:\/\/legrenierdelatour.be\/brocante\/wp-json\/wp\/v2\/product_brand?post=5918"},{"taxonomy":"product_cat","embeddable":true,"href":"https:\/\/legrenierdelatour.be\/brocante\/wp-json\/wp\/v2\/product_cat?post=5918"},{"taxonomy":"product_tag","embeddable":true,"href":"https:\/\/legrenierdelatour.be\/brocante\/wp-json\/wp\/v2\/product_tag?post=5918"}],"curies":[{"name":"wp","href":"https:\/\/api.w.org\/{rel}","templated":true}]}}