{"id":5915,"date":"2023-08-15T16:54:41","date_gmt":"2023-08-15T14:54:41","guid":{"rendered":"https:\/\/legrenierdelatour.be\/brocante\/?post_type=product&#038;p=5915"},"modified":"2023-08-15T16:54:42","modified_gmt":"2023-08-15T14:54:42","slug":"medaille-40-ans-peckvillercher-nouspelt","status":"publish","type":"product","link":"https:\/\/legrenierdelatour.be\/brocante\/produit\/medaille-40-ans-peckvillercher-nouspelt\/","title":{"rendered":"M\u00e9daille 40 ans Peckvillercher Nouspelt"},"content":{"rendered":"<p>M\u00e9daille en terre cuite (7 cm de diam\u00e8tre) produite \u00e0 Nospelt pour les 40 ans de cr\u00e9ation des Peckvillercher, en 1996.<\/p>\n<div>R\u00e9f 22.96<\/div>\n","protected":false},"excerpt":{"rendered":"<p>M\u00e9daille en terre cuite (7 cm de diam\u00e8tre) produite \u00e0 Nospelt pour les 40 ans de cr\u00e9ation des Peckvillercher, en 1996. R\u00e9f 22.96<\/p>\n","protected":false},"featured_media":5916,"comment_status":"open","ping_status":"closed","template":"","meta":{"neve_meta_sidebar":"","neve_meta_container":"","neve_meta_enable_content_width":"off","neve_meta_content_width":100,"neve_meta_title_alignment":"","neve_meta_author_avatar":"","neve_post_elements_order":"","neve_meta_disable_header":"","neve_meta_disable_footer":"","neve_meta_disable_title":""},"product_brand":[],"product_cat":[16,165,30,166],"product_tag":[83],"class_list":{"0":"post-5915","1":"product","2":"type-product","3":"status-publish","4":"has-post-thumbnail","6":"product_cat-ceramique","7":"product_cat-luxembourg","8":"product_cat-luxemburgensia","9":"product_cat-luxemburgensia-luxemburgensia","10":"product_tag-luxemburgensia","12":"first","13":"instock","14":"shipping-taxable","15":"purchasable","16":"product-type-simple"},"_links":{"self":[{"href":"https:\/\/legrenierdelatour.be\/brocante\/wp-json\/wp\/v2\/product\/5915","targetHints":{"allow":["GET"]}}],"collection":[{"href":"https:\/\/legrenierdelatour.be\/brocante\/wp-json\/wp\/v2\/product"}],"about":[{"href":"https:\/\/legrenierdelatour.be\/brocante\/wp-json\/wp\/v2\/types\/product"}],"replies":[{"embeddable":true,"href":"https:\/\/legrenierdelatour.be\/brocante\/wp-json\/wp\/v2\/comments?post=5915"}],"wp:featuredmedia":[{"embeddable":true,"href":"https:\/\/legrenierdelatour.be\/brocante\/wp-json\/wp\/v2\/media\/5916"}],"wp:attachment":[{"href":"https:\/\/legrenierdelatour.be\/brocante\/wp-json\/wp\/v2\/media?parent=5915"}],"wp:term":[{"taxonomy":"product_brand","embeddable":true,"href":"https:\/\/legrenierdelatour.be\/brocante\/wp-json\/wp\/v2\/product_brand?post=5915"},{"taxonomy":"product_cat","embeddable":true,"href":"https:\/\/legrenierdelatour.be\/brocante\/wp-json\/wp\/v2\/product_cat?post=5915"},{"taxonomy":"product_tag","embeddable":true,"href":"https:\/\/legrenierdelatour.be\/brocante\/wp-json\/wp\/v2\/product_tag?post=5915"}],"curies":[{"name":"wp","href":"https:\/\/api.w.org\/{rel}","templated":true}]}}