{"id":5912,"date":"2023-08-15T16:45:09","date_gmt":"2023-08-15T14:45:09","guid":{"rendered":"https:\/\/legrenierdelatour.be\/brocante\/?post_type=product&#038;p=5912"},"modified":"2023-08-15T16:45:09","modified_gmt":"2023-08-15T14:45:09","slug":"vide-poche-luxembourg-a-lexpo-1958","status":"publish","type":"product","link":"https:\/\/legrenierdelatour.be\/brocante\/produit\/vide-poche-luxembourg-a-lexpo-1958\/","title":{"rendered":"Vide-poche \u00ab\u00a0Luxembourg \u00e0 l&rsquo;expo 1958\u00a0\u00bb"},"content":{"rendered":"<p>Petit vide-poche en fa\u00efence (13 cm de long) portant un d\u00e9cor stylis\u00e9, produit \u00e0 l\u2019occasion de \u00ab\u00a0Luxembourg \u00e0 l\u2019expo 1958\u00a0\u00bb.<\/p>\n<div>R\u00e9f 22.94<\/div>\n","protected":false},"excerpt":{"rendered":"<p>Petit vide-poche en fa\u00efence (13 cm de long) portant un d\u00e9cor stylis\u00e9, produit \u00e0 l\u2019occasion de \u00ab\u00a0Luxembourg \u00e0 l\u2019expo 1958\u00a0\u00bb. R\u00e9f 22.94<\/p>\n","protected":false},"featured_media":5913,"comment_status":"open","ping_status":"closed","template":"","meta":{"neve_meta_sidebar":"","neve_meta_container":"","neve_meta_enable_content_width":"off","neve_meta_content_width":100,"neve_meta_title_alignment":"","neve_meta_author_avatar":"","neve_post_elements_order":"","neve_meta_disable_header":"","neve_meta_disable_footer":"","neve_meta_disable_title":""},"product_brand":[],"product_cat":[16,30,166,173],"product_tag":[83,68],"class_list":{"0":"post-5912","1":"product","2":"type-product","3":"status-publish","4":"has-post-thumbnail","6":"product_cat-ceramique","7":"product_cat-luxemburgensia","8":"product_cat-luxemburgensia-luxemburgensia","9":"product_cat-objets-de-publicite","10":"product_tag-luxemburgensia","11":"product_tag-publicite","13":"first","14":"instock","15":"shipping-taxable","16":"purchasable","17":"product-type-simple"},"_links":{"self":[{"href":"https:\/\/legrenierdelatour.be\/brocante\/wp-json\/wp\/v2\/product\/5912","targetHints":{"allow":["GET"]}}],"collection":[{"href":"https:\/\/legrenierdelatour.be\/brocante\/wp-json\/wp\/v2\/product"}],"about":[{"href":"https:\/\/legrenierdelatour.be\/brocante\/wp-json\/wp\/v2\/types\/product"}],"replies":[{"embeddable":true,"href":"https:\/\/legrenierdelatour.be\/brocante\/wp-json\/wp\/v2\/comments?post=5912"}],"wp:featuredmedia":[{"embeddable":true,"href":"https:\/\/legrenierdelatour.be\/brocante\/wp-json\/wp\/v2\/media\/5913"}],"wp:attachment":[{"href":"https:\/\/legrenierdelatour.be\/brocante\/wp-json\/wp\/v2\/media?parent=5912"}],"wp:term":[{"taxonomy":"product_brand","embeddable":true,"href":"https:\/\/legrenierdelatour.be\/brocante\/wp-json\/wp\/v2\/product_brand?post=5912"},{"taxonomy":"product_cat","embeddable":true,"href":"https:\/\/legrenierdelatour.be\/brocante\/wp-json\/wp\/v2\/product_cat?post=5912"},{"taxonomy":"product_tag","embeddable":true,"href":"https:\/\/legrenierdelatour.be\/brocante\/wp-json\/wp\/v2\/product_tag?post=5912"}],"curies":[{"name":"wp","href":"https:\/\/api.w.org\/{rel}","templated":true}]}}