{"id":5904,"date":"2023-08-15T16:24:52","date_gmt":"2023-08-15T14:24:52","guid":{"rendered":"https:\/\/legrenierdelatour.be\/brocante\/?post_type=product&#038;p=5904"},"modified":"2023-08-15T16:36:21","modified_gmt":"2023-08-15T14:36:21","slug":"plateau-luxval-dijon-art-deco","status":"publish","type":"product","link":"https:\/\/legrenierdelatour.be\/brocante\/produit\/plateau-luxval-dijon-art-deco\/","title":{"rendered":"Plateau Luxval \u00ab\u00a0Dijon\u00a0\u00bb Art D\u00e9co"},"content":{"rendered":"<p>Beau plateau en verre moul\u00e9 (34,5 cm de long) de couleur fum\u00e9e. Il est issu de la collection Luxval du Val st Lambert, mod\u00e8le \u00ab\u00a0Dijon\u00a0\u00bb. Il est estampill\u00e9 Val St Lambert Belgique et date des ann\u00e9es 1930. Il a un petit coup sous une des anses.<\/p>\n<div>R\u00e9f 22.92<\/div>\n","protected":false},"excerpt":{"rendered":"<p>Beau plateau en verre moul\u00e9 (34,5 cm de long) de couleur fum\u00e9e. Il est issu de la collection Luxval du Val st Lambert, mod\u00e8le \u00ab\u00a0Dijon\u00a0\u00bb. Il est estampill\u00e9 Val St Lambert Belgique et date des ann\u00e9es 1930. Il a un petit coup sous une des anses. R\u00e9f 22.92<\/p>\n","protected":false},"featured_media":5907,"comment_status":"open","ping_status":"closed","template":"","meta":{"neve_meta_sidebar":"","neve_meta_container":"","neve_meta_enable_content_width":"off","neve_meta_content_width":100,"neve_meta_title_alignment":"","neve_meta_author_avatar":"","neve_post_elements_order":"","neve_meta_disable_header":"","neve_meta_disable_footer":"","neve_meta_disable_title":""},"product_brand":[],"product_cat":[64,162,63,22],"product_tag":[21,65],"class_list":{"0":"post-5904","1":"product","2":"type-product","3":"status-publish","4":"has-post-thumbnail","6":"product_cat-luxval","7":"product_cat-productions-belges","8":"product_cat-val-saint-lambert","9":"product_cat-verrerie","10":"product_tag-art-deco","11":"product_tag-luxval","13":"first","14":"instock","15":"shipping-taxable","16":"purchasable","17":"product-type-simple"},"_links":{"self":[{"href":"https:\/\/legrenierdelatour.be\/brocante\/wp-json\/wp\/v2\/product\/5904","targetHints":{"allow":["GET"]}}],"collection":[{"href":"https:\/\/legrenierdelatour.be\/brocante\/wp-json\/wp\/v2\/product"}],"about":[{"href":"https:\/\/legrenierdelatour.be\/brocante\/wp-json\/wp\/v2\/types\/product"}],"replies":[{"embeddable":true,"href":"https:\/\/legrenierdelatour.be\/brocante\/wp-json\/wp\/v2\/comments?post=5904"}],"wp:featuredmedia":[{"embeddable":true,"href":"https:\/\/legrenierdelatour.be\/brocante\/wp-json\/wp\/v2\/media\/5907"}],"wp:attachment":[{"href":"https:\/\/legrenierdelatour.be\/brocante\/wp-json\/wp\/v2\/media?parent=5904"}],"wp:term":[{"taxonomy":"product_brand","embeddable":true,"href":"https:\/\/legrenierdelatour.be\/brocante\/wp-json\/wp\/v2\/product_brand?post=5904"},{"taxonomy":"product_cat","embeddable":true,"href":"https:\/\/legrenierdelatour.be\/brocante\/wp-json\/wp\/v2\/product_cat?post=5904"},{"taxonomy":"product_tag","embeddable":true,"href":"https:\/\/legrenierdelatour.be\/brocante\/wp-json\/wp\/v2\/product_tag?post=5904"}],"curies":[{"name":"wp","href":"https:\/\/api.w.org\/{rel}","templated":true}]}}