{"id":590,"date":"2022-03-08T18:08:54","date_gmt":"2022-03-08T17:08:54","guid":{"rendered":"https:\/\/legrenierdelatour.be\/brocante\/?post_type=product&#038;p=590"},"modified":"2022-03-12T17:09:52","modified_gmt":"2022-03-12T16:09:52","slug":"coupelle-sur-pied-art-deco","status":"publish","type":"product","link":"https:\/\/legrenierdelatour.be\/brocante\/produit\/coupelle-sur-pied-art-deco\/","title":{"rendered":"Coupelle sur pied Art d\u00e9co"},"content":{"rendered":"<p>Jolie coupelle sur pied (11,5 cm de haut) en verre moul\u00e9 sans doute, avec dorures sur le pied et sur la bordure. Deux petites d\u00e9corations de roses de style Art d\u00e9co ornent les c\u00f4t\u00e9s de cette coupe en parfait \u00e9tat.<\/p>\n<p>R\u00e9f 1.190<\/p>\n","protected":false},"excerpt":{"rendered":"<p>Jolie coupelle sur pied (11,5 cm de haut) en verre moul\u00e9 sans doute, avec dorures sur le pied et sur la bordure. Deux petites d\u00e9corations de roses de style Art d\u00e9co ornent les c\u00f4t\u00e9s de cette coupe en parfait \u00e9tat. R\u00e9f 1.190<\/p>\n","protected":false},"featured_media":591,"comment_status":"open","ping_status":"closed","template":"","meta":{"neve_meta_sidebar":"","neve_meta_container":"","neve_meta_enable_content_width":"off","neve_meta_content_width":100,"neve_meta_title_alignment":"","neve_meta_author_avatar":"","neve_post_elements_order":"","neve_meta_disable_header":"","neve_meta_disable_footer":"","neve_meta_disable_title":""},"product_brand":[],"product_cat":[22],"product_tag":[21],"class_list":{"0":"post-590","1":"product","2":"type-product","3":"status-publish","4":"has-post-thumbnail","6":"product_cat-verrerie","7":"product_tag-art-deco","9":"first","10":"instock","11":"shipping-taxable","12":"purchasable","13":"product-type-simple"},"_links":{"self":[{"href":"https:\/\/legrenierdelatour.be\/brocante\/wp-json\/wp\/v2\/product\/590","targetHints":{"allow":["GET"]}}],"collection":[{"href":"https:\/\/legrenierdelatour.be\/brocante\/wp-json\/wp\/v2\/product"}],"about":[{"href":"https:\/\/legrenierdelatour.be\/brocante\/wp-json\/wp\/v2\/types\/product"}],"replies":[{"embeddable":true,"href":"https:\/\/legrenierdelatour.be\/brocante\/wp-json\/wp\/v2\/comments?post=590"}],"wp:featuredmedia":[{"embeddable":true,"href":"https:\/\/legrenierdelatour.be\/brocante\/wp-json\/wp\/v2\/media\/591"}],"wp:attachment":[{"href":"https:\/\/legrenierdelatour.be\/brocante\/wp-json\/wp\/v2\/media?parent=590"}],"wp:term":[{"taxonomy":"product_brand","embeddable":true,"href":"https:\/\/legrenierdelatour.be\/brocante\/wp-json\/wp\/v2\/product_brand?post=590"},{"taxonomy":"product_cat","embeddable":true,"href":"https:\/\/legrenierdelatour.be\/brocante\/wp-json\/wp\/v2\/product_cat?post=590"},{"taxonomy":"product_tag","embeddable":true,"href":"https:\/\/legrenierdelatour.be\/brocante\/wp-json\/wp\/v2\/product_tag?post=590"}],"curies":[{"name":"wp","href":"https:\/\/api.w.org\/{rel}","templated":true}]}}