{"id":5897,"date":"2023-08-15T16:01:22","date_gmt":"2023-08-15T14:01:22","guid":{"rendered":"https:\/\/legrenierdelatour.be\/brocante\/?post_type=product&#038;p=5897"},"modified":"2023-08-15T16:01:22","modified_gmt":"2023-08-15T14:01:22","slug":"plat-a-gratin-vintage-villeroy","status":"publish","type":"product","link":"https:\/\/legrenierdelatour.be\/brocante\/produit\/plat-a-gratin-vintage-villeroy\/","title":{"rendered":"Plat \u00e0 gratin vintage, Villeroy"},"content":{"rendered":"<p>Tr\u00e8s beau plat \u00e0 gratin (34x19cmx5,5 cm de haut) de la manufacture Villeroy et Boch Luxembourg, datant des ann\u00e9es 1955-1959 sans doute, m\u00eame s\u2019il n\u2019y a pas de cachet de manufacture. Le plat est en bel \u00e9tat et porte un dessin de nature stylis\u00e9e, tr\u00e8s vintage.<\/p>\n<div>R\u00e9f 22.90<\/div>\n","protected":false},"excerpt":{"rendered":"<p>Tr\u00e8s beau plat \u00e0 gratin (34x19cmx5,5 cm de haut) de la manufacture Villeroy et Boch Luxembourg, datant des ann\u00e9es 1955-1959 sans doute, m\u00eame s\u2019il n\u2019y a pas de cachet de manufacture. Le plat est en bel \u00e9tat et porte un dessin de nature stylis\u00e9e, tr\u00e8s vintage. R\u00e9f 22.90<\/p>\n","protected":false},"featured_media":5898,"comment_status":"open","ping_status":"closed","template":"","meta":{"neve_meta_sidebar":"","neve_meta_container":"","neve_meta_enable_content_width":"off","neve_meta_content_width":100,"neve_meta_title_alignment":"","neve_meta_author_avatar":"","neve_post_elements_order":"","neve_meta_disable_header":"","neve_meta_disable_footer":"","neve_meta_disable_title":""},"product_brand":[],"product_cat":[172,16,165,29],"product_tag":[19,32,28],"class_list":{"0":"post-5897","1":"product","2":"type-product","3":"status-publish","4":"has-post-thumbnail","6":"product_cat-en-cuisine","7":"product_cat-ceramique","8":"product_cat-luxembourg","9":"product_cat-villeroy-boch","10":"product_tag-faience","11":"product_tag-villeroy-et-boch","12":"product_tag-vintage","14":"first","15":"instock","16":"shipping-taxable","17":"purchasable","18":"product-type-simple"},"_links":{"self":[{"href":"https:\/\/legrenierdelatour.be\/brocante\/wp-json\/wp\/v2\/product\/5897","targetHints":{"allow":["GET"]}}],"collection":[{"href":"https:\/\/legrenierdelatour.be\/brocante\/wp-json\/wp\/v2\/product"}],"about":[{"href":"https:\/\/legrenierdelatour.be\/brocante\/wp-json\/wp\/v2\/types\/product"}],"replies":[{"embeddable":true,"href":"https:\/\/legrenierdelatour.be\/brocante\/wp-json\/wp\/v2\/comments?post=5897"}],"wp:featuredmedia":[{"embeddable":true,"href":"https:\/\/legrenierdelatour.be\/brocante\/wp-json\/wp\/v2\/media\/5898"}],"wp:attachment":[{"href":"https:\/\/legrenierdelatour.be\/brocante\/wp-json\/wp\/v2\/media?parent=5897"}],"wp:term":[{"taxonomy":"product_brand","embeddable":true,"href":"https:\/\/legrenierdelatour.be\/brocante\/wp-json\/wp\/v2\/product_brand?post=5897"},{"taxonomy":"product_cat","embeddable":true,"href":"https:\/\/legrenierdelatour.be\/brocante\/wp-json\/wp\/v2\/product_cat?post=5897"},{"taxonomy":"product_tag","embeddable":true,"href":"https:\/\/legrenierdelatour.be\/brocante\/wp-json\/wp\/v2\/product_tag?post=5897"}],"curies":[{"name":"wp","href":"https:\/\/api.w.org\/{rel}","templated":true}]}}