{"id":5879,"date":"2023-08-14T21:43:20","date_gmt":"2023-08-14T19:43:20","guid":{"rendered":"https:\/\/legrenierdelatour.be\/brocante\/?post_type=product&#038;p=5879"},"modified":"2023-08-14T21:43:20","modified_gmt":"2023-08-14T19:43:20","slug":"medaillon-biron-w","status":"publish","type":"product","link":"https:\/\/legrenierdelatour.be\/brocante\/produit\/medaillon-biron-w\/","title":{"rendered":"M\u00e9daillon Biron W."},"content":{"rendered":"<p>M\u00e9daillon en gr\u00e8s (7&#215;5 cm) repr\u00e9sentant une fontaine et sign\u00e9 \u00e0 l\u2019arri\u00e8re Biron W. , c\u2019est \u00e0 dire Willy Biron qui succ\u00e9da \u00e0 son p\u00e8re Joseph, de 1947 \u00e0 1980 (date de sa mort). Actuellement, les ateliers de Ch\u00e2telet sont toujours en activit\u00e9; sa fille et son petit-fils y travaillent encore.<\/p>\n<div>R\u00e9f 22.86<\/div>\n","protected":false},"excerpt":{"rendered":"<p>M\u00e9daillon en gr\u00e8s (7&#215;5 cm) repr\u00e9sentant une fontaine et sign\u00e9 \u00e0 l\u2019arri\u00e8re Biron W. , c\u2019est \u00e0 dire Willy Biron qui succ\u00e9da \u00e0 son p\u00e8re Joseph, de 1947 \u00e0 1980 (date de sa mort). Actuellement, les ateliers de Ch\u00e2telet sont toujours en activit\u00e9; sa fille et son petit-fils y travaillent encore. R\u00e9f 22.86<\/p>\n","protected":false},"featured_media":5880,"comment_status":"open","ping_status":"closed","template":"","meta":{"neve_meta_sidebar":"","neve_meta_container":"","neve_meta_enable_content_width":"off","neve_meta_content_width":100,"neve_meta_title_alignment":"","neve_meta_author_avatar":"","neve_post_elements_order":"","neve_meta_disable_header":"","neve_meta_disable_footer":"","neve_meta_disable_title":""},"product_brand":[],"product_cat":[37,70,202,16,167],"product_tag":[79,113],"class_list":{"0":"post-5879","1":"product","2":"type-product","3":"status-publish","4":"has-post-thumbnail","6":"product_cat-belgique","7":"product_cat-bijou","8":"product_cat-bouffioulx","9":"product_cat-ceramique","10":"product_cat-peintures-et-sculptures","11":"product_tag-art","12":"product_tag-gres","14":"first","15":"instock","16":"shipping-taxable","17":"purchasable","18":"product-type-simple"},"_links":{"self":[{"href":"https:\/\/legrenierdelatour.be\/brocante\/wp-json\/wp\/v2\/product\/5879","targetHints":{"allow":["GET"]}}],"collection":[{"href":"https:\/\/legrenierdelatour.be\/brocante\/wp-json\/wp\/v2\/product"}],"about":[{"href":"https:\/\/legrenierdelatour.be\/brocante\/wp-json\/wp\/v2\/types\/product"}],"replies":[{"embeddable":true,"href":"https:\/\/legrenierdelatour.be\/brocante\/wp-json\/wp\/v2\/comments?post=5879"}],"wp:featuredmedia":[{"embeddable":true,"href":"https:\/\/legrenierdelatour.be\/brocante\/wp-json\/wp\/v2\/media\/5880"}],"wp:attachment":[{"href":"https:\/\/legrenierdelatour.be\/brocante\/wp-json\/wp\/v2\/media?parent=5879"}],"wp:term":[{"taxonomy":"product_brand","embeddable":true,"href":"https:\/\/legrenierdelatour.be\/brocante\/wp-json\/wp\/v2\/product_brand?post=5879"},{"taxonomy":"product_cat","embeddable":true,"href":"https:\/\/legrenierdelatour.be\/brocante\/wp-json\/wp\/v2\/product_cat?post=5879"},{"taxonomy":"product_tag","embeddable":true,"href":"https:\/\/legrenierdelatour.be\/brocante\/wp-json\/wp\/v2\/product_tag?post=5879"}],"curies":[{"name":"wp","href":"https:\/\/api.w.org\/{rel}","templated":true}]}}