{"id":5873,"date":"2023-08-14T21:14:38","date_gmt":"2023-08-14T19:14:38","guid":{"rendered":"https:\/\/legrenierdelatour.be\/brocante\/?post_type=product&#038;p=5873"},"modified":"2023-08-14T21:14:39","modified_gmt":"2023-08-14T19:14:39","slug":"theiere-waechtersbach-1970","status":"publish","type":"product","link":"https:\/\/legrenierdelatour.be\/brocante\/produit\/theiere-waechtersbach-1970\/","title":{"rendered":"Th\u00e9i\u00e8re Waechtersbach 1970"},"content":{"rendered":"<p><span style=\"color: #000000; font-size: medium;\">Jolie th\u00e9i\u00e8re (10,5 cm de haut) de la manufacture Waechtersbach (1832- 2006) en Bavi\u00e8re. D\u2019apr\u00e8s la marque en relief sous le pot, elle date des ann\u00e9es 1970.\u00a0<\/span><\/p>\n<div><span style=\"color: #000000; font-size: medium;\">R\u00e9f 22.84<\/span><\/div>\n","protected":false},"excerpt":{"rendered":"<p>Jolie th\u00e9i\u00e8re (10,5 cm de haut) de la manufacture Waechtersbach (1832- 2006) en Bavi\u00e8re. D\u2019apr\u00e8s la marque en relief sous le pot, elle date des ann\u00e9es 1970.\u00a0 R\u00e9f 22.84<\/p>\n","protected":false},"featured_media":5874,"comment_status":"open","ping_status":"closed","template":"","meta":{"neve_meta_sidebar":"","neve_meta_container":"","neve_meta_enable_content_width":"off","neve_meta_content_width":100,"neve_meta_title_alignment":"","neve_meta_author_avatar":"","neve_post_elements_order":"","neve_meta_disable_header":"","neve_meta_disable_footer":"","neve_meta_disable_title":""},"product_brand":[],"product_cat":[48,168,172,16],"product_tag":[19,28,49],"class_list":{"0":"post-5873","1":"product","2":"type-product","3":"status-publish","4":"has-post-thumbnail","6":"product_cat-allemagne","7":"product_cat-bavaria","8":"product_cat-en-cuisine","9":"product_cat-ceramique","10":"product_tag-faience","11":"product_tag-vintage","12":"product_tag-west-germany","14":"first","15":"instock","16":"shipping-taxable","17":"purchasable","18":"product-type-simple"},"_links":{"self":[{"href":"https:\/\/legrenierdelatour.be\/brocante\/wp-json\/wp\/v2\/product\/5873","targetHints":{"allow":["GET"]}}],"collection":[{"href":"https:\/\/legrenierdelatour.be\/brocante\/wp-json\/wp\/v2\/product"}],"about":[{"href":"https:\/\/legrenierdelatour.be\/brocante\/wp-json\/wp\/v2\/types\/product"}],"replies":[{"embeddable":true,"href":"https:\/\/legrenierdelatour.be\/brocante\/wp-json\/wp\/v2\/comments?post=5873"}],"wp:featuredmedia":[{"embeddable":true,"href":"https:\/\/legrenierdelatour.be\/brocante\/wp-json\/wp\/v2\/media\/5874"}],"wp:attachment":[{"href":"https:\/\/legrenierdelatour.be\/brocante\/wp-json\/wp\/v2\/media?parent=5873"}],"wp:term":[{"taxonomy":"product_brand","embeddable":true,"href":"https:\/\/legrenierdelatour.be\/brocante\/wp-json\/wp\/v2\/product_brand?post=5873"},{"taxonomy":"product_cat","embeddable":true,"href":"https:\/\/legrenierdelatour.be\/brocante\/wp-json\/wp\/v2\/product_cat?post=5873"},{"taxonomy":"product_tag","embeddable":true,"href":"https:\/\/legrenierdelatour.be\/brocante\/wp-json\/wp\/v2\/product_tag?post=5873"}],"curies":[{"name":"wp","href":"https:\/\/api.w.org\/{rel}","templated":true}]}}