{"id":5865,"date":"2023-08-14T20:32:45","date_gmt":"2023-08-14T18:32:45","guid":{"rendered":"https:\/\/legrenierdelatour.be\/brocante\/?post_type=product&#038;p=5865"},"modified":"2023-08-14T20:32:45","modified_gmt":"2023-08-14T18:32:45","slug":"legumier-vintage-villeroy-et-boch","status":"publish","type":"product","link":"https:\/\/legrenierdelatour.be\/brocante\/produit\/legumier-vintage-villeroy-et-boch\/","title":{"rendered":"L\u00e9gumier Vintage Villeroy et Boch"},"content":{"rendered":"<p>Beau plat \u00e0 l\u00e9gumes avec couvercle (21 cm de diam\u00e8tre) avec beau d\u00e9cor de diff\u00e9rents l\u00e9gumes. Il ne porte pas de marque mais a sans doute \u00e9t\u00e9 produit par Villeroy et Boch dans les ann\u00e9es 1950. Il est en parfait \u00e9tat.<\/p>\n<div>R\u00e9f 22.82<\/div>\n","protected":false},"excerpt":{"rendered":"<p>Beau plat \u00e0 l\u00e9gumes avec couvercle (21 cm de diam\u00e8tre) avec beau d\u00e9cor de diff\u00e9rents l\u00e9gumes. Il ne porte pas de marque mais a sans doute \u00e9t\u00e9 produit par Villeroy et Boch dans les ann\u00e9es 1950. Il est en parfait \u00e9tat. R\u00e9f 22.82<\/p>\n","protected":false},"featured_media":5868,"comment_status":"open","ping_status":"closed","template":"","meta":{"neve_meta_sidebar":"","neve_meta_container":"","neve_meta_enable_content_width":"off","neve_meta_content_width":100,"neve_meta_title_alignment":"","neve_meta_author_avatar":"","neve_post_elements_order":"","neve_meta_disable_header":"","neve_meta_disable_footer":"","neve_meta_disable_title":""},"product_brand":[],"product_cat":[16,165,29],"product_tag":[19,32,28],"class_list":{"0":"post-5865","1":"product","2":"type-product","3":"status-publish","4":"has-post-thumbnail","6":"product_cat-ceramique","7":"product_cat-luxembourg","8":"product_cat-villeroy-boch","9":"product_tag-faience","10":"product_tag-villeroy-et-boch","11":"product_tag-vintage","13":"first","14":"instock","15":"shipping-taxable","16":"purchasable","17":"product-type-simple"},"_links":{"self":[{"href":"https:\/\/legrenierdelatour.be\/brocante\/wp-json\/wp\/v2\/product\/5865","targetHints":{"allow":["GET"]}}],"collection":[{"href":"https:\/\/legrenierdelatour.be\/brocante\/wp-json\/wp\/v2\/product"}],"about":[{"href":"https:\/\/legrenierdelatour.be\/brocante\/wp-json\/wp\/v2\/types\/product"}],"replies":[{"embeddable":true,"href":"https:\/\/legrenierdelatour.be\/brocante\/wp-json\/wp\/v2\/comments?post=5865"}],"wp:featuredmedia":[{"embeddable":true,"href":"https:\/\/legrenierdelatour.be\/brocante\/wp-json\/wp\/v2\/media\/5868"}],"wp:attachment":[{"href":"https:\/\/legrenierdelatour.be\/brocante\/wp-json\/wp\/v2\/media?parent=5865"}],"wp:term":[{"taxonomy":"product_brand","embeddable":true,"href":"https:\/\/legrenierdelatour.be\/brocante\/wp-json\/wp\/v2\/product_brand?post=5865"},{"taxonomy":"product_cat","embeddable":true,"href":"https:\/\/legrenierdelatour.be\/brocante\/wp-json\/wp\/v2\/product_cat?post=5865"},{"taxonomy":"product_tag","embeddable":true,"href":"https:\/\/legrenierdelatour.be\/brocante\/wp-json\/wp\/v2\/product_tag?post=5865"}],"curies":[{"name":"wp","href":"https:\/\/api.w.org\/{rel}","templated":true}]}}