{"id":5861,"date":"2023-08-14T19:58:11","date_gmt":"2023-08-14T17:58:11","guid":{"rendered":"https:\/\/legrenierdelatour.be\/brocante\/?post_type=product&#038;p=5861"},"modified":"2023-08-14T19:58:11","modified_gmt":"2023-08-14T17:58:11","slug":"assiette-vieux-luxembourg-aci-villes-de-luxembourg-1983","status":"publish","type":"product","link":"https:\/\/legrenierdelatour.be\/brocante\/produit\/assiette-vieux-luxembourg-aci-villes-de-luxembourg-1983\/","title":{"rendered":"Assiette Vieux Luxembourg ACI, villes de Luxembourg 1983"},"content":{"rendered":"<p>Belle assiette d\u00e9corative (33 cm de diam\u00e8tre) produite par Villeroy et Boch Luxembourg en 1983, pour le 25 \u00e8 congr\u00e8s internationnal de l\u2019ACI. Cette assiette sur le mod\u00e8le de la collection Vieux Luxembourg, porte la repr\u00e9sentation de b\u00e2timents de diff\u00e9rentes villes de Luxembourg (Echternach, Vianden, \u2026), d\u2019apr\u00e8s un dessin d\u2019un artiste non identifi\u00e9 (signature).<\/p>\n<div>R\u00e9f 22.80<\/div>\n","protected":false},"excerpt":{"rendered":"<p>Belle assiette d\u00e9corative (33 cm de diam\u00e8tre) produite par Villeroy et Boch Luxembourg en 1983, pour le 25 \u00e8 congr\u00e8s internationnal de l\u2019ACI. Cette assiette sur le mod\u00e8le de la collection Vieux Luxembourg, porte la repr\u00e9sentation de b\u00e2timents de diff\u00e9rentes villes de Luxembourg (Echternach, Vianden, \u2026), d\u2019apr\u00e8s un dessin d\u2019un artiste non identifi\u00e9 (signature). R\u00e9f&hellip;&nbsp;<a href=\"https:\/\/legrenierdelatour.be\/brocante\/produit\/assiette-vieux-luxembourg-aci-villes-de-luxembourg-1983\/\" class=\"\" rel=\"bookmark\">Lire la suite &raquo;<span class=\"screen-reader-text\">Assiette Vieux Luxembourg ACI, villes de Luxembourg 1983<\/span><\/a><\/p>\n","protected":false},"featured_media":5862,"comment_status":"open","ping_status":"closed","template":"","meta":{"neve_meta_sidebar":"","neve_meta_container":"","neve_meta_enable_content_width":"off","neve_meta_content_width":100,"neve_meta_title_alignment":"","neve_meta_author_avatar":"","neve_post_elements_order":"","neve_meta_disable_header":"","neve_meta_disable_footer":"","neve_meta_disable_title":""},"product_brand":[],"product_cat":[16,165,30,166,29],"product_tag":[83,32],"class_list":{"0":"post-5861","1":"product","2":"type-product","3":"status-publish","4":"has-post-thumbnail","6":"product_cat-ceramique","7":"product_cat-luxembourg","8":"product_cat-luxemburgensia","9":"product_cat-luxemburgensia-luxemburgensia","10":"product_cat-villeroy-boch","11":"product_tag-luxemburgensia","12":"product_tag-villeroy-et-boch","14":"first","15":"instock","16":"shipping-taxable","17":"purchasable","18":"product-type-simple"},"_links":{"self":[{"href":"https:\/\/legrenierdelatour.be\/brocante\/wp-json\/wp\/v2\/product\/5861","targetHints":{"allow":["GET"]}}],"collection":[{"href":"https:\/\/legrenierdelatour.be\/brocante\/wp-json\/wp\/v2\/product"}],"about":[{"href":"https:\/\/legrenierdelatour.be\/brocante\/wp-json\/wp\/v2\/types\/product"}],"replies":[{"embeddable":true,"href":"https:\/\/legrenierdelatour.be\/brocante\/wp-json\/wp\/v2\/comments?post=5861"}],"wp:featuredmedia":[{"embeddable":true,"href":"https:\/\/legrenierdelatour.be\/brocante\/wp-json\/wp\/v2\/media\/5862"}],"wp:attachment":[{"href":"https:\/\/legrenierdelatour.be\/brocante\/wp-json\/wp\/v2\/media?parent=5861"}],"wp:term":[{"taxonomy":"product_brand","embeddable":true,"href":"https:\/\/legrenierdelatour.be\/brocante\/wp-json\/wp\/v2\/product_brand?post=5861"},{"taxonomy":"product_cat","embeddable":true,"href":"https:\/\/legrenierdelatour.be\/brocante\/wp-json\/wp\/v2\/product_cat?post=5861"},{"taxonomy":"product_tag","embeddable":true,"href":"https:\/\/legrenierdelatour.be\/brocante\/wp-json\/wp\/v2\/product_tag?post=5861"}],"curies":[{"name":"wp","href":"https:\/\/api.w.org\/{rel}","templated":true}]}}