{"id":586,"date":"2022-03-08T18:00:15","date_gmt":"2022-03-08T17:00:15","guid":{"rendered":"https:\/\/legrenierdelatour.be\/brocante\/?post_type=product&#038;p=586"},"modified":"2026-02-17T18:00:33","modified_gmt":"2026-02-17T17:00:33","slug":"verres-a-vin-vmc","status":"publish","type":"product","link":"https:\/\/legrenierdelatour.be\/brocante\/produit\/verres-a-vin-vmc\/","title":{"rendered":"Verres \u00e0 vin VMC"},"content":{"rendered":"<p>Jolis verres \u00e0 vin (11,5 cm haut) et 2 verres jaune de 13 cm de haut, produits dans les ann\u00e9es 1970 par la soci\u00e9t\u00e9 VMC (Verreries M\u00e9caniques Champenoises) cr\u00e9\u00e9e au d\u00e9but du XX\u00e8 si\u00e8cle et active jusque fin des ann\u00e9es 1990. Joliment d\u00e9cor\u00e9s de losanges color\u00e9s (bleus, rouges, jaunes, bordeaux et orange).<\/p>\n<p>Les verres sont vendus \u00e0 la pi\u00e8ce au prix de 3\u20ac.<\/p>\n<p>R\u00e9f 1.123 et 11.49<\/p>\n","protected":false},"excerpt":{"rendered":"<p>Jolis verres \u00e0 vin (11,5 cm haut) et 2 verres jaune de 13 cm de haut, produits dans les ann\u00e9es 1970 par la soci\u00e9t\u00e9 VMC (Verreries M\u00e9caniques Champenoises) cr\u00e9\u00e9e au d\u00e9but du XX\u00e8 si\u00e8cle et active jusque fin des ann\u00e9es 1990. Joliment d\u00e9cor\u00e9s de losanges color\u00e9s (bleus, rouges, jaunes, bordeaux et orange). Les verres sont&hellip;&nbsp;<a href=\"https:\/\/legrenierdelatour.be\/brocante\/produit\/verres-a-vin-vmc\/\" class=\"\" rel=\"bookmark\">Lire la suite &raquo;<span class=\"screen-reader-text\">Verres \u00e0 vin VMC<\/span><\/a><\/p>\n","protected":false},"featured_media":588,"comment_status":"open","ping_status":"closed","template":"","meta":{"neve_meta_sidebar":"","neve_meta_container":"","neve_meta_enable_content_width":"off","neve_meta_content_width":100,"neve_meta_title_alignment":"","neve_meta_author_avatar":"","neve_post_elements_order":"","neve_meta_disable_header":"","neve_meta_disable_footer":"","neve_meta_disable_title":""},"product_brand":[],"product_cat":[172,163,22,118],"product_tag":[28,58],"class_list":{"0":"post-586","1":"product","2":"type-product","3":"status-publish","4":"has-post-thumbnail","6":"product_cat-en-cuisine","7":"product_cat-productions-francaises","8":"product_cat-verrerie","9":"product_cat-vmc","10":"product_tag-vintage","11":"product_tag-vmc","13":"first","14":"instock","15":"shipping-taxable","16":"purchasable","17":"product-type-simple"},"_links":{"self":[{"href":"https:\/\/legrenierdelatour.be\/brocante\/wp-json\/wp\/v2\/product\/586","targetHints":{"allow":["GET"]}}],"collection":[{"href":"https:\/\/legrenierdelatour.be\/brocante\/wp-json\/wp\/v2\/product"}],"about":[{"href":"https:\/\/legrenierdelatour.be\/brocante\/wp-json\/wp\/v2\/types\/product"}],"replies":[{"embeddable":true,"href":"https:\/\/legrenierdelatour.be\/brocante\/wp-json\/wp\/v2\/comments?post=586"}],"wp:featuredmedia":[{"embeddable":true,"href":"https:\/\/legrenierdelatour.be\/brocante\/wp-json\/wp\/v2\/media\/588"}],"wp:attachment":[{"href":"https:\/\/legrenierdelatour.be\/brocante\/wp-json\/wp\/v2\/media?parent=586"}],"wp:term":[{"taxonomy":"product_brand","embeddable":true,"href":"https:\/\/legrenierdelatour.be\/brocante\/wp-json\/wp\/v2\/product_brand?post=586"},{"taxonomy":"product_cat","embeddable":true,"href":"https:\/\/legrenierdelatour.be\/brocante\/wp-json\/wp\/v2\/product_cat?post=586"},{"taxonomy":"product_tag","embeddable":true,"href":"https:\/\/legrenierdelatour.be\/brocante\/wp-json\/wp\/v2\/product_tag?post=586"}],"curies":[{"name":"wp","href":"https:\/\/api.w.org\/{rel}","templated":true}]}}