{"id":5838,"date":"2023-08-13T18:29:54","date_gmt":"2023-08-13T16:29:54","guid":{"rendered":"https:\/\/legrenierdelatour.be\/brocante\/?post_type=product&#038;p=5838"},"modified":"2023-08-16T13:25:01","modified_gmt":"2023-08-16T11:25:01","slug":"assiette-fin-18e-decor-a-la-brindille-attert","status":"publish","type":"product","link":"https:\/\/legrenierdelatour.be\/brocante\/produit\/assiette-fin-18e-decor-a-la-brindille-attert\/","title":{"rendered":"Assiette fin 18\u00e8, d\u00e9cor \u00e0 la brindille, Chantilly"},"content":{"rendered":"<p>Assiette au d\u00e9cor \u00e0 la brindille (24 cm de diam\u00e8tre), \u00e0 bord plat. Elle porte une marque en bleu \u00e0 l\u2019arri\u00e8re, sans doute le cor de chasse, la marque de la fa\u00efencerie de Chantilly.Outre cette marque en bleu, elle porte \u00e9galement une marque similaire grav\u00e9e en creux avant cuisson. Cette assiette, dans un \u00e9tat correct pour son \u00e2ge, date de la fin du 18\u00e8 si\u00e8cle.\u00a0La manufacture de Chantilly active de 1725 \u00e0 1792 a \u00e9t\u00e9 cr\u00e9\u00e9e par le duc de Bourbon; elle reprendra ses activit\u00e9s apr\u00e8s la R\u00e9volution fran\u00e7aise, de mani\u00e8re irr\u00e9guli\u00e8re jusqu\u2019en 1870. Il s\u2019agit de porcelaine tendre, c\u2019est \u00e0 dire sans kaolin, mais se distinguant de la fa\u00efence par son aspect translucide. C\u2019est \u00e0 partir de 1751, que le nouveau directeur Bucquet de Montpellier adopte un nouveau style en cama\u00efeu de bleu, dit \u00ab\u00a0\u00e0 la brindille\u00a0\u00bb, d\u00e9cor pr\u00e9sent sur cette assiette.<\/p>\n<p>22.71<\/p>\n","protected":false},"excerpt":{"rendered":"<p>Assiette au d\u00e9cor \u00e0 la brindille (24 cm de diam\u00e8tre), \u00e0 bord plat. Elle porte une marque en bleu \u00e0 l\u2019arri\u00e8re, sans doute le cor de chasse, la marque de la fa\u00efencerie de Chantilly.Outre cette marque en bleu, elle porte \u00e9galement une marque similaire grav\u00e9e en creux avant cuisson. Cette assiette, dans un \u00e9tat correct&hellip;&nbsp;<a href=\"https:\/\/legrenierdelatour.be\/brocante\/produit\/assiette-fin-18e-decor-a-la-brindille-attert\/\" class=\"\" rel=\"bookmark\">Lire la suite &raquo;<span class=\"screen-reader-text\">Assiette fin 18\u00e8, d\u00e9cor \u00e0 la brindille, Chantilly<\/span><\/a><\/p>\n","protected":false},"featured_media":5834,"comment_status":"open","ping_status":"closed","template":"","meta":{"neve_meta_sidebar":"","neve_meta_container":"","neve_meta_enable_content_width":"off","neve_meta_content_width":100,"neve_meta_title_alignment":"","neve_meta_author_avatar":"","neve_post_elements_order":"","neve_meta_disable_header":"","neve_meta_disable_footer":"","neve_meta_disable_title":""},"product_brand":[],"product_cat":[37,172,16,31],"product_tag":[19,112],"class_list":{"0":"post-5838","1":"product","2":"type-product","3":"status-publish","4":"has-post-thumbnail","6":"product_cat-belgique","7":"product_cat-en-cuisine","8":"product_cat-ceramique","9":"product_cat-pays-darlon","10":"product_tag-faience","11":"product_tag-pays-darlon","13":"first","14":"instock","15":"shipping-taxable","16":"purchasable","17":"product-type-simple"},"_links":{"self":[{"href":"https:\/\/legrenierdelatour.be\/brocante\/wp-json\/wp\/v2\/product\/5838","targetHints":{"allow":["GET"]}}],"collection":[{"href":"https:\/\/legrenierdelatour.be\/brocante\/wp-json\/wp\/v2\/product"}],"about":[{"href":"https:\/\/legrenierdelatour.be\/brocante\/wp-json\/wp\/v2\/types\/product"}],"replies":[{"embeddable":true,"href":"https:\/\/legrenierdelatour.be\/brocante\/wp-json\/wp\/v2\/comments?post=5838"}],"wp:featuredmedia":[{"embeddable":true,"href":"https:\/\/legrenierdelatour.be\/brocante\/wp-json\/wp\/v2\/media\/5834"}],"wp:attachment":[{"href":"https:\/\/legrenierdelatour.be\/brocante\/wp-json\/wp\/v2\/media?parent=5838"}],"wp:term":[{"taxonomy":"product_brand","embeddable":true,"href":"https:\/\/legrenierdelatour.be\/brocante\/wp-json\/wp\/v2\/product_brand?post=5838"},{"taxonomy":"product_cat","embeddable":true,"href":"https:\/\/legrenierdelatour.be\/brocante\/wp-json\/wp\/v2\/product_cat?post=5838"},{"taxonomy":"product_tag","embeddable":true,"href":"https:\/\/legrenierdelatour.be\/brocante\/wp-json\/wp\/v2\/product_tag?post=5838"}],"curies":[{"name":"wp","href":"https:\/\/api.w.org\/{rel}","templated":true}]}}