{"id":5815,"date":"2023-08-12T09:27:45","date_gmt":"2023-08-12T07:27:45","guid":{"rendered":"https:\/\/legrenierdelatour.be\/brocante\/?post_type=product&#038;p=5815"},"modified":"2024-11-09T18:50:52","modified_gmt":"2024-11-09T17:50:52","slug":"aquarelle-dorval-emile-gavroy","status":"publish","type":"product","link":"https:\/\/legrenierdelatour.be\/brocante\/produit\/aquarelle-dorval-emile-gavroy\/","title":{"rendered":"Lavis d&rsquo;Orval, Emile Gavroy"},"content":{"rendered":"<p>Belle oeuvre dans les tons noirs\/gris (62&#215;52 cadre compris), repr\u00e9sentant la Cour de l\u2019Abbaye \u00e0 Orval. Elle a \u00e9t\u00e9 r\u00e9alis\u00e9e au lavis \u00e0 la chicor\u00e9e par Emile Gavroy (1898 Neufchateau &#8211; 1980 Arlon), qui travaillait au Cadastre d\u2019Arlon en tant que g\u00e9om\u00e8tre. Elle est sign\u00e9e et dat\u00e9e de 1944.<\/p>\n<div>R\u00e9f 22.66<\/div>\n","protected":false},"excerpt":{"rendered":"<p>Belle oeuvre dans les tons noirs\/gris (62&#215;52 cadre compris), repr\u00e9sentant la Cour de l\u2019Abbaye \u00e0 Orval. Elle a \u00e9t\u00e9 r\u00e9alis\u00e9e au lavis \u00e0 la chicor\u00e9e par Emile Gavroy (1898 Neufchateau &#8211; 1980 Arlon), qui travaillait au Cadastre d\u2019Arlon en tant que g\u00e9om\u00e8tre. Elle est sign\u00e9e et dat\u00e9e de 1944. R\u00e9f 22.66<\/p>\n","protected":false},"featured_media":5806,"comment_status":"open","ping_status":"closed","template":"","meta":{"neve_meta_sidebar":"","neve_meta_container":"","neve_meta_enable_content_width":"off","neve_meta_content_width":100,"neve_meta_title_alignment":"","neve_meta_author_avatar":"","neve_post_elements_order":"","neve_meta_disable_header":"","neve_meta_disable_footer":"","neve_meta_disable_title":""},"product_brand":[],"product_cat":[30,31,167],"product_tag":[79,112],"class_list":{"0":"post-5815","1":"product","2":"type-product","3":"status-publish","4":"has-post-thumbnail","6":"product_cat-luxemburgensia","7":"product_cat-pays-darlon","8":"product_cat-peintures-et-sculptures","9":"product_tag-art","10":"product_tag-pays-darlon","12":"first","13":"instock","14":"shipping-taxable","15":"purchasable","16":"product-type-simple"},"_links":{"self":[{"href":"https:\/\/legrenierdelatour.be\/brocante\/wp-json\/wp\/v2\/product\/5815","targetHints":{"allow":["GET"]}}],"collection":[{"href":"https:\/\/legrenierdelatour.be\/brocante\/wp-json\/wp\/v2\/product"}],"about":[{"href":"https:\/\/legrenierdelatour.be\/brocante\/wp-json\/wp\/v2\/types\/product"}],"replies":[{"embeddable":true,"href":"https:\/\/legrenierdelatour.be\/brocante\/wp-json\/wp\/v2\/comments?post=5815"}],"wp:featuredmedia":[{"embeddable":true,"href":"https:\/\/legrenierdelatour.be\/brocante\/wp-json\/wp\/v2\/media\/5806"}],"wp:attachment":[{"href":"https:\/\/legrenierdelatour.be\/brocante\/wp-json\/wp\/v2\/media?parent=5815"}],"wp:term":[{"taxonomy":"product_brand","embeddable":true,"href":"https:\/\/legrenierdelatour.be\/brocante\/wp-json\/wp\/v2\/product_brand?post=5815"},{"taxonomy":"product_cat","embeddable":true,"href":"https:\/\/legrenierdelatour.be\/brocante\/wp-json\/wp\/v2\/product_cat?post=5815"},{"taxonomy":"product_tag","embeddable":true,"href":"https:\/\/legrenierdelatour.be\/brocante\/wp-json\/wp\/v2\/product_tag?post=5815"}],"curies":[{"name":"wp","href":"https:\/\/api.w.org\/{rel}","templated":true}]}}