{"id":5814,"date":"2023-08-11T14:40:35","date_gmt":"2023-08-11T12:40:35","guid":{"rendered":"https:\/\/legrenierdelatour.be\/brocante\/?post_type=product&#038;p=5814"},"modified":"2023-08-11T14:40:35","modified_gmt":"2023-08-11T12:40:35","slug":"eau-forte-lesse-la-chapelle-geo-warzee","status":"publish","type":"product","link":"https:\/\/legrenierdelatour.be\/brocante\/produit\/eau-forte-lesse-la-chapelle-geo-warzee\/","title":{"rendered":"Eau-forte, Lesse, La Chapelle, G\u00e9o Warz\u00e9e"},"content":{"rendered":"<p>Eau-forte (53&#215;44 cm avec cadre) de G\u00e9o Warz\u00e9e (1902-1973) un artiste ayant beaucoup s\u00e9journ\u00e9 dans la Vall\u00e9e de la Semois, notamment \u00e0 Vresse. Il est tr\u00e8s connu pour ses gravures et ses eaux-fortes, son professeur \u00e9tant le graveur J. Ochs. Outre son admiration pour celui)ci, il sera \u00e9galement marqu\u00e9 par Albert Raty et le symboliste E.Laermans. Il est le fondateur du cercle culturel hutois Le Cwerneu. Cette eau-forte repr\u00e9sente une chapellepr\u00e8s de la Lesse. Elle est num\u00e9rot\u00e9e 9\/100.<\/p>\n<div>R\u00e9f 22.65<\/div>\n","protected":false},"excerpt":{"rendered":"<p>Eau-forte (53&#215;44 cm avec cadre) de G\u00e9o Warz\u00e9e (1902-1973) un artiste ayant beaucoup s\u00e9journ\u00e9 dans la Vall\u00e9e de la Semois, notamment \u00e0 Vresse. Il est tr\u00e8s connu pour ses gravures et ses eaux-fortes, son professeur \u00e9tant le graveur J. Ochs. Outre son admiration pour celui)ci, il sera \u00e9galement marqu\u00e9 par Albert Raty et le symboliste&hellip;&nbsp;<a href=\"https:\/\/legrenierdelatour.be\/brocante\/produit\/eau-forte-lesse-la-chapelle-geo-warzee\/\" class=\"\" rel=\"bookmark\">Lire la suite &raquo;<span class=\"screen-reader-text\">Eau-forte, Lesse, La Chapelle, G\u00e9o Warz\u00e9e<\/span><\/a><\/p>\n","protected":false},"featured_media":5802,"comment_status":"open","ping_status":"closed","template":"","meta":{"neve_meta_sidebar":"","neve_meta_container":"","neve_meta_enable_content_width":"off","neve_meta_content_width":100,"neve_meta_title_alignment":"","neve_meta_author_avatar":"","neve_post_elements_order":"","neve_meta_disable_header":"","neve_meta_disable_footer":"","neve_meta_disable_title":""},"product_brand":[],"product_cat":[167],"product_tag":[79],"class_list":{"0":"post-5814","1":"product","2":"type-product","3":"status-publish","4":"has-post-thumbnail","6":"product_cat-peintures-et-sculptures","7":"product_tag-art","9":"first","10":"instock","11":"shipping-taxable","12":"purchasable","13":"product-type-simple"},"_links":{"self":[{"href":"https:\/\/legrenierdelatour.be\/brocante\/wp-json\/wp\/v2\/product\/5814","targetHints":{"allow":["GET"]}}],"collection":[{"href":"https:\/\/legrenierdelatour.be\/brocante\/wp-json\/wp\/v2\/product"}],"about":[{"href":"https:\/\/legrenierdelatour.be\/brocante\/wp-json\/wp\/v2\/types\/product"}],"replies":[{"embeddable":true,"href":"https:\/\/legrenierdelatour.be\/brocante\/wp-json\/wp\/v2\/comments?post=5814"}],"wp:featuredmedia":[{"embeddable":true,"href":"https:\/\/legrenierdelatour.be\/brocante\/wp-json\/wp\/v2\/media\/5802"}],"wp:attachment":[{"href":"https:\/\/legrenierdelatour.be\/brocante\/wp-json\/wp\/v2\/media?parent=5814"}],"wp:term":[{"taxonomy":"product_brand","embeddable":true,"href":"https:\/\/legrenierdelatour.be\/brocante\/wp-json\/wp\/v2\/product_brand?post=5814"},{"taxonomy":"product_cat","embeddable":true,"href":"https:\/\/legrenierdelatour.be\/brocante\/wp-json\/wp\/v2\/product_cat?post=5814"},{"taxonomy":"product_tag","embeddable":true,"href":"https:\/\/legrenierdelatour.be\/brocante\/wp-json\/wp\/v2\/product_tag?post=5814"}],"curies":[{"name":"wp","href":"https:\/\/api.w.org\/{rel}","templated":true}]}}