{"id":5777,"date":"2023-08-10T20:25:30","date_gmt":"2023-08-10T18:25:30","guid":{"rendered":"https:\/\/legrenierdelatour.be\/brocante\/?post_type=product&#038;p=5777"},"modified":"2023-10-30T15:17:48","modified_gmt":"2023-10-30T14:17:48","slug":"peinture-de-jules-pirotte-la-semois","status":"publish","type":"product","link":"https:\/\/legrenierdelatour.be\/brocante\/produit\/peinture-de-jules-pirotte-la-semois\/","title":{"rendered":"Peinture de Jules Pirotte, la Semois"},"content":{"rendered":"<p>Belle peinture (60x50cm) de la Semois, r\u00e9alis\u00e9e par Jules Pirotte (Sainte-C\u00e9cile 1922 &#8211; Attert 2009) qui vivait et travaillait \u00e0 Arlon. La peinture est sign\u00e9e, et contre-sign\u00e9e et dat\u00e9e 1993 \u00e0 l\u2019arri\u00e8re.<\/p>\n<div>R\u00e9f 22.47<\/div>\n","protected":false},"excerpt":{"rendered":"<p>Belle peinture (60x50cm) de la Semois, r\u00e9alis\u00e9e par Jules Pirotte (Sainte-C\u00e9cile 1922 &#8211; Attert 2009) qui vivait et travaillait \u00e0 Arlon. La peinture est sign\u00e9e, et contre-sign\u00e9e et dat\u00e9e 1993 \u00e0 l\u2019arri\u00e8re. R\u00e9f 22.47<\/p>\n","protected":false},"featured_media":5764,"comment_status":"open","ping_status":"closed","template":"","meta":{"neve_meta_sidebar":"","neve_meta_container":"","neve_meta_enable_content_width":"off","neve_meta_content_width":100,"neve_meta_title_alignment":"","neve_meta_author_avatar":"","neve_post_elements_order":"","neve_meta_disable_header":"","neve_meta_disable_footer":"","neve_meta_disable_title":""},"product_brand":[],"product_cat":[30,31,167],"product_tag":[79,112],"class_list":{"0":"post-5777","1":"product","2":"type-product","3":"status-publish","4":"has-post-thumbnail","6":"product_cat-luxemburgensia","7":"product_cat-pays-darlon","8":"product_cat-peintures-et-sculptures","9":"product_tag-art","10":"product_tag-pays-darlon","12":"first","13":"instock","14":"shipping-taxable","15":"purchasable","16":"product-type-simple"},"_links":{"self":[{"href":"https:\/\/legrenierdelatour.be\/brocante\/wp-json\/wp\/v2\/product\/5777","targetHints":{"allow":["GET"]}}],"collection":[{"href":"https:\/\/legrenierdelatour.be\/brocante\/wp-json\/wp\/v2\/product"}],"about":[{"href":"https:\/\/legrenierdelatour.be\/brocante\/wp-json\/wp\/v2\/types\/product"}],"replies":[{"embeddable":true,"href":"https:\/\/legrenierdelatour.be\/brocante\/wp-json\/wp\/v2\/comments?post=5777"}],"wp:featuredmedia":[{"embeddable":true,"href":"https:\/\/legrenierdelatour.be\/brocante\/wp-json\/wp\/v2\/media\/5764"}],"wp:attachment":[{"href":"https:\/\/legrenierdelatour.be\/brocante\/wp-json\/wp\/v2\/media?parent=5777"}],"wp:term":[{"taxonomy":"product_brand","embeddable":true,"href":"https:\/\/legrenierdelatour.be\/brocante\/wp-json\/wp\/v2\/product_brand?post=5777"},{"taxonomy":"product_cat","embeddable":true,"href":"https:\/\/legrenierdelatour.be\/brocante\/wp-json\/wp\/v2\/product_cat?post=5777"},{"taxonomy":"product_tag","embeddable":true,"href":"https:\/\/legrenierdelatour.be\/brocante\/wp-json\/wp\/v2\/product_tag?post=5777"}],"curies":[{"name":"wp","href":"https:\/\/api.w.org\/{rel}","templated":true}]}}