{"id":5743,"date":"2023-08-08T15:51:04","date_gmt":"2023-08-08T13:51:04","guid":{"rendered":"https:\/\/legrenierdelatour.be\/brocante\/?post_type=product&#038;p=5743"},"modified":"2023-08-08T15:51:04","modified_gmt":"2023-08-08T13:51:04","slug":"dessin-dune-femme-nue-de-profil-m-schlim","status":"publish","type":"product","link":"https:\/\/legrenierdelatour.be\/brocante\/produit\/dessin-dune-femme-nue-de-profil-m-schlim\/","title":{"rendered":"Dessin d&rsquo;une femme nue de profil, M. Schlim"},"content":{"rendered":"<p>Dessin au crayon (30&#215;45 cm) d\u2019une femme nue, de profil. Elle est sign\u00e9e M. Schlim? L\u2019artiste n\u2019a pas \u00e9t\u00e9 identifi\u00e9.<\/p>\n<div>R\u00e9f 22.41<\/div>\n","protected":false},"excerpt":{"rendered":"<p>Dessin au crayon (30&#215;45 cm) d\u2019une femme nue, de profil. Elle est sign\u00e9e M. Schlim? L\u2019artiste n\u2019a pas \u00e9t\u00e9 identifi\u00e9. R\u00e9f 22.41<\/p>\n","protected":false},"featured_media":5731,"comment_status":"open","ping_status":"closed","template":"","meta":{"neve_meta_sidebar":"","neve_meta_container":"","neve_meta_enable_content_width":"off","neve_meta_content_width":100,"neve_meta_title_alignment":"","neve_meta_author_avatar":"","neve_post_elements_order":"","neve_meta_disable_header":"","neve_meta_disable_footer":"","neve_meta_disable_title":""},"product_brand":[],"product_cat":[30,167],"product_tag":[79],"class_list":{"0":"post-5743","1":"product","2":"type-product","3":"status-publish","4":"has-post-thumbnail","6":"product_cat-luxemburgensia","7":"product_cat-peintures-et-sculptures","8":"product_tag-art","10":"first","11":"instock","12":"shipping-taxable","13":"purchasable","14":"product-type-simple"},"_links":{"self":[{"href":"https:\/\/legrenierdelatour.be\/brocante\/wp-json\/wp\/v2\/product\/5743","targetHints":{"allow":["GET"]}}],"collection":[{"href":"https:\/\/legrenierdelatour.be\/brocante\/wp-json\/wp\/v2\/product"}],"about":[{"href":"https:\/\/legrenierdelatour.be\/brocante\/wp-json\/wp\/v2\/types\/product"}],"replies":[{"embeddable":true,"href":"https:\/\/legrenierdelatour.be\/brocante\/wp-json\/wp\/v2\/comments?post=5743"}],"wp:featuredmedia":[{"embeddable":true,"href":"https:\/\/legrenierdelatour.be\/brocante\/wp-json\/wp\/v2\/media\/5731"}],"wp:attachment":[{"href":"https:\/\/legrenierdelatour.be\/brocante\/wp-json\/wp\/v2\/media?parent=5743"}],"wp:term":[{"taxonomy":"product_brand","embeddable":true,"href":"https:\/\/legrenierdelatour.be\/brocante\/wp-json\/wp\/v2\/product_brand?post=5743"},{"taxonomy":"product_cat","embeddable":true,"href":"https:\/\/legrenierdelatour.be\/brocante\/wp-json\/wp\/v2\/product_cat?post=5743"},{"taxonomy":"product_tag","embeddable":true,"href":"https:\/\/legrenierdelatour.be\/brocante\/wp-json\/wp\/v2\/product_tag?post=5743"}],"curies":[{"name":"wp","href":"https:\/\/api.w.org\/{rel}","templated":true}]}}