{"id":5740,"date":"2023-08-08T15:38:51","date_gmt":"2023-08-08T13:38:51","guid":{"rendered":"https:\/\/legrenierdelatour.be\/brocante\/?post_type=product&#038;p=5740"},"modified":"2023-08-08T15:38:51","modified_gmt":"2023-08-08T13:38:51","slug":"dessin-de-m-schlim-village-de-eischen","status":"publish","type":"product","link":"https:\/\/legrenierdelatour.be\/brocante\/produit\/dessin-de-m-schlim-village-de-eischen\/","title":{"rendered":"Dessin de M. Schlim, village de Eischen"},"content":{"rendered":"<p>Dessin au crayon et \u00e0 l\u2019encre (40&#215;30 cm) du village de Eischen. Elle est sign\u00e9e M. Schlim? L\u2019artiste n\u2019a pas \u00e9t\u00e9 identifi\u00e9.<\/p>\n<div>R\u00e9f 22.38<\/div>\n","protected":false},"excerpt":{"rendered":"<p>Dessin au crayon et \u00e0 l\u2019encre (40&#215;30 cm) du village de Eischen. Elle est sign\u00e9e M. Schlim? L\u2019artiste n\u2019a pas \u00e9t\u00e9 identifi\u00e9. R\u00e9f 22.38<\/p>\n","protected":false},"featured_media":5737,"comment_status":"open","ping_status":"closed","template":"","meta":{"neve_meta_sidebar":"","neve_meta_container":"","neve_meta_enable_content_width":"off","neve_meta_content_width":100,"neve_meta_title_alignment":"","neve_meta_author_avatar":"","neve_post_elements_order":"","neve_meta_disable_header":"","neve_meta_disable_footer":"","neve_meta_disable_title":""},"product_brand":[],"product_cat":[30,166,167],"product_tag":[79,83],"class_list":{"0":"post-5740","1":"product","2":"type-product","3":"status-publish","4":"has-post-thumbnail","6":"product_cat-luxemburgensia","7":"product_cat-luxemburgensia-luxemburgensia","8":"product_cat-peintures-et-sculptures","9":"product_tag-art","10":"product_tag-luxemburgensia","12":"first","13":"instock","14":"shipping-taxable","15":"purchasable","16":"product-type-simple"},"_links":{"self":[{"href":"https:\/\/legrenierdelatour.be\/brocante\/wp-json\/wp\/v2\/product\/5740","targetHints":{"allow":["GET"]}}],"collection":[{"href":"https:\/\/legrenierdelatour.be\/brocante\/wp-json\/wp\/v2\/product"}],"about":[{"href":"https:\/\/legrenierdelatour.be\/brocante\/wp-json\/wp\/v2\/types\/product"}],"replies":[{"embeddable":true,"href":"https:\/\/legrenierdelatour.be\/brocante\/wp-json\/wp\/v2\/comments?post=5740"}],"wp:featuredmedia":[{"embeddable":true,"href":"https:\/\/legrenierdelatour.be\/brocante\/wp-json\/wp\/v2\/media\/5737"}],"wp:attachment":[{"href":"https:\/\/legrenierdelatour.be\/brocante\/wp-json\/wp\/v2\/media?parent=5740"}],"wp:term":[{"taxonomy":"product_brand","embeddable":true,"href":"https:\/\/legrenierdelatour.be\/brocante\/wp-json\/wp\/v2\/product_brand?post=5740"},{"taxonomy":"product_cat","embeddable":true,"href":"https:\/\/legrenierdelatour.be\/brocante\/wp-json\/wp\/v2\/product_cat?post=5740"},{"taxonomy":"product_tag","embeddable":true,"href":"https:\/\/legrenierdelatour.be\/brocante\/wp-json\/wp\/v2\/product_tag?post=5740"}],"curies":[{"name":"wp","href":"https:\/\/api.w.org\/{rel}","templated":true}]}}