{"id":572,"date":"2022-03-07T15:57:02","date_gmt":"2022-03-07T14:57:02","guid":{"rendered":"https:\/\/legrenierdelatour.be\/brocante\/?post_type=product&#038;p=572"},"modified":"2023-02-01T21:14:30","modified_gmt":"2023-02-01T20:14:30","slug":"vase-west-germany-306-29-dummler-breiden","status":"publish","type":"product","link":"https:\/\/legrenierdelatour.be\/brocante\/produit\/vase-west-germany-306-29-dummler-breiden\/","title":{"rendered":"Vase West Germany 306 29 Dumler &#038; Breiden"},"content":{"rendered":"<p>Beau vase mat avec rehauts dor\u00e9s et int\u00e9rieur brillant, produit par la manufacture Dumler et Breiden (1883-?) \u00e0 H\u00f6hr en Allemagne, dans les ann\u00e9es 1970 sans doute.<\/p>\n<p>R\u00e9f 8.28<\/p>\n","protected":false},"excerpt":{"rendered":"<p>Beau vase mat avec rehauts dor\u00e9s et int\u00e9rieur brillant, produit par la manufacture Dumler et Breiden (1883-?) \u00e0 H\u00f6hr en Allemagne, dans les ann\u00e9es 1970 sans doute. R\u00e9f 8.28<\/p>\n","protected":false},"featured_media":547,"comment_status":"open","ping_status":"closed","template":"","meta":{"neve_meta_sidebar":"","neve_meta_container":"","neve_meta_enable_content_width":"off","neve_meta_content_width":100,"neve_meta_title_alignment":"","neve_meta_author_avatar":"","neve_post_elements_order":"","neve_meta_disable_header":"","neve_meta_disable_footer":"","neve_meta_disable_title":""},"product_brand":[],"product_cat":[15,48,169,16,47],"product_tag":[56,19,28,49],"class_list":{"0":"post-572","1":"product","2":"type-product","3":"status-publish","4":"has-post-thumbnail","6":"product_cat-non-classe","7":"product_cat-allemagne","8":"product_cat-dummler-breiden","9":"product_cat-ceramique","10":"product_cat-west-germany","11":"product_tag-dummler-breiden","12":"product_tag-faience","13":"product_tag-vintage","14":"product_tag-west-germany","16":"first","17":"instock","18":"shipping-taxable","19":"purchasable","20":"product-type-simple"},"_links":{"self":[{"href":"https:\/\/legrenierdelatour.be\/brocante\/wp-json\/wp\/v2\/product\/572","targetHints":{"allow":["GET"]}}],"collection":[{"href":"https:\/\/legrenierdelatour.be\/brocante\/wp-json\/wp\/v2\/product"}],"about":[{"href":"https:\/\/legrenierdelatour.be\/brocante\/wp-json\/wp\/v2\/types\/product"}],"replies":[{"embeddable":true,"href":"https:\/\/legrenierdelatour.be\/brocante\/wp-json\/wp\/v2\/comments?post=572"}],"wp:featuredmedia":[{"embeddable":true,"href":"https:\/\/legrenierdelatour.be\/brocante\/wp-json\/wp\/v2\/media\/547"}],"wp:attachment":[{"href":"https:\/\/legrenierdelatour.be\/brocante\/wp-json\/wp\/v2\/media?parent=572"}],"wp:term":[{"taxonomy":"product_brand","embeddable":true,"href":"https:\/\/legrenierdelatour.be\/brocante\/wp-json\/wp\/v2\/product_brand?post=572"},{"taxonomy":"product_cat","embeddable":true,"href":"https:\/\/legrenierdelatour.be\/brocante\/wp-json\/wp\/v2\/product_cat?post=572"},{"taxonomy":"product_tag","embeddable":true,"href":"https:\/\/legrenierdelatour.be\/brocante\/wp-json\/wp\/v2\/product_tag?post=572"}],"curies":[{"name":"wp","href":"https:\/\/api.w.org\/{rel}","templated":true}]}}