{"id":5666,"date":"2023-07-28T15:55:42","date_gmt":"2023-07-28T13:55:42","guid":{"rendered":"https:\/\/legrenierdelatour.be\/brocante\/?post_type=product&#038;p=5666"},"modified":"2023-07-28T15:55:42","modified_gmt":"2023-07-28T13:55:42","slug":"jeu-des-7-familles-verkeierspill-cactus","status":"publish","type":"product","link":"https:\/\/legrenierdelatour.be\/brocante\/produit\/jeu-des-7-familles-verkeierspill-cactus\/","title":{"rendered":"Jeu des 7 familles, Verk\u00e9ierspill Cactus"},"content":{"rendered":"<p>Jeu des 7 familles, bas\u00e9 sur la s\u00e9curit\u00e9 routi\u00e8re, \u00e9dit\u00e9 par les magasins Cactus au Luxembourg, sans doute dans les ann\u00e9es 1990-2000. Le jeu est complet.<\/p>\n<div>R\u00e9f 22.15<\/div>\n","protected":false},"excerpt":{"rendered":"<p>Jeu des 7 familles, bas\u00e9 sur la s\u00e9curit\u00e9 routi\u00e8re, \u00e9dit\u00e9 par les magasins Cactus au Luxembourg, sans doute dans les ann\u00e9es 1990-2000. Le jeu est complet. R\u00e9f 22.15<\/p>\n","protected":false},"featured_media":5667,"comment_status":"open","ping_status":"closed","template":"","meta":{"neve_meta_sidebar":"","neve_meta_container":"","neve_meta_enable_content_width":"off","neve_meta_content_width":100,"neve_meta_title_alignment":"","neve_meta_author_avatar":"","neve_post_elements_order":"","neve_meta_disable_header":"","neve_meta_disable_footer":"","neve_meta_disable_title":""},"product_brand":[],"product_cat":[171,30,166],"product_tag":[120,83],"class_list":{"0":"post-5666","1":"product","2":"type-product","3":"status-publish","4":"has-post-thumbnail","6":"product_cat-jeux-et-jardin","7":"product_cat-luxemburgensia","8":"product_cat-luxemburgensia-luxemburgensia","9":"product_tag-jeu","10":"product_tag-luxemburgensia","12":"first","13":"instock","14":"shipping-taxable","15":"purchasable","16":"product-type-simple"},"_links":{"self":[{"href":"https:\/\/legrenierdelatour.be\/brocante\/wp-json\/wp\/v2\/product\/5666","targetHints":{"allow":["GET"]}}],"collection":[{"href":"https:\/\/legrenierdelatour.be\/brocante\/wp-json\/wp\/v2\/product"}],"about":[{"href":"https:\/\/legrenierdelatour.be\/brocante\/wp-json\/wp\/v2\/types\/product"}],"replies":[{"embeddable":true,"href":"https:\/\/legrenierdelatour.be\/brocante\/wp-json\/wp\/v2\/comments?post=5666"}],"wp:featuredmedia":[{"embeddable":true,"href":"https:\/\/legrenierdelatour.be\/brocante\/wp-json\/wp\/v2\/media\/5667"}],"wp:attachment":[{"href":"https:\/\/legrenierdelatour.be\/brocante\/wp-json\/wp\/v2\/media?parent=5666"}],"wp:term":[{"taxonomy":"product_brand","embeddable":true,"href":"https:\/\/legrenierdelatour.be\/brocante\/wp-json\/wp\/v2\/product_brand?post=5666"},{"taxonomy":"product_cat","embeddable":true,"href":"https:\/\/legrenierdelatour.be\/brocante\/wp-json\/wp\/v2\/product_cat?post=5666"},{"taxonomy":"product_tag","embeddable":true,"href":"https:\/\/legrenierdelatour.be\/brocante\/wp-json\/wp\/v2\/product_tag?post=5666"}],"curies":[{"name":"wp","href":"https:\/\/api.w.org\/{rel}","templated":true}]}}