{"id":566,"date":"2022-03-07T15:31:15","date_gmt":"2022-03-07T14:31:15","guid":{"rendered":"https:\/\/legrenierdelatour.be\/brocante\/?post_type=product&#038;p=566"},"modified":"2022-03-12T17:17:27","modified_gmt":"2022-03-12T16:17:27","slug":"vase-west-germany-534-38-bay","status":"publish","type":"product","link":"https:\/\/legrenierdelatour.be\/brocante\/produit\/vase-west-germany-534-38-bay\/","title":{"rendered":"Vase West Germany 534-38 Bay"},"content":{"rendered":"<p>Grand vase produit par Bay Keramik sans doute dans les ann\u00e9es 1950-60, de forme \u00ab\u00a0534\u00a0\u00bb et de hauteur 38 cm. Bon \u00e9tat si ce n&rsquo;est un petit coup sur le pied. La r\u00e9f\u00e9rence 8.3 a le m\u00eame d\u00e9cor.<\/p>\n<p>R\u00e9f 8.4<\/p>\n","protected":false},"excerpt":{"rendered":"<p>Grand vase produit par Bay Keramik sans doute dans les ann\u00e9es 1950-60, de forme \u00ab\u00a0534\u00a0\u00bb et de hauteur 38 cm. Bon \u00e9tat si ce n&rsquo;est un petit coup sur le pied. La r\u00e9f\u00e9rence 8.3 a le m\u00eame d\u00e9cor. R\u00e9f 8.4<\/p>\n","protected":false},"featured_media":529,"comment_status":"open","ping_status":"closed","template":"","meta":{"neve_meta_sidebar":"","neve_meta_container":"","neve_meta_enable_content_width":"off","neve_meta_content_width":100,"neve_meta_title_alignment":"","neve_meta_author_avatar":"","neve_post_elements_order":"","neve_meta_disable_header":"","neve_meta_disable_footer":"","neve_meta_disable_title":""},"product_brand":[],"product_cat":[15,48,53,16,47],"product_tag":[51,19,49],"class_list":{"0":"post-566","1":"product","2":"type-product","3":"status-publish","4":"has-post-thumbnail","6":"product_cat-non-classe","7":"product_cat-allemagne","8":"product_cat-bay","9":"product_cat-ceramique","10":"product_cat-west-germany","11":"product_tag-bay","12":"product_tag-faience","13":"product_tag-west-germany","15":"first","16":"instock","17":"shipping-taxable","18":"purchasable","19":"product-type-simple"},"_links":{"self":[{"href":"https:\/\/legrenierdelatour.be\/brocante\/wp-json\/wp\/v2\/product\/566","targetHints":{"allow":["GET"]}}],"collection":[{"href":"https:\/\/legrenierdelatour.be\/brocante\/wp-json\/wp\/v2\/product"}],"about":[{"href":"https:\/\/legrenierdelatour.be\/brocante\/wp-json\/wp\/v2\/types\/product"}],"replies":[{"embeddable":true,"href":"https:\/\/legrenierdelatour.be\/brocante\/wp-json\/wp\/v2\/comments?post=566"}],"wp:featuredmedia":[{"embeddable":true,"href":"https:\/\/legrenierdelatour.be\/brocante\/wp-json\/wp\/v2\/media\/529"}],"wp:attachment":[{"href":"https:\/\/legrenierdelatour.be\/brocante\/wp-json\/wp\/v2\/media?parent=566"}],"wp:term":[{"taxonomy":"product_brand","embeddable":true,"href":"https:\/\/legrenierdelatour.be\/brocante\/wp-json\/wp\/v2\/product_brand?post=566"},{"taxonomy":"product_cat","embeddable":true,"href":"https:\/\/legrenierdelatour.be\/brocante\/wp-json\/wp\/v2\/product_cat?post=566"},{"taxonomy":"product_tag","embeddable":true,"href":"https:\/\/legrenierdelatour.be\/brocante\/wp-json\/wp\/v2\/product_tag?post=566"}],"curies":[{"name":"wp","href":"https:\/\/api.w.org\/{rel}","templated":true}]}}