{"id":5652,"date":"2023-07-27T16:05:06","date_gmt":"2023-07-27T14:05:06","guid":{"rendered":"https:\/\/legrenierdelatour.be\/brocante\/?post_type=product&#038;p=5652"},"modified":"2023-07-27T16:05:06","modified_gmt":"2023-07-27T14:05:06","slug":"bouteille-75cl-de-la-brasserie-pierrard-freres-a-mellier","status":"publish","type":"product","link":"https:\/\/legrenierdelatour.be\/brocante\/produit\/bouteille-75cl-de-la-brasserie-pierrard-freres-a-mellier\/","title":{"rendered":"Bouteille 75cl de la Brasserie Pierrard Fr\u00e8res \u00e0 Mellier"},"content":{"rendered":"<p>Bouteille de 75cl de la brasserie Pierrard Fr\u00e8res \u00e0 Mellier. En 1872, Florentin et Constant de Cousteumont ach\u00e8tent une brasserie \u00e0 la famille Dewez, originaires de Mellier. L\u2019activit\u00e9 prend de l\u2019expansion et culmine en 1914. Le dernier brassin dera fait en janvier 1969. Le culot de la bouteille porte les inscriptions \u00ab\u00a0CB2\u00a0\u00bb \u00ab\u00a01556\u00a0\u00bb \u00ab\u00a050210\u00a0\u00bb.<\/p>\n<div>R\u00e9f 22.09<\/div>\n","protected":false},"excerpt":{"rendered":"<p>Bouteille de 75cl de la brasserie Pierrard Fr\u00e8res \u00e0 Mellier. En 1872, Florentin et Constant de Cousteumont ach\u00e8tent une brasserie \u00e0 la famille Dewez, originaires de Mellier. L\u2019activit\u00e9 prend de l\u2019expansion et culmine en 1914. Le dernier brassin dera fait en janvier 1969. Le culot de la bouteille porte les inscriptions \u00ab\u00a0CB2\u00a0\u00bb \u00ab\u00a01556\u00a0\u00bb \u00ab\u00a050210\u00a0\u00bb. R\u00e9f&hellip;&nbsp;<a href=\"https:\/\/legrenierdelatour.be\/brocante\/produit\/bouteille-75cl-de-la-brasserie-pierrard-freres-a-mellier\/\" class=\"\" rel=\"bookmark\">Lire la suite &raquo;<span class=\"screen-reader-text\">Bouteille 75cl de la Brasserie Pierrard Fr\u00e8res \u00e0 Mellier<\/span><\/a><\/p>\n","protected":false},"featured_media":5653,"comment_status":"open","ping_status":"closed","template":"","meta":{"neve_meta_sidebar":"","neve_meta_container":"","neve_meta_enable_content_width":"off","neve_meta_content_width":100,"neve_meta_title_alignment":"","neve_meta_author_avatar":"","neve_post_elements_order":"","neve_meta_disable_header":"","neve_meta_disable_footer":"","neve_meta_disable_title":""},"product_brand":[],"product_cat":[30,173,31],"product_tag":[112],"class_list":{"0":"post-5652","1":"product","2":"type-product","3":"status-publish","4":"has-post-thumbnail","6":"product_cat-luxemburgensia","7":"product_cat-objets-de-publicite","8":"product_cat-pays-darlon","9":"product_tag-pays-darlon","11":"first","12":"instock","13":"shipping-taxable","14":"purchasable","15":"product-type-simple"},"_links":{"self":[{"href":"https:\/\/legrenierdelatour.be\/brocante\/wp-json\/wp\/v2\/product\/5652","targetHints":{"allow":["GET"]}}],"collection":[{"href":"https:\/\/legrenierdelatour.be\/brocante\/wp-json\/wp\/v2\/product"}],"about":[{"href":"https:\/\/legrenierdelatour.be\/brocante\/wp-json\/wp\/v2\/types\/product"}],"replies":[{"embeddable":true,"href":"https:\/\/legrenierdelatour.be\/brocante\/wp-json\/wp\/v2\/comments?post=5652"}],"wp:featuredmedia":[{"embeddable":true,"href":"https:\/\/legrenierdelatour.be\/brocante\/wp-json\/wp\/v2\/media\/5653"}],"wp:attachment":[{"href":"https:\/\/legrenierdelatour.be\/brocante\/wp-json\/wp\/v2\/media?parent=5652"}],"wp:term":[{"taxonomy":"product_brand","embeddable":true,"href":"https:\/\/legrenierdelatour.be\/brocante\/wp-json\/wp\/v2\/product_brand?post=5652"},{"taxonomy":"product_cat","embeddable":true,"href":"https:\/\/legrenierdelatour.be\/brocante\/wp-json\/wp\/v2\/product_cat?post=5652"},{"taxonomy":"product_tag","embeddable":true,"href":"https:\/\/legrenierdelatour.be\/brocante\/wp-json\/wp\/v2\/product_tag?post=5652"}],"curies":[{"name":"wp","href":"https:\/\/api.w.org\/{rel}","templated":true}]}}