{"id":5651,"date":"2023-07-26T15:27:22","date_gmt":"2023-07-26T13:27:22","guid":{"rendered":"https:\/\/legrenierdelatour.be\/brocante\/?post_type=product&#038;p=5651"},"modified":"2023-07-26T15:27:22","modified_gmt":"2023-07-26T13:27:22","slug":"peinture-a-lhuile-1976-paysage-dasie-3","status":"publish","type":"product","link":"https:\/\/legrenierdelatour.be\/brocante\/produit\/peinture-a-lhuile-1976-paysage-dasie-3\/","title":{"rendered":"Peinture \u00e0 l&rsquo;huile, 1976, Paysage d&rsquo;Asie"},"content":{"rendered":"<p>Belle peinture \u00e0 l\u2019huile (18&#215;13 cm hors cadre) repr\u00e9sentant un paysage asiatique. Elle est sign\u00e9e ?Manuel Salolo? et dat\u00e9e 1976. Le peintre n\u2019a pas pu \u00eatre identifi\u00e9. La peinture est de tr\u00e8s belle facture et en tr\u00e8s bon \u00e9tat.<\/p>\n<div>R\u00e9f 22.07<\/div>\n","protected":false},"excerpt":{"rendered":"<p>Belle peinture \u00e0 l\u2019huile (18&#215;13 cm hors cadre) repr\u00e9sentant un paysage asiatique. Elle est sign\u00e9e ?Manuel Salolo? et dat\u00e9e 1976. Le peintre n\u2019a pas pu \u00eatre identifi\u00e9. La peinture est de tr\u00e8s belle facture et en tr\u00e8s bon \u00e9tat. R\u00e9f 22.07<\/p>\n","protected":false},"featured_media":5646,"comment_status":"open","ping_status":"closed","template":"","meta":{"neve_meta_sidebar":"","neve_meta_container":"","neve_meta_enable_content_width":"off","neve_meta_content_width":100,"neve_meta_title_alignment":"","neve_meta_author_avatar":"","neve_post_elements_order":"","neve_meta_disable_header":"","neve_meta_disable_footer":"","neve_meta_disable_title":""},"product_brand":[],"product_cat":[167],"product_tag":[79],"class_list":{"0":"post-5651","1":"product","2":"type-product","3":"status-publish","4":"has-post-thumbnail","6":"product_cat-peintures-et-sculptures","7":"product_tag-art","9":"first","10":"instock","11":"shipping-taxable","12":"purchasable","13":"product-type-simple"},"_links":{"self":[{"href":"https:\/\/legrenierdelatour.be\/brocante\/wp-json\/wp\/v2\/product\/5651","targetHints":{"allow":["GET"]}}],"collection":[{"href":"https:\/\/legrenierdelatour.be\/brocante\/wp-json\/wp\/v2\/product"}],"about":[{"href":"https:\/\/legrenierdelatour.be\/brocante\/wp-json\/wp\/v2\/types\/product"}],"replies":[{"embeddable":true,"href":"https:\/\/legrenierdelatour.be\/brocante\/wp-json\/wp\/v2\/comments?post=5651"}],"wp:featuredmedia":[{"embeddable":true,"href":"https:\/\/legrenierdelatour.be\/brocante\/wp-json\/wp\/v2\/media\/5646"}],"wp:attachment":[{"href":"https:\/\/legrenierdelatour.be\/brocante\/wp-json\/wp\/v2\/media?parent=5651"}],"wp:term":[{"taxonomy":"product_brand","embeddable":true,"href":"https:\/\/legrenierdelatour.be\/brocante\/wp-json\/wp\/v2\/product_brand?post=5651"},{"taxonomy":"product_cat","embeddable":true,"href":"https:\/\/legrenierdelatour.be\/brocante\/wp-json\/wp\/v2\/product_cat?post=5651"},{"taxonomy":"product_tag","embeddable":true,"href":"https:\/\/legrenierdelatour.be\/brocante\/wp-json\/wp\/v2\/product_tag?post=5651"}],"curies":[{"name":"wp","href":"https:\/\/api.w.org\/{rel}","templated":true}]}}