{"id":5619,"date":"2023-07-26T14:32:50","date_gmt":"2023-07-26T12:32:50","guid":{"rendered":"https:\/\/legrenierdelatour.be\/brocante\/?post_type=product&#038;p=5619"},"modified":"2023-07-26T14:32:50","modified_gmt":"2023-07-26T12:32:50","slug":"bonbonniere-oscar-schaller-bavaria","status":"publish","type":"product","link":"https:\/\/legrenierdelatour.be\/brocante\/produit\/bonbonniere-oscar-schaller-bavaria\/","title":{"rendered":"Bonbonni\u00e8re Oscar Schaller Bavaria"},"content":{"rendered":"<p>Bonbonni\u00e8re en porcelaine de Bavi\u00e8re (13,5 cm de diam\u00e8tre) avec dessins g\u00e9om\u00e9triques et dorure. Cette bonbonni\u00e8re est issue de la manufacture Oscar Schaller \u00e0 Winterling. Elle est en tr\u00e8s bon \u00e9tat et date sans doute des ann\u00e9es 1950.<\/p>\n<div>R\u00e9f 21.100<\/div>\n","protected":false},"excerpt":{"rendered":"<p>Bonbonni\u00e8re en porcelaine de Bavi\u00e8re (13,5 cm de diam\u00e8tre) avec dessins g\u00e9om\u00e9triques et dorure. Cette bonbonni\u00e8re est issue de la manufacture Oscar Schaller \u00e0 Winterling. Elle est en tr\u00e8s bon \u00e9tat et date sans doute des ann\u00e9es 1950. R\u00e9f 21.100<\/p>\n","protected":false},"featured_media":5620,"comment_status":"open","ping_status":"closed","template":"","meta":{"neve_meta_sidebar":"","neve_meta_container":"","neve_meta_enable_content_width":"off","neve_meta_content_width":100,"neve_meta_title_alignment":"","neve_meta_author_avatar":"","neve_post_elements_order":"","neve_meta_disable_header":"","neve_meta_disable_footer":"","neve_meta_disable_title":""},"product_brand":[],"product_cat":[48,168,172,16],"product_tag":[154],"class_list":{"0":"post-5619","1":"product","2":"type-product","3":"status-publish","4":"has-post-thumbnail","6":"product_cat-allemagne","7":"product_cat-bavaria","8":"product_cat-en-cuisine","9":"product_cat-ceramique","10":"product_tag-bavaria","12":"first","13":"instock","14":"shipping-taxable","15":"purchasable","16":"product-type-simple"},"_links":{"self":[{"href":"https:\/\/legrenierdelatour.be\/brocante\/wp-json\/wp\/v2\/product\/5619","targetHints":{"allow":["GET"]}}],"collection":[{"href":"https:\/\/legrenierdelatour.be\/brocante\/wp-json\/wp\/v2\/product"}],"about":[{"href":"https:\/\/legrenierdelatour.be\/brocante\/wp-json\/wp\/v2\/types\/product"}],"replies":[{"embeddable":true,"href":"https:\/\/legrenierdelatour.be\/brocante\/wp-json\/wp\/v2\/comments?post=5619"}],"wp:featuredmedia":[{"embeddable":true,"href":"https:\/\/legrenierdelatour.be\/brocante\/wp-json\/wp\/v2\/media\/5620"}],"wp:attachment":[{"href":"https:\/\/legrenierdelatour.be\/brocante\/wp-json\/wp\/v2\/media?parent=5619"}],"wp:term":[{"taxonomy":"product_brand","embeddable":true,"href":"https:\/\/legrenierdelatour.be\/brocante\/wp-json\/wp\/v2\/product_brand?post=5619"},{"taxonomy":"product_cat","embeddable":true,"href":"https:\/\/legrenierdelatour.be\/brocante\/wp-json\/wp\/v2\/product_cat?post=5619"},{"taxonomy":"product_tag","embeddable":true,"href":"https:\/\/legrenierdelatour.be\/brocante\/wp-json\/wp\/v2\/product_tag?post=5619"}],"curies":[{"name":"wp","href":"https:\/\/api.w.org\/{rel}","templated":true}]}}