{"id":5616,"date":"2023-07-26T14:14:19","date_gmt":"2023-07-26T12:14:19","guid":{"rendered":"https:\/\/legrenierdelatour.be\/brocante\/?post_type=product&#038;p=5616"},"modified":"2023-07-26T14:14:20","modified_gmt":"2023-07-26T12:14:20","slug":"medaillon-en-faience-ville-de-liege-1422","status":"publish","type":"product","link":"https:\/\/legrenierdelatour.be\/brocante\/produit\/medaillon-en-faience-ville-de-liege-1422\/","title":{"rendered":"M\u00e9daillon en fa\u00efence Ville de Li\u00e8ge 1422"},"content":{"rendered":"<p>M\u00e9daillon en fa\u00efence (9 cm de diam\u00e8tre) portant la mention 11745 \u00e0 l\u2019arri\u00e8re (ainsi qu\u2019une \u00e9tiquette \u00ab\u00a0n\u00b011745 Ville de Li\u00e8ge (1422). Il repr\u00e9sente sans doute le Prince de li\u00e8ge sur son tr\u00f4ne et une devise difficile \u00e0 lire.<\/p>\n<div>R\u00e9f 21.99<\/div>\n","protected":false},"excerpt":{"rendered":"<p>M\u00e9daillon en fa\u00efence (9 cm de diam\u00e8tre) portant la mention 11745 \u00e0 l\u2019arri\u00e8re (ainsi qu\u2019une \u00e9tiquette \u00ab\u00a0n\u00b011745 Ville de Li\u00e8ge (1422). Il repr\u00e9sente sans doute le Prince de li\u00e8ge sur son tr\u00f4ne et une devise difficile \u00e0 lire. R\u00e9f 21.99<\/p>\n","protected":false},"featured_media":5617,"comment_status":"open","ping_status":"closed","template":"","meta":{"neve_meta_sidebar":"","neve_meta_container":"","neve_meta_enable_content_width":"off","neve_meta_content_width":100,"neve_meta_title_alignment":"","neve_meta_author_avatar":"","neve_post_elements_order":"","neve_meta_disable_header":"","neve_meta_disable_footer":"","neve_meta_disable_title":""},"product_brand":[],"product_cat":[37,16],"product_tag":[40],"class_list":{"0":"post-5616","1":"product","2":"type-product","3":"status-publish","4":"has-post-thumbnail","6":"product_cat-belgique","7":"product_cat-ceramique","8":"product_tag-belgique","10":"first","11":"instock","12":"shipping-taxable","13":"purchasable","14":"product-type-simple"},"_links":{"self":[{"href":"https:\/\/legrenierdelatour.be\/brocante\/wp-json\/wp\/v2\/product\/5616","targetHints":{"allow":["GET"]}}],"collection":[{"href":"https:\/\/legrenierdelatour.be\/brocante\/wp-json\/wp\/v2\/product"}],"about":[{"href":"https:\/\/legrenierdelatour.be\/brocante\/wp-json\/wp\/v2\/types\/product"}],"replies":[{"embeddable":true,"href":"https:\/\/legrenierdelatour.be\/brocante\/wp-json\/wp\/v2\/comments?post=5616"}],"wp:featuredmedia":[{"embeddable":true,"href":"https:\/\/legrenierdelatour.be\/brocante\/wp-json\/wp\/v2\/media\/5617"}],"wp:attachment":[{"href":"https:\/\/legrenierdelatour.be\/brocante\/wp-json\/wp\/v2\/media?parent=5616"}],"wp:term":[{"taxonomy":"product_brand","embeddable":true,"href":"https:\/\/legrenierdelatour.be\/brocante\/wp-json\/wp\/v2\/product_brand?post=5616"},{"taxonomy":"product_cat","embeddable":true,"href":"https:\/\/legrenierdelatour.be\/brocante\/wp-json\/wp\/v2\/product_cat?post=5616"},{"taxonomy":"product_tag","embeddable":true,"href":"https:\/\/legrenierdelatour.be\/brocante\/wp-json\/wp\/v2\/product_tag?post=5616"}],"curies":[{"name":"wp","href":"https:\/\/api.w.org\/{rel}","templated":true}]}}