{"id":5588,"date":"2023-07-26T09:48:08","date_gmt":"2023-07-26T07:48:08","guid":{"rendered":"https:\/\/legrenierdelatour.be\/brocante\/?post_type=product&#038;p=5588"},"modified":"2023-07-26T09:48:09","modified_gmt":"2023-07-26T07:48:09","slug":"vase-en-gres-echternach-biron-w","status":"publish","type":"product","link":"https:\/\/legrenierdelatour.be\/brocante\/produit\/vase-en-gres-echternach-biron-w\/","title":{"rendered":"Vase en gr\u00e8s, Echternach, Biron W."},"content":{"rendered":"<p>Petit vase en gr\u00e8s (12 cm de haut) portant un \u00e9cusson Echternach sur sa panse. Il est sign\u00e9 Biron W (Biron Willy d\u00e9c\u00e9d\u00e9 en 1980) et provinet de la manufacture Biron \u00e0 Ch\u00e2telet (Charleroi). Il est en parfait \u00e9tat et et porte, \u00e9galement grav\u00e9 dessous, le num\u00e9ro 21.<\/p>\n<div>R\u00e9f 21.89<\/div>\n","protected":false},"excerpt":{"rendered":"<p>Petit vase en gr\u00e8s (12 cm de haut) portant un \u00e9cusson Echternach sur sa panse. Il est sign\u00e9 Biron W (Biron Willy d\u00e9c\u00e9d\u00e9 en 1980) et provinet de la manufacture Biron \u00e0 Ch\u00e2telet (Charleroi). Il est en parfait \u00e9tat et et porte, \u00e9galement grav\u00e9 dessous, le num\u00e9ro 21. R\u00e9f 21.89<\/p>\n","protected":false},"featured_media":5589,"comment_status":"open","ping_status":"closed","template":"","meta":{"neve_meta_sidebar":"","neve_meta_container":"","neve_meta_enable_content_width":"off","neve_meta_content_width":100,"neve_meta_title_alignment":"","neve_meta_author_avatar":"","neve_post_elements_order":"","neve_meta_disable_header":"","neve_meta_disable_footer":"","neve_meta_disable_title":""},"product_brand":[],"product_cat":[37,202,16,30,166],"product_tag":[40,113,83],"class_list":{"0":"post-5588","1":"product","2":"type-product","3":"status-publish","4":"has-post-thumbnail","6":"product_cat-belgique","7":"product_cat-bouffioulx","8":"product_cat-ceramique","9":"product_cat-luxemburgensia","10":"product_cat-luxemburgensia-luxemburgensia","11":"product_tag-belgique","12":"product_tag-gres","13":"product_tag-luxemburgensia","15":"first","16":"instock","17":"shipping-taxable","18":"purchasable","19":"product-type-simple"},"_links":{"self":[{"href":"https:\/\/legrenierdelatour.be\/brocante\/wp-json\/wp\/v2\/product\/5588","targetHints":{"allow":["GET"]}}],"collection":[{"href":"https:\/\/legrenierdelatour.be\/brocante\/wp-json\/wp\/v2\/product"}],"about":[{"href":"https:\/\/legrenierdelatour.be\/brocante\/wp-json\/wp\/v2\/types\/product"}],"replies":[{"embeddable":true,"href":"https:\/\/legrenierdelatour.be\/brocante\/wp-json\/wp\/v2\/comments?post=5588"}],"wp:featuredmedia":[{"embeddable":true,"href":"https:\/\/legrenierdelatour.be\/brocante\/wp-json\/wp\/v2\/media\/5589"}],"wp:attachment":[{"href":"https:\/\/legrenierdelatour.be\/brocante\/wp-json\/wp\/v2\/media?parent=5588"}],"wp:term":[{"taxonomy":"product_brand","embeddable":true,"href":"https:\/\/legrenierdelatour.be\/brocante\/wp-json\/wp\/v2\/product_brand?post=5588"},{"taxonomy":"product_cat","embeddable":true,"href":"https:\/\/legrenierdelatour.be\/brocante\/wp-json\/wp\/v2\/product_cat?post=5588"},{"taxonomy":"product_tag","embeddable":true,"href":"https:\/\/legrenierdelatour.be\/brocante\/wp-json\/wp\/v2\/product_tag?post=5588"}],"curies":[{"name":"wp","href":"https:\/\/api.w.org\/{rel}","templated":true}]}}