{"id":5584,"date":"2023-07-24T09:33:48","date_gmt":"2023-07-24T07:33:48","guid":{"rendered":"https:\/\/legrenierdelatour.be\/brocante\/?post_type=product&#038;p=5584"},"modified":"2023-07-24T09:37:26","modified_gmt":"2023-07-24T07:37:26","slug":"piece-mudam-luxembourg-bill-woodrow-2006","status":"publish","type":"product","link":"https:\/\/legrenierdelatour.be\/brocante\/produit\/piece-mudam-luxembourg-bill-woodrow-2006\/","title":{"rendered":"Pi\u00e8ce MUDAM Luxembourg, Bill Woodrow, 2006"},"content":{"rendered":"<p>Pi\u00e8ce en cuivre (25,52 mm de diam\u00e8tre) provenant d\u2019une oeuvre d\u2019art\u00a0<span style=\"color: #000000; font-family: Source Sans Pro, sans-serif, Mongolian Baiti, serif;\">\u00ab\u00a0Pont life\u00a0\u00bb, une oeuvre d&rsquo;art de Bill Woodrow, expos\u00e9e en 2006 au MUDAM \u00e0 Luxembourg-ville. \u00a0Bill Woodrow a mis en place un syst\u00e8me d&rsquo;\u00e9change permettant au visiteur d&#8217;emporter cette pi\u00e8ce qui fait partie int\u00e9grante de son oeuvre. Le visiteur est ainsi remerci\u00e9 et r\u00e9compens\u00e9 pour sa visite au mus\u00e9e. A l\u2019aver, une l<\/span>\u00e9gende circulante en anglais, dans le champ deux grenouilles copulantes \u00ab\u00a0<span style=\"color: #000000; font-family: Source Sans Pro, sans-serif, Mongolian Baiti, serif;\">WITHOUT YOU THE MUSEUM DOES NOT EXIST\u00a0\u00bb<\/span><b>.<\/b>\u00a0Et au\u00a0<span style=\"color: #000000; font-family: Source Sans Pro, sans-serif, Mongolian Baiti, serif;\">revers, le c<\/span>ontour du pays entour\u00e9 par la l\u00e9gende circulaire en luxembourgeois \u00ab\u00a0<span style=\"color: #000000; font-family: Source Sans Pro, sans-serif, Mongolian Baiti, serif;\">OUNI IECH GETT ET DE MUSEE NET\u00a0\u00bb. Cette pi\u00e8ce tr\u00e8s rare et faisant partie int\u00e9grante d\u2019une oeuvre d\u2019art est vendue \u00e0 l\u2019unit\u00e9 au prix de 15\u20ac. Deux exemplaires disponibles. <\/span><\/p>\n<p><span style=\"color: #000000; font-family: Source Sans Pro, sans-serif, Mongolian Baiti, serif;\">Bill Woodrow est un sculpteur britannique (Henley on Thames 1948) devenu c\u00e9l\u00e8bre dans les ann\u00e9es 1980. Il appartient au mouvement de la Nouvelle Sculpture anglaise, comme Tony Cragg, Richard Deacon, Anish Kapoor et Anthony Gormley.<\/span><\/p>\n<p>R\u00e9f 21.89<\/p>\n","protected":false},"excerpt":{"rendered":"<p>Pi\u00e8ce en cuivre (25,52 mm de diam\u00e8tre) provenant d\u2019une oeuvre d\u2019art\u00a0\u00ab\u00a0Pont life\u00a0\u00bb, une oeuvre d&rsquo;art de Bill Woodrow, expos\u00e9e en 2006 au MUDAM \u00e0 Luxembourg-ville. \u00a0Bill Woodrow a mis en place un syst\u00e8me d&rsquo;\u00e9change permettant au visiteur d&#8217;emporter cette pi\u00e8ce qui fait partie int\u00e9grante de son oeuvre. Le visiteur est ainsi remerci\u00e9 et r\u00e9compens\u00e9 pour&hellip;&nbsp;<a href=\"https:\/\/legrenierdelatour.be\/brocante\/produit\/piece-mudam-luxembourg-bill-woodrow-2006\/\" class=\"\" rel=\"bookmark\">Lire la suite &raquo;<span class=\"screen-reader-text\">Pi\u00e8ce MUDAM Luxembourg, Bill Woodrow, 2006<\/span><\/a><\/p>\n","protected":false},"featured_media":5587,"comment_status":"open","ping_status":"closed","template":"","meta":{"neve_meta_sidebar":"","neve_meta_container":"","neve_meta_enable_content_width":"off","neve_meta_content_width":100,"neve_meta_title_alignment":"","neve_meta_author_avatar":"","neve_post_elements_order":"","neve_meta_disable_header":"","neve_meta_disable_footer":"","neve_meta_disable_title":""},"product_brand":[],"product_cat":[15,109,161],"product_tag":[79],"class_list":{"0":"post-5584","1":"product","2":"type-product","3":"status-publish","4":"has-post-thumbnail","6":"product_cat-non-classe","7":"product_cat-metal","8":"product_cat-les-collections","9":"product_tag-art","11":"first","12":"instock","13":"shipping-taxable","14":"purchasable","15":"product-type-simple"},"_links":{"self":[{"href":"https:\/\/legrenierdelatour.be\/brocante\/wp-json\/wp\/v2\/product\/5584","targetHints":{"allow":["GET"]}}],"collection":[{"href":"https:\/\/legrenierdelatour.be\/brocante\/wp-json\/wp\/v2\/product"}],"about":[{"href":"https:\/\/legrenierdelatour.be\/brocante\/wp-json\/wp\/v2\/types\/product"}],"replies":[{"embeddable":true,"href":"https:\/\/legrenierdelatour.be\/brocante\/wp-json\/wp\/v2\/comments?post=5584"}],"wp:featuredmedia":[{"embeddable":true,"href":"https:\/\/legrenierdelatour.be\/brocante\/wp-json\/wp\/v2\/media\/5587"}],"wp:attachment":[{"href":"https:\/\/legrenierdelatour.be\/brocante\/wp-json\/wp\/v2\/media?parent=5584"}],"wp:term":[{"taxonomy":"product_brand","embeddable":true,"href":"https:\/\/legrenierdelatour.be\/brocante\/wp-json\/wp\/v2\/product_brand?post=5584"},{"taxonomy":"product_cat","embeddable":true,"href":"https:\/\/legrenierdelatour.be\/brocante\/wp-json\/wp\/v2\/product_cat?post=5584"},{"taxonomy":"product_tag","embeddable":true,"href":"https:\/\/legrenierdelatour.be\/brocante\/wp-json\/wp\/v2\/product_tag?post=5584"}],"curies":[{"name":"wp","href":"https:\/\/api.w.org\/{rel}","templated":true}]}}