{"id":5580,"date":"2023-07-22T18:58:56","date_gmt":"2023-07-22T16:58:56","guid":{"rendered":"https:\/\/legrenierdelatour.be\/brocante\/?post_type=product&#038;p=5580"},"modified":"2024-07-19T13:15:50","modified_gmt":"2024-07-19T11:15:50","slug":"dessin-les-trois-tours-a-luxembourg-paul-bas","status":"publish","type":"product","link":"https:\/\/legrenierdelatour.be\/brocante\/produit\/dessin-les-trois-tours-a-luxembourg-paul-bas\/","title":{"rendered":"Dessin Les trois Tours \u00e0 Luxembourg, Paul Badu"},"content":{"rendered":"<p>Dessin (32&#215;26 cm cadre compris) repr\u00e9sentant les Trois Tours (13\u00e8-14\u00e8 si\u00e8cles) \u00e0 Luxembourg. Ce dessin tr\u00e8s bien ex\u00e9cut\u00e9 est sign\u00e9 Paul Badu et est en tr\u00e8s bon \u00e9tat et date sans doute de la fin du 20\u00e8 si\u00e8cle.\u00a0Paul Badu est un artiste n\u00e9 \u00e0 Johnstown en Pennsylvanie en 1911. Autodidacte, cet artiste ind\u00e9pendant, portraitiste, est d\u00e9c\u00e9d\u00e9e en 1981.<\/p>\n<div>R\u00e9f 21.87<\/div>\n","protected":false},"excerpt":{"rendered":"<p>Dessin (32&#215;26 cm cadre compris) repr\u00e9sentant les Trois Tours (13\u00e8-14\u00e8 si\u00e8cles) \u00e0 Luxembourg. Ce dessin tr\u00e8s bien ex\u00e9cut\u00e9 est sign\u00e9 Paul Badu et est en tr\u00e8s bon \u00e9tat et date sans doute de la fin du 20\u00e8 si\u00e8cle.\u00a0Paul Badu est un artiste n\u00e9 \u00e0 Johnstown en Pennsylvanie en 1911. Autodidacte, cet artiste ind\u00e9pendant, portraitiste, est&hellip;&nbsp;<a href=\"https:\/\/legrenierdelatour.be\/brocante\/produit\/dessin-les-trois-tours-a-luxembourg-paul-bas\/\" class=\"\" rel=\"bookmark\">Lire la suite &raquo;<span class=\"screen-reader-text\">Dessin Les trois Tours \u00e0 Luxembourg, Paul Badu<\/span><\/a><\/p>\n","protected":false},"featured_media":5581,"comment_status":"open","ping_status":"closed","template":"","meta":{"neve_meta_sidebar":"","neve_meta_container":"","neve_meta_enable_content_width":"off","neve_meta_content_width":100,"neve_meta_title_alignment":"","neve_meta_author_avatar":"","neve_post_elements_order":"","neve_meta_disable_header":"","neve_meta_disable_footer":"","neve_meta_disable_title":""},"product_brand":[],"product_cat":[30,166,167],"product_tag":[79,83],"class_list":{"0":"post-5580","1":"product","2":"type-product","3":"status-publish","4":"has-post-thumbnail","6":"product_cat-luxemburgensia","7":"product_cat-luxemburgensia-luxemburgensia","8":"product_cat-peintures-et-sculptures","9":"product_tag-art","10":"product_tag-luxemburgensia","12":"first","13":"instock","14":"shipping-taxable","15":"purchasable","16":"product-type-simple"},"_links":{"self":[{"href":"https:\/\/legrenierdelatour.be\/brocante\/wp-json\/wp\/v2\/product\/5580","targetHints":{"allow":["GET"]}}],"collection":[{"href":"https:\/\/legrenierdelatour.be\/brocante\/wp-json\/wp\/v2\/product"}],"about":[{"href":"https:\/\/legrenierdelatour.be\/brocante\/wp-json\/wp\/v2\/types\/product"}],"replies":[{"embeddable":true,"href":"https:\/\/legrenierdelatour.be\/brocante\/wp-json\/wp\/v2\/comments?post=5580"}],"wp:featuredmedia":[{"embeddable":true,"href":"https:\/\/legrenierdelatour.be\/brocante\/wp-json\/wp\/v2\/media\/5581"}],"wp:attachment":[{"href":"https:\/\/legrenierdelatour.be\/brocante\/wp-json\/wp\/v2\/media?parent=5580"}],"wp:term":[{"taxonomy":"product_brand","embeddable":true,"href":"https:\/\/legrenierdelatour.be\/brocante\/wp-json\/wp\/v2\/product_brand?post=5580"},{"taxonomy":"product_cat","embeddable":true,"href":"https:\/\/legrenierdelatour.be\/brocante\/wp-json\/wp\/v2\/product_cat?post=5580"},{"taxonomy":"product_tag","embeddable":true,"href":"https:\/\/legrenierdelatour.be\/brocante\/wp-json\/wp\/v2\/product_tag?post=5580"}],"curies":[{"name":"wp","href":"https:\/\/api.w.org\/{rel}","templated":true}]}}