{"id":5576,"date":"2023-07-22T18:43:23","date_gmt":"2023-07-22T16:43:23","guid":{"rendered":"https:\/\/legrenierdelatour.be\/brocante\/?post_type=product&#038;p=5576"},"modified":"2023-07-22T18:43:23","modified_gmt":"2023-07-22T16:43:23","slug":"serigraphie-abstraite-claude-georges","status":"publish","type":"product","link":"https:\/\/legrenierdelatour.be\/brocante\/produit\/serigraphie-abstraite-claude-georges\/","title":{"rendered":"S\u00e9rigraphie abstraite, Claude Georges"},"content":{"rendered":"<p>S\u00e9rigraphie (56&#215;40 cm) sur papier v\u00e9lin, sign\u00e9e Cl Georges et num\u00e9rot\u00e9e 57\/100. Cette s\u00e9rigraphie est sans doute le fruit du travail de Claude Georges (1929 Fumay F-1988 Toulouse), un peintre et graphiste fran\u00e7ais, ayant essentiellement travaill\u00e9 l&rsquo;abstraction. Il a r\u00e9cu une reconnaissance internationale d\u00e8s les ann\u00e9es 1950-60. Cette s\u00e9rigraphie a des traces de piq\u00fbres sur une partie de sa surface.<\/p>\n<div>R\u00e9f 21.86<\/div>\n","protected":false},"excerpt":{"rendered":"<p>S\u00e9rigraphie (56&#215;40 cm) sur papier v\u00e9lin, sign\u00e9e Cl Georges et num\u00e9rot\u00e9e 57\/100. Cette s\u00e9rigraphie est sans doute le fruit du travail de Claude Georges (1929 Fumay F-1988 Toulouse), un peintre et graphiste fran\u00e7ais, ayant essentiellement travaill\u00e9 l&rsquo;abstraction. Il a r\u00e9cu une reconnaissance internationale d\u00e8s les ann\u00e9es 1950-60. Cette s\u00e9rigraphie a des traces de piq\u00fbres sur&hellip;&nbsp;<a href=\"https:\/\/legrenierdelatour.be\/brocante\/produit\/serigraphie-abstraite-claude-georges\/\" class=\"\" rel=\"bookmark\">Lire la suite &raquo;<span class=\"screen-reader-text\">S\u00e9rigraphie abstraite, Claude Georges<\/span><\/a><\/p>\n","protected":false},"featured_media":5577,"comment_status":"open","ping_status":"closed","template":"","meta":{"neve_meta_sidebar":"","neve_meta_container":"","neve_meta_enable_content_width":"off","neve_meta_content_width":100,"neve_meta_title_alignment":"","neve_meta_author_avatar":"","neve_post_elements_order":"","neve_meta_disable_header":"","neve_meta_disable_footer":"","neve_meta_disable_title":""},"product_brand":[],"product_cat":[167],"product_tag":[79],"class_list":{"0":"post-5576","1":"product","2":"type-product","3":"status-publish","4":"has-post-thumbnail","6":"product_cat-peintures-et-sculptures","7":"product_tag-art","9":"first","10":"instock","11":"shipping-taxable","12":"purchasable","13":"product-type-simple"},"_links":{"self":[{"href":"https:\/\/legrenierdelatour.be\/brocante\/wp-json\/wp\/v2\/product\/5576","targetHints":{"allow":["GET"]}}],"collection":[{"href":"https:\/\/legrenierdelatour.be\/brocante\/wp-json\/wp\/v2\/product"}],"about":[{"href":"https:\/\/legrenierdelatour.be\/brocante\/wp-json\/wp\/v2\/types\/product"}],"replies":[{"embeddable":true,"href":"https:\/\/legrenierdelatour.be\/brocante\/wp-json\/wp\/v2\/comments?post=5576"}],"wp:featuredmedia":[{"embeddable":true,"href":"https:\/\/legrenierdelatour.be\/brocante\/wp-json\/wp\/v2\/media\/5577"}],"wp:attachment":[{"href":"https:\/\/legrenierdelatour.be\/brocante\/wp-json\/wp\/v2\/media?parent=5576"}],"wp:term":[{"taxonomy":"product_brand","embeddable":true,"href":"https:\/\/legrenierdelatour.be\/brocante\/wp-json\/wp\/v2\/product_brand?post=5576"},{"taxonomy":"product_cat","embeddable":true,"href":"https:\/\/legrenierdelatour.be\/brocante\/wp-json\/wp\/v2\/product_cat?post=5576"},{"taxonomy":"product_tag","embeddable":true,"href":"https:\/\/legrenierdelatour.be\/brocante\/wp-json\/wp\/v2\/product_tag?post=5576"}],"curies":[{"name":"wp","href":"https:\/\/api.w.org\/{rel}","templated":true}]}}