{"id":5572,"date":"2023-07-22T18:14:29","date_gmt":"2023-07-22T16:14:29","guid":{"rendered":"https:\/\/legrenierdelatour.be\/brocante\/?post_type=product&#038;p=5572"},"modified":"2023-07-22T18:14:30","modified_gmt":"2023-07-22T16:14:30","slug":"tableau-carrelages-vierge-a-lenfant-1964","status":"publish","type":"product","link":"https:\/\/legrenierdelatour.be\/brocante\/produit\/tableau-carrelages-vierge-a-lenfant-1964\/","title":{"rendered":"Tableau-carrelages Vierge \u00e0 l&rsquo;Enfant, 1964"},"content":{"rendered":"<p>Tableau compos\u00e9 de 3 carrelages carr\u00e9s (15 cm de c\u00f4t\u00e9), avec une repr\u00e9senation en blanc de la Vierge \u00e0 l\u2019Enfant. Ce tableau sign\u00e9 \u00ab\u00a0RIH 64\u2019\u00a0\u00bb date de 1964. Il est en bon \u00e9tat g\u00e9n\u00e9ral et a un syst\u00e8me d&rsquo;attache au dos.<\/p>\n<div>R\u00e9f 21.85<\/div>\n","protected":false},"excerpt":{"rendered":"<p>Tableau compos\u00e9 de 3 carrelages carr\u00e9s (15 cm de c\u00f4t\u00e9), avec une repr\u00e9senation en blanc de la Vierge \u00e0 l\u2019Enfant. Ce tableau sign\u00e9 \u00ab\u00a0RIH 64\u2019\u00a0\u00bb date de 1964. Il est en bon \u00e9tat g\u00e9n\u00e9ral et a un syst\u00e8me d&rsquo;attache au dos. R\u00e9f 21.85<\/p>\n","protected":false},"featured_media":5573,"comment_status":"open","ping_status":"closed","template":"","meta":{"neve_meta_sidebar":"","neve_meta_container":"","neve_meta_enable_content_width":"off","neve_meta_content_width":100,"neve_meta_title_alignment":"","neve_meta_author_avatar":"","neve_post_elements_order":"","neve_meta_disable_header":"","neve_meta_disable_footer":"","neve_meta_disable_title":""},"product_brand":[],"product_cat":[48,16,34],"product_tag":[35,28],"class_list":{"0":"post-5572","1":"product","2":"type-product","3":"status-publish","4":"has-post-thumbnail","6":"product_cat-allemagne","7":"product_cat-ceramique","8":"product_cat-religiosa","9":"product_tag-religion","10":"product_tag-vintage","12":"first","13":"instock","14":"shipping-taxable","15":"purchasable","16":"product-type-simple"},"_links":{"self":[{"href":"https:\/\/legrenierdelatour.be\/brocante\/wp-json\/wp\/v2\/product\/5572","targetHints":{"allow":["GET"]}}],"collection":[{"href":"https:\/\/legrenierdelatour.be\/brocante\/wp-json\/wp\/v2\/product"}],"about":[{"href":"https:\/\/legrenierdelatour.be\/brocante\/wp-json\/wp\/v2\/types\/product"}],"replies":[{"embeddable":true,"href":"https:\/\/legrenierdelatour.be\/brocante\/wp-json\/wp\/v2\/comments?post=5572"}],"wp:featuredmedia":[{"embeddable":true,"href":"https:\/\/legrenierdelatour.be\/brocante\/wp-json\/wp\/v2\/media\/5573"}],"wp:attachment":[{"href":"https:\/\/legrenierdelatour.be\/brocante\/wp-json\/wp\/v2\/media?parent=5572"}],"wp:term":[{"taxonomy":"product_brand","embeddable":true,"href":"https:\/\/legrenierdelatour.be\/brocante\/wp-json\/wp\/v2\/product_brand?post=5572"},{"taxonomy":"product_cat","embeddable":true,"href":"https:\/\/legrenierdelatour.be\/brocante\/wp-json\/wp\/v2\/product_cat?post=5572"},{"taxonomy":"product_tag","embeddable":true,"href":"https:\/\/legrenierdelatour.be\/brocante\/wp-json\/wp\/v2\/product_tag?post=5572"}],"curies":[{"name":"wp","href":"https:\/\/api.w.org\/{rel}","templated":true}]}}