{"id":5531,"date":"2023-07-18T15:42:09","date_gmt":"2023-07-18T13:42:09","guid":{"rendered":"https:\/\/legrenierdelatour.be\/brocante\/?post_type=product&#038;p=5531"},"modified":"2023-07-18T15:42:10","modified_gmt":"2023-07-18T13:42:10","slug":"vase-wachtersbach-peking","status":"publish","type":"product","link":"https:\/\/legrenierdelatour.be\/brocante\/produit\/vase-wachtersbach-peking\/","title":{"rendered":"Vase W\u00e4chtersbach Peking"},"content":{"rendered":"<p>Vase (19,5 cm de haut) issu de la manufacture W\u00e4chtersbach en Allemagne de l\u2019ouest. Il est pouvu du d\u00e9cor Peking et est en parfait \u00e9tat.<\/p>\n<div>Deux exemplaires disponibles.<\/div>\n<div>R\u00e9f 21.70<\/div>\n","protected":false},"excerpt":{"rendered":"<p>Vase (19,5 cm de haut) issu de la manufacture W\u00e4chtersbach en Allemagne de l\u2019ouest. Il est pouvu du d\u00e9cor Peking et est en parfait \u00e9tat. Deux exemplaires disponibles. R\u00e9f 21.70<\/p>\n","protected":false},"featured_media":5532,"comment_status":"open","ping_status":"closed","template":"","meta":{"neve_meta_sidebar":"","neve_meta_container":"","neve_meta_enable_content_width":"off","neve_meta_content_width":100,"neve_meta_title_alignment":"","neve_meta_author_avatar":"","neve_post_elements_order":"","neve_meta_disable_header":"","neve_meta_disable_footer":"","neve_meta_disable_title":""},"product_brand":[],"product_cat":[48,16,47],"product_tag":[28,49],"class_list":{"0":"post-5531","1":"product","2":"type-product","3":"status-publish","4":"has-post-thumbnail","6":"product_cat-allemagne","7":"product_cat-ceramique","8":"product_cat-west-germany","9":"product_tag-vintage","10":"product_tag-west-germany","12":"first","13":"instock","14":"shipping-taxable","15":"purchasable","16":"product-type-simple"},"_links":{"self":[{"href":"https:\/\/legrenierdelatour.be\/brocante\/wp-json\/wp\/v2\/product\/5531","targetHints":{"allow":["GET"]}}],"collection":[{"href":"https:\/\/legrenierdelatour.be\/brocante\/wp-json\/wp\/v2\/product"}],"about":[{"href":"https:\/\/legrenierdelatour.be\/brocante\/wp-json\/wp\/v2\/types\/product"}],"replies":[{"embeddable":true,"href":"https:\/\/legrenierdelatour.be\/brocante\/wp-json\/wp\/v2\/comments?post=5531"}],"wp:featuredmedia":[{"embeddable":true,"href":"https:\/\/legrenierdelatour.be\/brocante\/wp-json\/wp\/v2\/media\/5532"}],"wp:attachment":[{"href":"https:\/\/legrenierdelatour.be\/brocante\/wp-json\/wp\/v2\/media?parent=5531"}],"wp:term":[{"taxonomy":"product_brand","embeddable":true,"href":"https:\/\/legrenierdelatour.be\/brocante\/wp-json\/wp\/v2\/product_brand?post=5531"},{"taxonomy":"product_cat","embeddable":true,"href":"https:\/\/legrenierdelatour.be\/brocante\/wp-json\/wp\/v2\/product_cat?post=5531"},{"taxonomy":"product_tag","embeddable":true,"href":"https:\/\/legrenierdelatour.be\/brocante\/wp-json\/wp\/v2\/product_tag?post=5531"}],"curies":[{"name":"wp","href":"https:\/\/api.w.org\/{rel}","templated":true}]}}