{"id":5509,"date":"2023-07-18T14:21:32","date_gmt":"2023-07-18T12:21:32","guid":{"rendered":"https:\/\/legrenierdelatour.be\/brocante\/?post_type=product&#038;p=5509"},"modified":"2023-07-18T14:21:32","modified_gmt":"2023-07-18T12:21:32","slug":"vase-en-gres-emaille-style-bouffioulx","status":"publish","type":"product","link":"https:\/\/legrenierdelatour.be\/brocante\/produit\/vase-en-gres-emaille-style-bouffioulx\/","title":{"rendered":"Vase en gr\u00e8s \u00e9maill\u00e9, style Bouffioulx"},"content":{"rendered":"<p>Beau vase en gr\u00e8s \u00e9maill\u00e9 (15 cm de haut) dans le style de Bouffioulx (Belgique), peut-\u00eatre Roger Gu\u00e9rin ou un vase fran\u00e7ais de la m\u00eame \u00e9poque. Ce vase n\u2019est pas sign\u00e9, maispourte la marque grav\u00e9e Y (?). Il est en parfait \u00e9tat et date san doute de la premi\u00e8re moiti\u00e9 du 20\u00e8 si\u00e8cle.<\/p>\n<div>R\u00e9f 21.65<\/div>\n","protected":false},"excerpt":{"rendered":"<p>Beau vase en gr\u00e8s \u00e9maill\u00e9 (15 cm de haut) dans le style de Bouffioulx (Belgique), peut-\u00eatre Roger Gu\u00e9rin ou un vase fran\u00e7ais de la m\u00eame \u00e9poque. Ce vase n\u2019est pas sign\u00e9, maispourte la marque grav\u00e9e Y (?). Il est en parfait \u00e9tat et date san doute de la premi\u00e8re moiti\u00e9 du 20\u00e8 si\u00e8cle. R\u00e9f 21.65<\/p>\n","protected":false},"featured_media":5510,"comment_status":"open","ping_status":"closed","template":"","meta":{"neve_meta_sidebar":"","neve_meta_container":"","neve_meta_enable_content_width":"off","neve_meta_content_width":100,"neve_meta_title_alignment":"","neve_meta_author_avatar":"","neve_post_elements_order":"","neve_meta_disable_header":"","neve_meta_disable_footer":"","neve_meta_disable_title":""},"product_brand":[],"product_cat":[202,16],"product_tag":[40,113],"class_list":{"0":"post-5509","1":"product","2":"type-product","3":"status-publish","4":"has-post-thumbnail","6":"product_cat-bouffioulx","7":"product_cat-ceramique","8":"product_tag-belgique","9":"product_tag-gres","11":"first","12":"instock","13":"shipping-taxable","14":"purchasable","15":"product-type-simple"},"_links":{"self":[{"href":"https:\/\/legrenierdelatour.be\/brocante\/wp-json\/wp\/v2\/product\/5509","targetHints":{"allow":["GET"]}}],"collection":[{"href":"https:\/\/legrenierdelatour.be\/brocante\/wp-json\/wp\/v2\/product"}],"about":[{"href":"https:\/\/legrenierdelatour.be\/brocante\/wp-json\/wp\/v2\/types\/product"}],"replies":[{"embeddable":true,"href":"https:\/\/legrenierdelatour.be\/brocante\/wp-json\/wp\/v2\/comments?post=5509"}],"wp:featuredmedia":[{"embeddable":true,"href":"https:\/\/legrenierdelatour.be\/brocante\/wp-json\/wp\/v2\/media\/5510"}],"wp:attachment":[{"href":"https:\/\/legrenierdelatour.be\/brocante\/wp-json\/wp\/v2\/media?parent=5509"}],"wp:term":[{"taxonomy":"product_brand","embeddable":true,"href":"https:\/\/legrenierdelatour.be\/brocante\/wp-json\/wp\/v2\/product_brand?post=5509"},{"taxonomy":"product_cat","embeddable":true,"href":"https:\/\/legrenierdelatour.be\/brocante\/wp-json\/wp\/v2\/product_cat?post=5509"},{"taxonomy":"product_tag","embeddable":true,"href":"https:\/\/legrenierdelatour.be\/brocante\/wp-json\/wp\/v2\/product_tag?post=5509"}],"curies":[{"name":"wp","href":"https:\/\/api.w.org\/{rel}","templated":true}]}}