{"id":5503,"date":"2023-07-16T18:14:55","date_gmt":"2023-07-16T16:14:55","guid":{"rendered":"https:\/\/legrenierdelatour.be\/brocante\/?post_type=product&#038;p=5503"},"modified":"2023-07-16T18:15:10","modified_gmt":"2023-07-16T16:15:10","slug":"cendrier-en-faience-de-thulin-687","status":"publish","type":"product","link":"https:\/\/legrenierdelatour.be\/brocante\/produit\/cendrier-en-faience-de-thulin-687\/","title":{"rendered":"Cendrier en fa\u00efence de Thulin, 687"},"content":{"rendered":"<p>Petit cendrier de forme losange irr\u00e9gulier (7&#215;9 cm), en fa\u00efence \u00e9maill\u00e9e, issu probablement de la manufacture de Thulin en Belgique ( fond\u00e9e en 1887 par Victor Ducobu-Decaudin &#8211; 1973) , sans doute dans les ann\u00e9es 1950. Il est de forme 687 et est en parfait \u00e9tat de conservation.<\/p>\n<div>R\u00e9f 21.62<\/div>\n","protected":false},"excerpt":{"rendered":"<p>Petit cendrier de forme losange irr\u00e9gulier (7&#215;9 cm), en fa\u00efence \u00e9maill\u00e9e, issu probablement de la manufacture de Thulin en Belgique ( fond\u00e9e en 1887 par Victor Ducobu-Decaudin &#8211; 1973) , sans doute dans les ann\u00e9es 1950. Il est de forme 687 et est en parfait \u00e9tat de conservation. R\u00e9f 21.62<\/p>\n","protected":false},"featured_media":5504,"comment_status":"open","ping_status":"closed","template":"","meta":{"neve_meta_sidebar":"","neve_meta_container":"","neve_meta_enable_content_width":"off","neve_meta_content_width":100,"neve_meta_title_alignment":"","neve_meta_author_avatar":"","neve_post_elements_order":"","neve_meta_disable_header":"","neve_meta_disable_footer":"","neve_meta_disable_title":""},"product_brand":[],"product_cat":[37,183,16,177],"product_tag":[21,121,46],"class_list":{"0":"post-5503","1":"product","2":"type-product","3":"status-publish","4":"has-post-thumbnail","6":"product_cat-belgique","7":"product_cat-bureau-et-fumoir","8":"product_cat-ceramique","9":"product_cat-thulin","10":"product_tag-art-deco","11":"product_tag-fumoir","12":"product_tag-thulin","14":"first","15":"instock","16":"shipping-taxable","17":"purchasable","18":"product-type-simple"},"_links":{"self":[{"href":"https:\/\/legrenierdelatour.be\/brocante\/wp-json\/wp\/v2\/product\/5503","targetHints":{"allow":["GET"]}}],"collection":[{"href":"https:\/\/legrenierdelatour.be\/brocante\/wp-json\/wp\/v2\/product"}],"about":[{"href":"https:\/\/legrenierdelatour.be\/brocante\/wp-json\/wp\/v2\/types\/product"}],"replies":[{"embeddable":true,"href":"https:\/\/legrenierdelatour.be\/brocante\/wp-json\/wp\/v2\/comments?post=5503"}],"wp:featuredmedia":[{"embeddable":true,"href":"https:\/\/legrenierdelatour.be\/brocante\/wp-json\/wp\/v2\/media\/5504"}],"wp:attachment":[{"href":"https:\/\/legrenierdelatour.be\/brocante\/wp-json\/wp\/v2\/media?parent=5503"}],"wp:term":[{"taxonomy":"product_brand","embeddable":true,"href":"https:\/\/legrenierdelatour.be\/brocante\/wp-json\/wp\/v2\/product_brand?post=5503"},{"taxonomy":"product_cat","embeddable":true,"href":"https:\/\/legrenierdelatour.be\/brocante\/wp-json\/wp\/v2\/product_cat?post=5503"},{"taxonomy":"product_tag","embeddable":true,"href":"https:\/\/legrenierdelatour.be\/brocante\/wp-json\/wp\/v2\/product_tag?post=5503"}],"curies":[{"name":"wp","href":"https:\/\/api.w.org\/{rel}","templated":true}]}}