{"id":5483,"date":"2023-07-16T16:52:01","date_gmt":"2023-07-16T14:52:01","guid":{"rendered":"https:\/\/legrenierdelatour.be\/brocante\/?post_type=product&#038;p=5483"},"modified":"2023-07-16T16:52:02","modified_gmt":"2023-07-16T14:52:02","slug":"boite-coeur-en-paille-1950","status":"publish","type":"product","link":"https:\/\/legrenierdelatour.be\/brocante\/produit\/boite-coeur-en-paille-1950\/","title":{"rendered":"Bo\u00eete coeur en paille, 1950"},"content":{"rendered":"<p>Bo\u00eete en forme de coeur (16&#215;12 cm) r\u00e9alis\u00e9e artisanalement en paille, sans doute dans les ann\u00e9es 1950. L\u2019int\u00e9rieur est tapisse de pages de livre reprenant des po\u00e8me de la deuxi\u00e8me guerre mondiale, en Allemand.<\/p>\n<div>R\u00e9f 21.54<\/div>\n","protected":false},"excerpt":{"rendered":"<p>Bo\u00eete en forme de coeur (16&#215;12 cm) r\u00e9alis\u00e9e artisanalement en paille, sans doute dans les ann\u00e9es 1950. L\u2019int\u00e9rieur est tapisse de pages de livre reprenant des po\u00e8me de la deuxi\u00e8me guerre mondiale, en Allemand. R\u00e9f 21.54<\/p>\n","protected":false},"featured_media":5486,"comment_status":"open","ping_status":"closed","template":"","meta":{"neve_meta_sidebar":"","neve_meta_container":"","neve_meta_enable_content_width":"off","neve_meta_content_width":100,"neve_meta_title_alignment":"","neve_meta_author_avatar":"","neve_post_elements_order":"","neve_meta_disable_header":"","neve_meta_disable_footer":"","neve_meta_disable_title":""},"product_brand":[],"product_cat":[34],"product_tag":[],"class_list":{"0":"post-5483","1":"product","2":"type-product","3":"status-publish","4":"has-post-thumbnail","6":"product_cat-religiosa","8":"first","9":"instock","10":"shipping-taxable","11":"purchasable","12":"product-type-simple"},"_links":{"self":[{"href":"https:\/\/legrenierdelatour.be\/brocante\/wp-json\/wp\/v2\/product\/5483","targetHints":{"allow":["GET"]}}],"collection":[{"href":"https:\/\/legrenierdelatour.be\/brocante\/wp-json\/wp\/v2\/product"}],"about":[{"href":"https:\/\/legrenierdelatour.be\/brocante\/wp-json\/wp\/v2\/types\/product"}],"replies":[{"embeddable":true,"href":"https:\/\/legrenierdelatour.be\/brocante\/wp-json\/wp\/v2\/comments?post=5483"}],"wp:featuredmedia":[{"embeddable":true,"href":"https:\/\/legrenierdelatour.be\/brocante\/wp-json\/wp\/v2\/media\/5486"}],"wp:attachment":[{"href":"https:\/\/legrenierdelatour.be\/brocante\/wp-json\/wp\/v2\/media?parent=5483"}],"wp:term":[{"taxonomy":"product_brand","embeddable":true,"href":"https:\/\/legrenierdelatour.be\/brocante\/wp-json\/wp\/v2\/product_brand?post=5483"},{"taxonomy":"product_cat","embeddable":true,"href":"https:\/\/legrenierdelatour.be\/brocante\/wp-json\/wp\/v2\/product_cat?post=5483"},{"taxonomy":"product_tag","embeddable":true,"href":"https:\/\/legrenierdelatour.be\/brocante\/wp-json\/wp\/v2\/product_tag?post=5483"}],"curies":[{"name":"wp","href":"https:\/\/api.w.org\/{rel}","templated":true}]}}