{"id":5463,"date":"2023-07-16T16:17:05","date_gmt":"2023-07-16T14:17:05","guid":{"rendered":"https:\/\/legrenierdelatour.be\/brocante\/?post_type=product&#038;p=5463"},"modified":"2023-07-16T16:17:06","modified_gmt":"2023-07-16T14:17:06","slug":"plat-en-verre-fume-val-saint-lambert","status":"publish","type":"product","link":"https:\/\/legrenierdelatour.be\/brocante\/produit\/plat-en-verre-fume-val-saint-lambert\/","title":{"rendered":"Plat en verre fum\u00e9, Val Saint Lambert"},"content":{"rendered":"<p>Plat en verre fut (23 cm de diam\u00e8tre) issu de la manufacture Val Saint Lambert, dans les ann\u00e9es 1940-1950. R\u00e9alis\u00e9 en verre moul\u00e9 press\u00e9, il est en parfait \u00e9tat.<\/p>\n<div>R\u00e9f 21.47<\/div>\n","protected":false},"excerpt":{"rendered":"<p>Plat en verre fut (23 cm de diam\u00e8tre) issu de la manufacture Val Saint Lambert, dans les ann\u00e9es 1940-1950. R\u00e9alis\u00e9 en verre moul\u00e9 press\u00e9, il est en parfait \u00e9tat. R\u00e9f 21.47<\/p>\n","protected":false},"featured_media":5465,"comment_status":"open","ping_status":"closed","template":"","meta":{"neve_meta_sidebar":"","neve_meta_container":"","neve_meta_enable_content_width":"off","neve_meta_content_width":100,"neve_meta_title_alignment":"","neve_meta_author_avatar":"","neve_post_elements_order":"","neve_meta_disable_header":"","neve_meta_disable_footer":"","neve_meta_disable_title":""},"product_brand":[],"product_cat":[172,63,22],"product_tag":[21,40,65],"class_list":{"0":"post-5463","1":"product","2":"type-product","3":"status-publish","4":"has-post-thumbnail","6":"product_cat-en-cuisine","7":"product_cat-val-saint-lambert","8":"product_cat-verrerie","9":"product_tag-art-deco","10":"product_tag-belgique","11":"product_tag-luxval","13":"first","14":"instock","15":"shipping-taxable","16":"purchasable","17":"product-type-simple"},"_links":{"self":[{"href":"https:\/\/legrenierdelatour.be\/brocante\/wp-json\/wp\/v2\/product\/5463","targetHints":{"allow":["GET"]}}],"collection":[{"href":"https:\/\/legrenierdelatour.be\/brocante\/wp-json\/wp\/v2\/product"}],"about":[{"href":"https:\/\/legrenierdelatour.be\/brocante\/wp-json\/wp\/v2\/types\/product"}],"replies":[{"embeddable":true,"href":"https:\/\/legrenierdelatour.be\/brocante\/wp-json\/wp\/v2\/comments?post=5463"}],"wp:featuredmedia":[{"embeddable":true,"href":"https:\/\/legrenierdelatour.be\/brocante\/wp-json\/wp\/v2\/media\/5465"}],"wp:attachment":[{"href":"https:\/\/legrenierdelatour.be\/brocante\/wp-json\/wp\/v2\/media?parent=5463"}],"wp:term":[{"taxonomy":"product_brand","embeddable":true,"href":"https:\/\/legrenierdelatour.be\/brocante\/wp-json\/wp\/v2\/product_brand?post=5463"},{"taxonomy":"product_cat","embeddable":true,"href":"https:\/\/legrenierdelatour.be\/brocante\/wp-json\/wp\/v2\/product_cat?post=5463"},{"taxonomy":"product_tag","embeddable":true,"href":"https:\/\/legrenierdelatour.be\/brocante\/wp-json\/wp\/v2\/product_tag?post=5463"}],"curies":[{"name":"wp","href":"https:\/\/api.w.org\/{rel}","templated":true}]}}