{"id":5441,"date":"2023-07-05T13:27:02","date_gmt":"2023-07-05T11:27:02","guid":{"rendered":"https:\/\/legrenierdelatour.be\/brocante\/?post_type=product&#038;p=5441"},"modified":"2023-07-05T13:27:02","modified_gmt":"2023-07-05T11:27:02","slug":"peinture-de-luxembourg-raymond-molitor-1993","status":"publish","type":"product","link":"https:\/\/legrenierdelatour.be\/brocante\/produit\/peinture-de-luxembourg-raymond-molitor-1993\/","title":{"rendered":"Peinture de Luxembourg, Raymond Molitor 1993"},"content":{"rendered":"<p>Belle peinture \u00e0 l\u2019huile (42X52 cm avec cadre) sign\u00e9e Ray. Molitor (artiste non identifi\u00e9) et repr\u00e9sentant une vue de Luxembourg. A l\u2019arri\u00e8re sur le cadre, se trouvent l\u2019inscription \u00ab\u00a0Reiusebierfirnis Februar 1993\u00a0\u00bb. \u00a0Elle est en tr\u00e8s bon \u00e9tat.<\/p>\n<div>R\u00e9f 21.41<\/div>\n","protected":false},"excerpt":{"rendered":"<p>Belle peinture \u00e0 l\u2019huile (42X52 cm avec cadre) sign\u00e9e Ray. Molitor (artiste non identifi\u00e9) et repr\u00e9sentant une vue de Luxembourg. A l\u2019arri\u00e8re sur le cadre, se trouvent l\u2019inscription \u00ab\u00a0Reiusebierfirnis Februar 1993\u00a0\u00bb. \u00a0Elle est en tr\u00e8s bon \u00e9tat. R\u00e9f 21.41<\/p>\n","protected":false},"featured_media":5442,"comment_status":"open","ping_status":"closed","template":"","meta":{"neve_meta_sidebar":"","neve_meta_container":"","neve_meta_enable_content_width":"off","neve_meta_content_width":100,"neve_meta_title_alignment":"","neve_meta_author_avatar":"","neve_post_elements_order":"","neve_meta_disable_header":"","neve_meta_disable_footer":"","neve_meta_disable_title":""},"product_brand":[],"product_cat":[30,166,167],"product_tag":[79,83],"class_list":{"0":"post-5441","1":"product","2":"type-product","3":"status-publish","4":"has-post-thumbnail","6":"product_cat-luxemburgensia","7":"product_cat-luxemburgensia-luxemburgensia","8":"product_cat-peintures-et-sculptures","9":"product_tag-art","10":"product_tag-luxemburgensia","12":"first","13":"instock","14":"shipping-taxable","15":"purchasable","16":"product-type-simple"},"_links":{"self":[{"href":"https:\/\/legrenierdelatour.be\/brocante\/wp-json\/wp\/v2\/product\/5441","targetHints":{"allow":["GET"]}}],"collection":[{"href":"https:\/\/legrenierdelatour.be\/brocante\/wp-json\/wp\/v2\/product"}],"about":[{"href":"https:\/\/legrenierdelatour.be\/brocante\/wp-json\/wp\/v2\/types\/product"}],"replies":[{"embeddable":true,"href":"https:\/\/legrenierdelatour.be\/brocante\/wp-json\/wp\/v2\/comments?post=5441"}],"wp:featuredmedia":[{"embeddable":true,"href":"https:\/\/legrenierdelatour.be\/brocante\/wp-json\/wp\/v2\/media\/5442"}],"wp:attachment":[{"href":"https:\/\/legrenierdelatour.be\/brocante\/wp-json\/wp\/v2\/media?parent=5441"}],"wp:term":[{"taxonomy":"product_brand","embeddable":true,"href":"https:\/\/legrenierdelatour.be\/brocante\/wp-json\/wp\/v2\/product_brand?post=5441"},{"taxonomy":"product_cat","embeddable":true,"href":"https:\/\/legrenierdelatour.be\/brocante\/wp-json\/wp\/v2\/product_cat?post=5441"},{"taxonomy":"product_tag","embeddable":true,"href":"https:\/\/legrenierdelatour.be\/brocante\/wp-json\/wp\/v2\/product_tag?post=5441"}],"curies":[{"name":"wp","href":"https:\/\/api.w.org\/{rel}","templated":true}]}}