{"id":5437,"date":"2023-06-29T21:40:29","date_gmt":"2023-06-29T19:40:29","guid":{"rendered":"https:\/\/legrenierdelatour.be\/brocante\/?post_type=product&#038;p=5437"},"modified":"2023-06-29T21:40:29","modified_gmt":"2023-06-29T19:40:29","slug":"bougeoir-guerin-gres-de-bouffioulx","status":"publish","type":"product","link":"https:\/\/legrenierdelatour.be\/brocante\/produit\/bougeoir-guerin-gres-de-bouffioulx\/","title":{"rendered":"Bougeoir Gu\u00e9rin, Gr\u00e8s de Bouffioulx"},"content":{"rendered":"<p>Chandelier (10,5 cm de haut) en gr\u00e8s de Bouffioulx, portant l\u2019\u00e9tiquette Guerin Bouffioulx ainsi que la signature \u00e0 la pointe Guerin et , \u00e9galement \u00e0 la point R2.4. Il est en excellent \u00e9tat et a sans doute \u00e9t\u00e9 produit par Jules Gu\u00e9rin (1919-1999) dans les ann\u00e9es 1970.<\/p>\n<div>R\u00e9f 21.39<\/div>\n","protected":false},"excerpt":{"rendered":"<p>Chandelier (10,5 cm de haut) en gr\u00e8s de Bouffioulx, portant l\u2019\u00e9tiquette Guerin Bouffioulx ainsi que la signature \u00e0 la pointe Guerin et , \u00e9galement \u00e0 la point R2.4. Il est en excellent \u00e9tat et a sans doute \u00e9t\u00e9 produit par Jules Gu\u00e9rin (1919-1999) dans les ann\u00e9es 1970. R\u00e9f 21.39<\/p>\n","protected":false},"featured_media":5438,"comment_status":"open","ping_status":"closed","template":"","meta":{"neve_meta_sidebar":"","neve_meta_container":"","neve_meta_enable_content_width":"off","neve_meta_content_width":100,"neve_meta_title_alignment":"","neve_meta_author_avatar":"","neve_post_elements_order":"","neve_meta_disable_header":"","neve_meta_disable_footer":"","neve_meta_disable_title":""},"product_brand":[],"product_cat":[37,16,24],"product_tag":[40,113],"class_list":{"0":"post-5437","1":"product","2":"type-product","3":"status-publish","4":"has-post-thumbnail","6":"product_cat-belgique","7":"product_cat-ceramique","8":"product_cat-luminaires","9":"product_tag-belgique","10":"product_tag-gres","12":"first","13":"instock","14":"shipping-taxable","15":"purchasable","16":"product-type-simple"},"_links":{"self":[{"href":"https:\/\/legrenierdelatour.be\/brocante\/wp-json\/wp\/v2\/product\/5437","targetHints":{"allow":["GET"]}}],"collection":[{"href":"https:\/\/legrenierdelatour.be\/brocante\/wp-json\/wp\/v2\/product"}],"about":[{"href":"https:\/\/legrenierdelatour.be\/brocante\/wp-json\/wp\/v2\/types\/product"}],"replies":[{"embeddable":true,"href":"https:\/\/legrenierdelatour.be\/brocante\/wp-json\/wp\/v2\/comments?post=5437"}],"wp:featuredmedia":[{"embeddable":true,"href":"https:\/\/legrenierdelatour.be\/brocante\/wp-json\/wp\/v2\/media\/5438"}],"wp:attachment":[{"href":"https:\/\/legrenierdelatour.be\/brocante\/wp-json\/wp\/v2\/media?parent=5437"}],"wp:term":[{"taxonomy":"product_brand","embeddable":true,"href":"https:\/\/legrenierdelatour.be\/brocante\/wp-json\/wp\/v2\/product_brand?post=5437"},{"taxonomy":"product_cat","embeddable":true,"href":"https:\/\/legrenierdelatour.be\/brocante\/wp-json\/wp\/v2\/product_cat?post=5437"},{"taxonomy":"product_tag","embeddable":true,"href":"https:\/\/legrenierdelatour.be\/brocante\/wp-json\/wp\/v2\/product_tag?post=5437"}],"curies":[{"name":"wp","href":"https:\/\/api.w.org\/{rel}","templated":true}]}}