{"id":5434,"date":"2023-06-29T21:26:14","date_gmt":"2023-06-29T19:26:14","guid":{"rendered":"https:\/\/legrenierdelatour.be\/brocante\/?post_type=product&#038;p=5434"},"modified":"2023-06-29T21:26:15","modified_gmt":"2023-06-29T19:26:15","slug":"vase-aegitna-vallauris-art-deco","status":"publish","type":"product","link":"https:\/\/legrenierdelatour.be\/brocante\/produit\/vase-aegitna-vallauris-art-deco\/","title":{"rendered":"Vase Aegitna Vallauris Art d\u00e9co"},"content":{"rendered":"<p>Beau petit vase en c\u00e9ramique (9 cm de haut) avec un bel \u00e9mail mat et brillant. Il porte le cachet sous sa base \u00ab\u00a0Aegitna Vallauris Made in France\u00a0\u00bb (marque d\u00e9pos\u00e9e en 1936). Il est en parfait \u00e9tat. Cette maison de potiers, fond\u00e9e par Placide Saltalamacchia; lui succ\u00e8dent Joseph, Gaby puis Nicole. La manufacture cesse ses activit\u00e9s en 2010. Ce petit vase en parfait \u00e9tat, date sans doute du d\u00e9but des activit\u00e9s de Aegitna, fin des ann\u00e9es 1930.<\/p>\n<div>R\u00e9f 21.38<\/div>\n","protected":false},"excerpt":{"rendered":"<p>Beau petit vase en c\u00e9ramique (9 cm de haut) avec un bel \u00e9mail mat et brillant. Il porte le cachet sous sa base \u00ab\u00a0Aegitna Vallauris Made in France\u00a0\u00bb (marque d\u00e9pos\u00e9e en 1936). Il est en parfait \u00e9tat. Cette maison de potiers, fond\u00e9e par Placide Saltalamacchia; lui succ\u00e8dent Joseph, Gaby puis Nicole. La manufacture cesse ses&hellip;&nbsp;<a href=\"https:\/\/legrenierdelatour.be\/brocante\/produit\/vase-aegitna-vallauris-art-deco\/\" class=\"\" rel=\"bookmark\">Lire la suite &raquo;<span class=\"screen-reader-text\">Vase Aegitna Vallauris Art d\u00e9co<\/span><\/a><\/p>\n","protected":false},"featured_media":5435,"comment_status":"open","ping_status":"closed","template":"","meta":{"neve_meta_sidebar":"","neve_meta_container":"","neve_meta_enable_content_width":"off","neve_meta_content_width":100,"neve_meta_title_alignment":"","neve_meta_author_avatar":"","neve_post_elements_order":"","neve_meta_disable_header":"","neve_meta_disable_footer":"","neve_meta_disable_title":""},"product_brand":[],"product_cat":[16,59,94],"product_tag":[21,19,95],"class_list":{"0":"post-5434","1":"product","2":"type-product","3":"status-publish","4":"has-post-thumbnail","6":"product_cat-ceramique","7":"product_cat-france","8":"product_cat-vallauris","9":"product_tag-art-deco","10":"product_tag-faience","11":"product_tag-vallauris","13":"first","14":"instock","15":"shipping-taxable","16":"purchasable","17":"product-type-simple"},"_links":{"self":[{"href":"https:\/\/legrenierdelatour.be\/brocante\/wp-json\/wp\/v2\/product\/5434","targetHints":{"allow":["GET"]}}],"collection":[{"href":"https:\/\/legrenierdelatour.be\/brocante\/wp-json\/wp\/v2\/product"}],"about":[{"href":"https:\/\/legrenierdelatour.be\/brocante\/wp-json\/wp\/v2\/types\/product"}],"replies":[{"embeddable":true,"href":"https:\/\/legrenierdelatour.be\/brocante\/wp-json\/wp\/v2\/comments?post=5434"}],"wp:featuredmedia":[{"embeddable":true,"href":"https:\/\/legrenierdelatour.be\/brocante\/wp-json\/wp\/v2\/media\/5435"}],"wp:attachment":[{"href":"https:\/\/legrenierdelatour.be\/brocante\/wp-json\/wp\/v2\/media?parent=5434"}],"wp:term":[{"taxonomy":"product_brand","embeddable":true,"href":"https:\/\/legrenierdelatour.be\/brocante\/wp-json\/wp\/v2\/product_brand?post=5434"},{"taxonomy":"product_cat","embeddable":true,"href":"https:\/\/legrenierdelatour.be\/brocante\/wp-json\/wp\/v2\/product_cat?post=5434"},{"taxonomy":"product_tag","embeddable":true,"href":"https:\/\/legrenierdelatour.be\/brocante\/wp-json\/wp\/v2\/product_tag?post=5434"}],"curies":[{"name":"wp","href":"https:\/\/api.w.org\/{rel}","templated":true}]}}