{"id":5431,"date":"2023-06-29T20:58:31","date_gmt":"2023-06-29T18:58:31","guid":{"rendered":"https:\/\/legrenierdelatour.be\/brocante\/?post_type=product&#038;p=5431"},"modified":"2023-06-29T20:59:00","modified_gmt":"2023-06-29T18:59:00","slug":"vide-poche-le-chateau-de-septfontaines-villeroy-et-boch","status":"publish","type":"product","link":"https:\/\/legrenierdelatour.be\/brocante\/produit\/vide-poche-le-chateau-de-septfontaines-villeroy-et-boch\/","title":{"rendered":"Vide-poche Le Ch\u00e2teau de Septfontaines, Villeroy et Boch"},"content":{"rendered":"<p>Vide-poche (14 cm de c\u00f4t\u00e9) avec une repr\u00e9sentation du Ch\u00e2teau de Septfontaines au Grand-Duch\u00e9 de Luxembourg. Il est en parfait \u00e9tat.<\/p>\n<div>R\u00e9f 21.35<\/div>\n","protected":false},"excerpt":{"rendered":"<p>Vide-poche (14 cm de c\u00f4t\u00e9) avec une repr\u00e9sentation du Ch\u00e2teau de Septfontaines au Grand-Duch\u00e9 de Luxembourg. Il est en parfait \u00e9tat. R\u00e9f 21.35<\/p>\n","protected":false},"featured_media":5432,"comment_status":"open","ping_status":"closed","template":"","meta":{"neve_meta_sidebar":"","neve_meta_container":"","neve_meta_enable_content_width":"off","neve_meta_content_width":100,"neve_meta_title_alignment":"","neve_meta_author_avatar":"","neve_post_elements_order":"","neve_meta_disable_header":"","neve_meta_disable_footer":"","neve_meta_disable_title":""},"product_brand":[],"product_cat":[16,165,30,166,29],"product_tag":[83,32],"class_list":{"0":"post-5431","1":"product","2":"type-product","3":"status-publish","4":"has-post-thumbnail","6":"product_cat-ceramique","7":"product_cat-luxembourg","8":"product_cat-luxemburgensia","9":"product_cat-luxemburgensia-luxemburgensia","10":"product_cat-villeroy-boch","11":"product_tag-luxemburgensia","12":"product_tag-villeroy-et-boch","14":"first","15":"instock","16":"shipping-taxable","17":"purchasable","18":"product-type-simple"},"_links":{"self":[{"href":"https:\/\/legrenierdelatour.be\/brocante\/wp-json\/wp\/v2\/product\/5431","targetHints":{"allow":["GET"]}}],"collection":[{"href":"https:\/\/legrenierdelatour.be\/brocante\/wp-json\/wp\/v2\/product"}],"about":[{"href":"https:\/\/legrenierdelatour.be\/brocante\/wp-json\/wp\/v2\/types\/product"}],"replies":[{"embeddable":true,"href":"https:\/\/legrenierdelatour.be\/brocante\/wp-json\/wp\/v2\/comments?post=5431"}],"wp:featuredmedia":[{"embeddable":true,"href":"https:\/\/legrenierdelatour.be\/brocante\/wp-json\/wp\/v2\/media\/5432"}],"wp:attachment":[{"href":"https:\/\/legrenierdelatour.be\/brocante\/wp-json\/wp\/v2\/media?parent=5431"}],"wp:term":[{"taxonomy":"product_brand","embeddable":true,"href":"https:\/\/legrenierdelatour.be\/brocante\/wp-json\/wp\/v2\/product_brand?post=5431"},{"taxonomy":"product_cat","embeddable":true,"href":"https:\/\/legrenierdelatour.be\/brocante\/wp-json\/wp\/v2\/product_cat?post=5431"},{"taxonomy":"product_tag","embeddable":true,"href":"https:\/\/legrenierdelatour.be\/brocante\/wp-json\/wp\/v2\/product_tag?post=5431"}],"curies":[{"name":"wp","href":"https:\/\/api.w.org\/{rel}","templated":true}]}}