{"id":5427,"date":"2023-06-29T20:38:13","date_gmt":"2023-06-29T18:38:13","guid":{"rendered":"https:\/\/legrenierdelatour.be\/brocante\/?post_type=product&#038;p=5427"},"modified":"2023-06-29T20:38:14","modified_gmt":"2023-06-29T18:38:14","slug":"aquarelle-saint-martin-de-vieux-virton-r-vandervoort-1989","status":"publish","type":"product","link":"https:\/\/legrenierdelatour.be\/brocante\/produit\/aquarelle-saint-martin-de-vieux-virton-r-vandervoort-1989\/","title":{"rendered":"Aquarelle Saint Martin de Vieux Virton, R.Vandervoort 1989"},"content":{"rendered":"<p>Belle aquarelle (31,5&#215;37,5 cm cadre compris) repr\u00e9sentant l\u2019eglise Saint Martin de Vieux Virton. Elle est sign\u00e9e R.Vandervoort (non identifi\u00e9e) et dat\u00e9e de 1989. Elle est tr\u00e8s bien encadr\u00e9e.<\/p>\n<div>R\u00e9f 21.33<\/div>\n","protected":false},"excerpt":{"rendered":"<p>Belle aquarelle (31,5&#215;37,5 cm cadre compris) repr\u00e9sentant l\u2019eglise Saint Martin de Vieux Virton. Elle est sign\u00e9e R.Vandervoort (non identifi\u00e9e) et dat\u00e9e de 1989. Elle est tr\u00e8s bien encadr\u00e9e. R\u00e9f 21.33<\/p>\n","protected":false},"featured_media":5428,"comment_status":"open","ping_status":"closed","template":"","meta":{"neve_meta_sidebar":"","neve_meta_container":"","neve_meta_enable_content_width":"off","neve_meta_content_width":100,"neve_meta_title_alignment":"","neve_meta_author_avatar":"","neve_post_elements_order":"","neve_meta_disable_header":"","neve_meta_disable_footer":"","neve_meta_disable_title":""},"product_brand":[],"product_cat":[30,31,167],"product_tag":[79,112],"class_list":{"0":"post-5427","1":"product","2":"type-product","3":"status-publish","4":"has-post-thumbnail","6":"product_cat-luxemburgensia","7":"product_cat-pays-darlon","8":"product_cat-peintures-et-sculptures","9":"product_tag-art","10":"product_tag-pays-darlon","12":"first","13":"instock","14":"shipping-taxable","15":"purchasable","16":"product-type-simple"},"_links":{"self":[{"href":"https:\/\/legrenierdelatour.be\/brocante\/wp-json\/wp\/v2\/product\/5427","targetHints":{"allow":["GET"]}}],"collection":[{"href":"https:\/\/legrenierdelatour.be\/brocante\/wp-json\/wp\/v2\/product"}],"about":[{"href":"https:\/\/legrenierdelatour.be\/brocante\/wp-json\/wp\/v2\/types\/product"}],"replies":[{"embeddable":true,"href":"https:\/\/legrenierdelatour.be\/brocante\/wp-json\/wp\/v2\/comments?post=5427"}],"wp:featuredmedia":[{"embeddable":true,"href":"https:\/\/legrenierdelatour.be\/brocante\/wp-json\/wp\/v2\/media\/5428"}],"wp:attachment":[{"href":"https:\/\/legrenierdelatour.be\/brocante\/wp-json\/wp\/v2\/media?parent=5427"}],"wp:term":[{"taxonomy":"product_brand","embeddable":true,"href":"https:\/\/legrenierdelatour.be\/brocante\/wp-json\/wp\/v2\/product_brand?post=5427"},{"taxonomy":"product_cat","embeddable":true,"href":"https:\/\/legrenierdelatour.be\/brocante\/wp-json\/wp\/v2\/product_cat?post=5427"},{"taxonomy":"product_tag","embeddable":true,"href":"https:\/\/legrenierdelatour.be\/brocante\/wp-json\/wp\/v2\/product_tag?post=5427"}],"curies":[{"name":"wp","href":"https:\/\/api.w.org\/{rel}","templated":true}]}}