{"id":5409,"date":"2023-06-29T17:23:58","date_gmt":"2023-06-29T15:23:58","guid":{"rendered":"https:\/\/legrenierdelatour.be\/brocante\/?post_type=product&#038;p=5409"},"modified":"2025-09-30T15:53:53","modified_gmt":"2025-09-30T13:53:53","slug":"assiettes-historiques-boch-keramis-1850-1880","status":"publish","type":"product","link":"https:\/\/legrenierdelatour.be\/brocante\/produit\/assiettes-historiques-boch-keramis-1850-1880\/","title":{"rendered":"Assiettes \u00ab\u00a0Historiques\u00a0\u00bb Boch K\u00e9ramis 1847-1870"},"content":{"rendered":"<p>Assiettes (19 cm de diam\u00e8tre) produites par Boch K\u00e9ramis \u00e0 La Louvi\u00e8re dans les ann\u00e9es 1847-1870, en bon \u00e9tat et portant \u00e0 l\u2019arri\u00e8re le cachet qui attestent leur datation. Elles portent des gravures repr\u00e9sentant : Fran\u00e7ois couronn\u00e9 chevalier par Bayard, Les croisades, Le Roi Jean \u00e0 la bataille de Poitiers, D\u00e9part de la Ch\u00e2telaine, Mort de Bayard, Jeanne d\u2019Arc conduisant Charle VII \u00e0 Reims.<\/p>\n<div>Elles sont vendues \u00e0 la pi\u00e8ce au prix de 25\u20ac.<\/div>\n<div>R\u00e9f 21.28<\/div>\n","protected":false},"excerpt":{"rendered":"<p>Assiettes (19 cm de diam\u00e8tre) produites par Boch K\u00e9ramis \u00e0 La Louvi\u00e8re dans les ann\u00e9es 1847-1870, en bon \u00e9tat et portant \u00e0 l\u2019arri\u00e8re le cachet qui attestent leur datation. Elles portent des gravures repr\u00e9sentant : Fran\u00e7ois couronn\u00e9 chevalier par Bayard, Les croisades, Le Roi Jean \u00e0 la bataille de Poitiers, D\u00e9part de la Ch\u00e2telaine, Mort&hellip;&nbsp;<a href=\"https:\/\/legrenierdelatour.be\/brocante\/produit\/assiettes-historiques-boch-keramis-1850-1880\/\" class=\"\" rel=\"bookmark\">Lire la suite &raquo;<span class=\"screen-reader-text\">Assiettes \u00ab\u00a0Historiques\u00a0\u00bb Boch K\u00e9ramis 1847-1870<\/span><\/a><\/p>\n","protected":false},"featured_media":5410,"comment_status":"open","ping_status":"closed","template":"","meta":{"neve_meta_sidebar":"","neve_meta_container":"","neve_meta_enable_content_width":"off","neve_meta_content_width":100,"neve_meta_title_alignment":"","neve_meta_author_avatar":"","neve_post_elements_order":"","neve_meta_disable_header":"","neve_meta_disable_footer":"","neve_meta_disable_title":""},"product_brand":[],"product_cat":[37,175,16],"product_tag":[20,19],"class_list":{"0":"post-5409","1":"product","2":"type-product","3":"status-publish","4":"has-post-thumbnail","6":"product_cat-belgique","7":"product_cat-boch","8":"product_cat-ceramique","9":"product_tag-boch","10":"product_tag-faience","12":"first","13":"instock","14":"shipping-taxable","15":"purchasable","16":"product-type-simple"},"_links":{"self":[{"href":"https:\/\/legrenierdelatour.be\/brocante\/wp-json\/wp\/v2\/product\/5409","targetHints":{"allow":["GET"]}}],"collection":[{"href":"https:\/\/legrenierdelatour.be\/brocante\/wp-json\/wp\/v2\/product"}],"about":[{"href":"https:\/\/legrenierdelatour.be\/brocante\/wp-json\/wp\/v2\/types\/product"}],"replies":[{"embeddable":true,"href":"https:\/\/legrenierdelatour.be\/brocante\/wp-json\/wp\/v2\/comments?post=5409"}],"wp:featuredmedia":[{"embeddable":true,"href":"https:\/\/legrenierdelatour.be\/brocante\/wp-json\/wp\/v2\/media\/5410"}],"wp:attachment":[{"href":"https:\/\/legrenierdelatour.be\/brocante\/wp-json\/wp\/v2\/media?parent=5409"}],"wp:term":[{"taxonomy":"product_brand","embeddable":true,"href":"https:\/\/legrenierdelatour.be\/brocante\/wp-json\/wp\/v2\/product_brand?post=5409"},{"taxonomy":"product_cat","embeddable":true,"href":"https:\/\/legrenierdelatour.be\/brocante\/wp-json\/wp\/v2\/product_cat?post=5409"},{"taxonomy":"product_tag","embeddable":true,"href":"https:\/\/legrenierdelatour.be\/brocante\/wp-json\/wp\/v2\/product_tag?post=5409"}],"curies":[{"name":"wp","href":"https:\/\/api.w.org\/{rel}","templated":true}]}}