{"id":5403,"date":"2023-06-29T16:03:09","date_gmt":"2023-06-29T14:03:09","guid":{"rendered":"https:\/\/legrenierdelatour.be\/brocante\/?post_type=product&#038;p=5403"},"modified":"2023-06-29T16:03:10","modified_gmt":"2023-06-29T14:03:10","slug":"assiette-jb-cappellemans-1870","status":"publish","type":"product","link":"https:\/\/legrenierdelatour.be\/brocante\/produit\/assiette-jb-cappellemans-1870\/","title":{"rendered":"Assiette JB Cappellemans 1870"},"content":{"rendered":"<p>Assiette (24 cm de diam\u00e8tre) avec gravure de repr\u00e9sentation bucolique, issu de la manufacture J.B.Cappellemans ain\u00e9 \u00e0 Jemmapes. Cette assiette en tr\u00e8s bon \u00e9tat date sans doute de la fin du 19\u00e8 si\u00e8cle. Deux cachets ornent le dessous, un cachet imprim\u00e9 et un cachet en creux.<\/p>\n<div>La premi\u00e8re fa\u00efencerie Jemappienne fut g\u00e9r\u00e9e par la Soci\u00e9t\u00e9 Fauwel, Willems et Picard a\u00een\u00e9 depuis le 6 ao\u00fbt 1838 jusqu\u2019\u00e0 sa fusion avec une soci\u00e9t\u00e9 plus importante: Cappellemans, Smith, Willems et Cie.<\/div>\n<div>\n<p>P\u00e9riode Cappellemans, Smith, Willems et Cie (1847-1870): Les fils de l\u2019industriel bruxellois Jean-Baptiste Cappellemans cr\u00e9ent une soci\u00e9t\u00e9 en nom collectif dont l\u2019acte est sign\u00e9 \u00e0 Bruxelles le 6 ao\u00fbt 1847. Leur but est de fabriquer de la fine fa\u00efence, appel\u00e9e parfois porcelaine opaque. Ce genre de fa\u00efence remportait un vif succ\u00e8s \u00e0 l\u2019\u00e9poque. Le si\u00e8ge de la soci\u00e9t\u00e9 se trouve \u00e0 Jemappes et exerce sous la raison sociale de \u00ab\u00a0J.B. Cappellemans, W. Smith, E. Willems et Cie\u00a0\u00bb. La fabrique commence son activit\u00e9 en juin 1847. Son but est \u00ab\u00a0la fabrication en Belgique de la fa\u00efence anglaise et la vente des produits fabriqu\u00e9s\u00bb.<\/p>\n<p>R\u00e9f 21.26<\/p>\n<\/div>\n","protected":false},"excerpt":{"rendered":"<p>Assiette (24 cm de diam\u00e8tre) avec gravure de repr\u00e9sentation bucolique, issu de la manufacture J.B.Cappellemans ain\u00e9 \u00e0 Jemmapes. Cette assiette en tr\u00e8s bon \u00e9tat date sans doute de la fin du 19\u00e8 si\u00e8cle. Deux cachets ornent le dessous, un cachet imprim\u00e9 et un cachet en creux. La premi\u00e8re fa\u00efencerie Jemappienne fut g\u00e9r\u00e9e par la Soci\u00e9t\u00e9&hellip;&nbsp;<a href=\"https:\/\/legrenierdelatour.be\/brocante\/produit\/assiette-jb-cappellemans-1870\/\" class=\"\" rel=\"bookmark\">Lire la suite &raquo;<span class=\"screen-reader-text\">Assiette JB Cappellemans 1870<\/span><\/a><\/p>\n","protected":false},"featured_media":5404,"comment_status":"open","ping_status":"closed","template":"","meta":{"neve_meta_sidebar":"","neve_meta_container":"","neve_meta_enable_content_width":"off","neve_meta_content_width":100,"neve_meta_title_alignment":"","neve_meta_author_avatar":"","neve_post_elements_order":"","neve_meta_disable_header":"","neve_meta_disable_footer":"","neve_meta_disable_title":""},"product_brand":[],"product_cat":[37,16],"product_tag":[],"class_list":{"0":"post-5403","1":"product","2":"type-product","3":"status-publish","4":"has-post-thumbnail","6":"product_cat-belgique","7":"product_cat-ceramique","9":"first","10":"instock","11":"shipping-taxable","12":"purchasable","13":"product-type-simple"},"_links":{"self":[{"href":"https:\/\/legrenierdelatour.be\/brocante\/wp-json\/wp\/v2\/product\/5403","targetHints":{"allow":["GET"]}}],"collection":[{"href":"https:\/\/legrenierdelatour.be\/brocante\/wp-json\/wp\/v2\/product"}],"about":[{"href":"https:\/\/legrenierdelatour.be\/brocante\/wp-json\/wp\/v2\/types\/product"}],"replies":[{"embeddable":true,"href":"https:\/\/legrenierdelatour.be\/brocante\/wp-json\/wp\/v2\/comments?post=5403"}],"wp:featuredmedia":[{"embeddable":true,"href":"https:\/\/legrenierdelatour.be\/brocante\/wp-json\/wp\/v2\/media\/5404"}],"wp:attachment":[{"href":"https:\/\/legrenierdelatour.be\/brocante\/wp-json\/wp\/v2\/media?parent=5403"}],"wp:term":[{"taxonomy":"product_brand","embeddable":true,"href":"https:\/\/legrenierdelatour.be\/brocante\/wp-json\/wp\/v2\/product_brand?post=5403"},{"taxonomy":"product_cat","embeddable":true,"href":"https:\/\/legrenierdelatour.be\/brocante\/wp-json\/wp\/v2\/product_cat?post=5403"},{"taxonomy":"product_tag","embeddable":true,"href":"https:\/\/legrenierdelatour.be\/brocante\/wp-json\/wp\/v2\/product_tag?post=5403"}],"curies":[{"name":"wp","href":"https:\/\/api.w.org\/{rel}","templated":true}]}}