{"id":5400,"date":"2023-06-29T16:13:05","date_gmt":"2023-06-29T14:13:05","guid":{"rendered":"https:\/\/legrenierdelatour.be\/brocante\/?post_type=product&#038;p=5400"},"modified":"2023-06-29T16:13:05","modified_gmt":"2023-06-29T14:13:05","slug":"assiette-creche-de-steinsel-1984","status":"publish","type":"product","link":"https:\/\/legrenierdelatour.be\/brocante\/produit\/assiette-creche-de-steinsel-1984\/","title":{"rendered":"Assiette Cr\u00e8che de Steinsel 1984"},"content":{"rendered":"<p>Belle assiette (25 cm de diam\u00e8tre) avec une repr\u00e9sentation de cr\u00e8che d\u00e9ssin\u00e9e par Jean Henzig, \u00e9dit\u00e9e par les Amis de la Cr\u00e8che de Steinsel en 1984 pour leur 25\u00e8 anniversaire, et produite par Recktenwald \u00e0 Wiltz au Luxembourg. Elle est en parfait \u00e9tat.<\/p>\n<div>R\u00e9f 21.25<\/div>\n","protected":false},"excerpt":{"rendered":"<p>Belle assiette (25 cm de diam\u00e8tre) avec une repr\u00e9sentation de cr\u00e8che d\u00e9ssin\u00e9e par Jean Henzig, \u00e9dit\u00e9e par les Amis de la Cr\u00e8che de Steinsel en 1984 pour leur 25\u00e8 anniversaire, et produite par Recktenwald \u00e0 Wiltz au Luxembourg. Elle est en parfait \u00e9tat. R\u00e9f 21.25<\/p>\n","protected":false},"featured_media":5407,"comment_status":"open","ping_status":"closed","template":"","meta":{"neve_meta_sidebar":"","neve_meta_container":"","neve_meta_enable_content_width":"off","neve_meta_content_width":100,"neve_meta_title_alignment":"","neve_meta_author_avatar":"","neve_post_elements_order":"","neve_meta_disable_header":"","neve_meta_disable_footer":"","neve_meta_disable_title":""},"product_brand":[],"product_cat":[15],"product_tag":[],"class_list":{"0":"post-5400","1":"product","2":"type-product","3":"status-publish","4":"has-post-thumbnail","6":"product_cat-non-classe","8":"first","9":"instock","10":"shipping-taxable","11":"purchasable","12":"product-type-simple"},"_links":{"self":[{"href":"https:\/\/legrenierdelatour.be\/brocante\/wp-json\/wp\/v2\/product\/5400","targetHints":{"allow":["GET"]}}],"collection":[{"href":"https:\/\/legrenierdelatour.be\/brocante\/wp-json\/wp\/v2\/product"}],"about":[{"href":"https:\/\/legrenierdelatour.be\/brocante\/wp-json\/wp\/v2\/types\/product"}],"replies":[{"embeddable":true,"href":"https:\/\/legrenierdelatour.be\/brocante\/wp-json\/wp\/v2\/comments?post=5400"}],"wp:featuredmedia":[{"embeddable":true,"href":"https:\/\/legrenierdelatour.be\/brocante\/wp-json\/wp\/v2\/media\/5407"}],"wp:attachment":[{"href":"https:\/\/legrenierdelatour.be\/brocante\/wp-json\/wp\/v2\/media?parent=5400"}],"wp:term":[{"taxonomy":"product_brand","embeddable":true,"href":"https:\/\/legrenierdelatour.be\/brocante\/wp-json\/wp\/v2\/product_brand?post=5400"},{"taxonomy":"product_cat","embeddable":true,"href":"https:\/\/legrenierdelatour.be\/brocante\/wp-json\/wp\/v2\/product_cat?post=5400"},{"taxonomy":"product_tag","embeddable":true,"href":"https:\/\/legrenierdelatour.be\/brocante\/wp-json\/wp\/v2\/product_tag?post=5400"}],"curies":[{"name":"wp","href":"https:\/\/api.w.org\/{rel}","templated":true}]}}