{"id":5366,"date":"2023-06-17T12:43:56","date_gmt":"2023-06-17T10:43:56","guid":{"rendered":"https:\/\/legrenierdelatour.be\/brocante\/?post_type=product&#038;p=5366"},"modified":"2024-07-10T11:32:43","modified_gmt":"2024-07-10T09:32:43","slug":"gravures-albert-raty-offertes-par-la-ferronnerie-bouillonnaise","status":"publish","type":"product","link":"https:\/\/legrenierdelatour.be\/brocante\/produit\/gravures-albert-raty-offertes-par-la-ferronnerie-bouillonnaise\/","title":{"rendered":"Gravures Albert Raty, offertes par La Ferronnerie Bouillonnaise"},"content":{"rendered":"<p>Gravure (40&#215;29 cm) d\u2019Albert Raty (1889-1970) \u00e9dit\u00e9e et offerte par S.A. La Ferronnerie Bouillonnaise de Bouillon (1895-1970). Le Pont de Li\u00e8ge (un num\u00e9rot\u00e9 797). Il s&rsquo;agit sans doute de reproduction, notamment d&rsquo;apr\u00e8s un lavis expos\u00e9 au Mus\u00e9e de Vresse-sur-Semois.<\/p>\n<div>R\u00e9f 21.08<\/div>\n","protected":false},"excerpt":{"rendered":"<p>Gravure (40&#215;29 cm) d\u2019Albert Raty (1889-1970) \u00e9dit\u00e9e et offerte par S.A. La Ferronnerie Bouillonnaise de Bouillon (1895-1970). Le Pont de Li\u00e8ge (un num\u00e9rot\u00e9 797). Il s&rsquo;agit sans doute de reproduction, notamment d&rsquo;apr\u00e8s un lavis expos\u00e9 au Mus\u00e9e de Vresse-sur-Semois. R\u00e9f 21.08<\/p>\n","protected":false},"featured_media":5367,"comment_status":"open","ping_status":"closed","template":"","meta":{"neve_meta_sidebar":"","neve_meta_container":"","neve_meta_enable_content_width":"off","neve_meta_content_width":100,"neve_meta_title_alignment":"","neve_meta_author_avatar":"","neve_post_elements_order":"","neve_meta_disable_header":"","neve_meta_disable_footer":"","neve_meta_disable_title":""},"product_brand":[],"product_cat":[30,31,167],"product_tag":[79,112],"class_list":{"0":"post-5366","1":"product","2":"type-product","3":"status-publish","4":"has-post-thumbnail","6":"product_cat-luxemburgensia","7":"product_cat-pays-darlon","8":"product_cat-peintures-et-sculptures","9":"product_tag-art","10":"product_tag-pays-darlon","12":"first","13":"instock","14":"shipping-taxable","15":"purchasable","16":"product-type-simple"},"_links":{"self":[{"href":"https:\/\/legrenierdelatour.be\/brocante\/wp-json\/wp\/v2\/product\/5366","targetHints":{"allow":["GET"]}}],"collection":[{"href":"https:\/\/legrenierdelatour.be\/brocante\/wp-json\/wp\/v2\/product"}],"about":[{"href":"https:\/\/legrenierdelatour.be\/brocante\/wp-json\/wp\/v2\/types\/product"}],"replies":[{"embeddable":true,"href":"https:\/\/legrenierdelatour.be\/brocante\/wp-json\/wp\/v2\/comments?post=5366"}],"wp:featuredmedia":[{"embeddable":true,"href":"https:\/\/legrenierdelatour.be\/brocante\/wp-json\/wp\/v2\/media\/5367"}],"wp:attachment":[{"href":"https:\/\/legrenierdelatour.be\/brocante\/wp-json\/wp\/v2\/media?parent=5366"}],"wp:term":[{"taxonomy":"product_brand","embeddable":true,"href":"https:\/\/legrenierdelatour.be\/brocante\/wp-json\/wp\/v2\/product_brand?post=5366"},{"taxonomy":"product_cat","embeddable":true,"href":"https:\/\/legrenierdelatour.be\/brocante\/wp-json\/wp\/v2\/product_cat?post=5366"},{"taxonomy":"product_tag","embeddable":true,"href":"https:\/\/legrenierdelatour.be\/brocante\/wp-json\/wp\/v2\/product_tag?post=5366"}],"curies":[{"name":"wp","href":"https:\/\/api.w.org\/{rel}","templated":true}]}}