{"id":5316,"date":"2023-06-08T20:43:12","date_gmt":"2023-06-08T18:43:12","guid":{"rendered":"https:\/\/legrenierdelatour.be\/brocante\/?post_type=product&#038;p=5316"},"modified":"2023-06-08T21:53:50","modified_gmt":"2023-06-08T19:53:50","slug":"assiette-coq-hardi-boch-la-louviere","status":"publish","type":"product","link":"https:\/\/legrenierdelatour.be\/brocante\/produit\/assiette-coq-hardi-boch-la-louviere\/","title":{"rendered":"Assiette \u00ab\u00a0Coq Hardi\u00a0\u00bb Boch la Louvi\u00e8re"},"content":{"rendered":"<p>Petite assiette (19 cm de diam\u00e8tre) avec un d\u00e9cor de coq (Coq Hardi) entour\u00e9 de fleurs et une bordure d\u00e9cor\u00e9e. Il s&rsquo;agit du d\u00e9cor 1552 du catalogue de 1930. Elle a \u00e9t\u00e9 produite par Boch La Louvi\u00e8re, dans les ann\u00e9es 1930. Elle est en tr\u00e8s bon \u00e9tat.<\/p>\n<div>R\u00e9f 20.103<\/div>\n","protected":false},"excerpt":{"rendered":"<p>Petite assiette (19 cm de diam\u00e8tre) avec un d\u00e9cor de coq (Coq Hardi) entour\u00e9 de fleurs et une bordure d\u00e9cor\u00e9e. Il s&rsquo;agit du d\u00e9cor 1552 du catalogue de 1930. Elle a \u00e9t\u00e9 produite par Boch La Louvi\u00e8re, dans les ann\u00e9es 1930. Elle est en tr\u00e8s bon \u00e9tat. R\u00e9f 20.103<\/p>\n","protected":false},"featured_media":5317,"comment_status":"open","ping_status":"closed","template":"","meta":{"neve_meta_sidebar":"","neve_meta_container":"","neve_meta_enable_content_width":"off","neve_meta_content_width":100,"neve_meta_title_alignment":"","neve_meta_author_avatar":"","neve_post_elements_order":"","neve_meta_disable_header":"","neve_meta_disable_footer":"","neve_meta_disable_title":""},"product_brand":[],"product_cat":[37,175,172,16],"product_tag":[20,19],"class_list":{"0":"post-5316","1":"product","2":"type-product","3":"status-publish","4":"has-post-thumbnail","6":"product_cat-belgique","7":"product_cat-boch","8":"product_cat-en-cuisine","9":"product_cat-ceramique","10":"product_tag-boch","11":"product_tag-faience","13":"first","14":"instock","15":"shipping-taxable","16":"purchasable","17":"product-type-simple"},"_links":{"self":[{"href":"https:\/\/legrenierdelatour.be\/brocante\/wp-json\/wp\/v2\/product\/5316","targetHints":{"allow":["GET"]}}],"collection":[{"href":"https:\/\/legrenierdelatour.be\/brocante\/wp-json\/wp\/v2\/product"}],"about":[{"href":"https:\/\/legrenierdelatour.be\/brocante\/wp-json\/wp\/v2\/types\/product"}],"replies":[{"embeddable":true,"href":"https:\/\/legrenierdelatour.be\/brocante\/wp-json\/wp\/v2\/comments?post=5316"}],"wp:featuredmedia":[{"embeddable":true,"href":"https:\/\/legrenierdelatour.be\/brocante\/wp-json\/wp\/v2\/media\/5317"}],"wp:attachment":[{"href":"https:\/\/legrenierdelatour.be\/brocante\/wp-json\/wp\/v2\/media?parent=5316"}],"wp:term":[{"taxonomy":"product_brand","embeddable":true,"href":"https:\/\/legrenierdelatour.be\/brocante\/wp-json\/wp\/v2\/product_brand?post=5316"},{"taxonomy":"product_cat","embeddable":true,"href":"https:\/\/legrenierdelatour.be\/brocante\/wp-json\/wp\/v2\/product_cat?post=5316"},{"taxonomy":"product_tag","embeddable":true,"href":"https:\/\/legrenierdelatour.be\/brocante\/wp-json\/wp\/v2\/product_tag?post=5316"}],"curies":[{"name":"wp","href":"https:\/\/api.w.org\/{rel}","templated":true}]}}