{"id":5294,"date":"2023-06-01T19:10:05","date_gmt":"2023-06-01T17:10:05","guid":{"rendered":"https:\/\/legrenierdelatour.be\/brocante\/?post_type=product&#038;p=5294"},"modified":"2023-06-01T19:10:05","modified_gmt":"2023-06-01T17:10:05","slug":"soupiere-bangkok-faience-de-longwy","status":"publish","type":"product","link":"https:\/\/legrenierdelatour.be\/brocante\/produit\/soupiere-bangkok-faience-de-longwy\/","title":{"rendered":"Soupi\u00e8re Bangkok, fa\u00efence de Longwy"},"content":{"rendered":"<p>Soupi\u00e8re en fa\u00efence (25 cm de diam\u00e8tre) de la manufacture de Longwy, avec un d\u00e9cor floral \u00e9maill\u00e9 du mod\u00e8le Bangkok. Il a un style tr\u00e8s Art D\u00e9co et date sans doute des ann\u00e9es 1930-50 .<\/p>\n<div>R\u00e9f 20.97<\/div>\n","protected":false},"excerpt":{"rendered":"<p>Soupi\u00e8re en fa\u00efence (25 cm de diam\u00e8tre) de la manufacture de Longwy, avec un d\u00e9cor floral \u00e9maill\u00e9 du mod\u00e8le Bangkok. Il a un style tr\u00e8s Art D\u00e9co et date sans doute des ann\u00e9es 1930-50 . R\u00e9f 20.97<\/p>\n","protected":false},"featured_media":5295,"comment_status":"open","ping_status":"closed","template":"","meta":{"neve_meta_sidebar":"","neve_meta_container":"","neve_meta_enable_content_width":"off","neve_meta_content_width":100,"neve_meta_title_alignment":"","neve_meta_author_avatar":"","neve_post_elements_order":"","neve_meta_disable_header":"","neve_meta_disable_footer":"","neve_meta_disable_title":""},"product_brand":[],"product_cat":[172,16,59,66],"product_tag":[21,19],"class_list":{"0":"post-5294","1":"product","2":"type-product","3":"status-publish","4":"has-post-thumbnail","6":"product_cat-en-cuisine","7":"product_cat-ceramique","8":"product_cat-france","9":"product_cat-longwy","10":"product_tag-art-deco","11":"product_tag-faience","13":"first","14":"instock","15":"shipping-taxable","16":"purchasable","17":"product-type-simple"},"_links":{"self":[{"href":"https:\/\/legrenierdelatour.be\/brocante\/wp-json\/wp\/v2\/product\/5294","targetHints":{"allow":["GET"]}}],"collection":[{"href":"https:\/\/legrenierdelatour.be\/brocante\/wp-json\/wp\/v2\/product"}],"about":[{"href":"https:\/\/legrenierdelatour.be\/brocante\/wp-json\/wp\/v2\/types\/product"}],"replies":[{"embeddable":true,"href":"https:\/\/legrenierdelatour.be\/brocante\/wp-json\/wp\/v2\/comments?post=5294"}],"wp:featuredmedia":[{"embeddable":true,"href":"https:\/\/legrenierdelatour.be\/brocante\/wp-json\/wp\/v2\/media\/5295"}],"wp:attachment":[{"href":"https:\/\/legrenierdelatour.be\/brocante\/wp-json\/wp\/v2\/media?parent=5294"}],"wp:term":[{"taxonomy":"product_brand","embeddable":true,"href":"https:\/\/legrenierdelatour.be\/brocante\/wp-json\/wp\/v2\/product_brand?post=5294"},{"taxonomy":"product_cat","embeddable":true,"href":"https:\/\/legrenierdelatour.be\/brocante\/wp-json\/wp\/v2\/product_cat?post=5294"},{"taxonomy":"product_tag","embeddable":true,"href":"https:\/\/legrenierdelatour.be\/brocante\/wp-json\/wp\/v2\/product_tag?post=5294"}],"curies":[{"name":"wp","href":"https:\/\/api.w.org\/{rel}","templated":true}]}}