{"id":5286,"date":"2023-06-01T19:00:12","date_gmt":"2023-06-01T17:00:12","guid":{"rendered":"https:\/\/legrenierdelatour.be\/brocante\/?post_type=product&#038;p=5286"},"modified":"2023-06-01T19:00:37","modified_gmt":"2023-06-01T17:00:37","slug":"assiette-art-deco-faience-de-longwy","status":"publish","type":"product","link":"https:\/\/legrenierdelatour.be\/brocante\/produit\/assiette-art-deco-faience-de-longwy\/","title":{"rendered":"Assiette Art D\u00e9co, fa\u00efence de Longwy"},"content":{"rendered":"<p>Assiette en fa\u00efence (26 cm de diam\u00e8tre) de la manufacture de Longwy, avec un d\u00e9cor floral \u00e9maill\u00e9. Il a un style tr\u00e8s Art D\u00e9co et date sans doute des ann\u00e9es 1930-50 .<\/p>\n<div>R\u00e9f 20.95<\/div>\n","protected":false},"excerpt":{"rendered":"<p>Assiette en fa\u00efence (26 cm de diam\u00e8tre) de la manufacture de Longwy, avec un d\u00e9cor floral \u00e9maill\u00e9. Il a un style tr\u00e8s Art D\u00e9co et date sans doute des ann\u00e9es 1930-50 . R\u00e9f 20.95<\/p>\n","protected":false},"featured_media":5289,"comment_status":"open","ping_status":"closed","template":"","meta":{"neve_meta_sidebar":"","neve_meta_container":"","neve_meta_enable_content_width":"off","neve_meta_content_width":100,"neve_meta_title_alignment":"","neve_meta_author_avatar":"","neve_post_elements_order":"","neve_meta_disable_header":"","neve_meta_disable_footer":"","neve_meta_disable_title":""},"product_brand":[],"product_cat":[172,16,59,66],"product_tag":[21,19],"class_list":{"0":"post-5286","1":"product","2":"type-product","3":"status-publish","4":"has-post-thumbnail","6":"product_cat-en-cuisine","7":"product_cat-ceramique","8":"product_cat-france","9":"product_cat-longwy","10":"product_tag-art-deco","11":"product_tag-faience","13":"first","14":"instock","15":"shipping-taxable","16":"purchasable","17":"product-type-simple"},"_links":{"self":[{"href":"https:\/\/legrenierdelatour.be\/brocante\/wp-json\/wp\/v2\/product\/5286","targetHints":{"allow":["GET"]}}],"collection":[{"href":"https:\/\/legrenierdelatour.be\/brocante\/wp-json\/wp\/v2\/product"}],"about":[{"href":"https:\/\/legrenierdelatour.be\/brocante\/wp-json\/wp\/v2\/types\/product"}],"replies":[{"embeddable":true,"href":"https:\/\/legrenierdelatour.be\/brocante\/wp-json\/wp\/v2\/comments?post=5286"}],"wp:featuredmedia":[{"embeddable":true,"href":"https:\/\/legrenierdelatour.be\/brocante\/wp-json\/wp\/v2\/media\/5289"}],"wp:attachment":[{"href":"https:\/\/legrenierdelatour.be\/brocante\/wp-json\/wp\/v2\/media?parent=5286"}],"wp:term":[{"taxonomy":"product_brand","embeddable":true,"href":"https:\/\/legrenierdelatour.be\/brocante\/wp-json\/wp\/v2\/product_brand?post=5286"},{"taxonomy":"product_cat","embeddable":true,"href":"https:\/\/legrenierdelatour.be\/brocante\/wp-json\/wp\/v2\/product_cat?post=5286"},{"taxonomy":"product_tag","embeddable":true,"href":"https:\/\/legrenierdelatour.be\/brocante\/wp-json\/wp\/v2\/product_tag?post=5286"}],"curies":[{"name":"wp","href":"https:\/\/api.w.org\/{rel}","templated":true}]}}