{"id":5283,"date":"2023-06-01T18:27:03","date_gmt":"2023-06-01T16:27:03","guid":{"rendered":"https:\/\/legrenierdelatour.be\/brocante\/?post_type=product&#038;p=5283"},"modified":"2023-06-01T18:27:03","modified_gmt":"2023-06-01T16:27:03","slug":"pichet-art-deco-faience-de-longwy","status":"publish","type":"product","link":"https:\/\/legrenierdelatour.be\/brocante\/produit\/pichet-art-deco-faience-de-longwy\/","title":{"rendered":"Pichet Art D\u00e9co, fa\u00efence de Longwy"},"content":{"rendered":"<p>Beau pichet en fa\u00efence (18 cm de haut) de la manufacture de Longwy, avec un d\u00e9cor floral \u00e9maill\u00e9. Il a un style tr\u00e8s Art D\u00e9co et date sans doute des ann\u00e9es 1950 .<\/p>\n<div>R\u00e9f 20.94<\/div>\n","protected":false},"excerpt":{"rendered":"<p>Beau pichet en fa\u00efence (18 cm de haut) de la manufacture de Longwy, avec un d\u00e9cor floral \u00e9maill\u00e9. Il a un style tr\u00e8s Art D\u00e9co et date sans doute des ann\u00e9es 1950 . R\u00e9f 20.94<\/p>\n","protected":false},"featured_media":5284,"comment_status":"open","ping_status":"closed","template":"","meta":{"neve_meta_sidebar":"","neve_meta_container":"","neve_meta_enable_content_width":"off","neve_meta_content_width":100,"neve_meta_title_alignment":"","neve_meta_author_avatar":"","neve_post_elements_order":"","neve_meta_disable_header":"","neve_meta_disable_footer":"","neve_meta_disable_title":""},"product_brand":[],"product_cat":[16,59,66],"product_tag":[21,19],"class_list":{"0":"post-5283","1":"product","2":"type-product","3":"status-publish","4":"has-post-thumbnail","6":"product_cat-ceramique","7":"product_cat-france","8":"product_cat-longwy","9":"product_tag-art-deco","10":"product_tag-faience","12":"first","13":"instock","14":"shipping-taxable","15":"purchasable","16":"product-type-simple"},"_links":{"self":[{"href":"https:\/\/legrenierdelatour.be\/brocante\/wp-json\/wp\/v2\/product\/5283","targetHints":{"allow":["GET"]}}],"collection":[{"href":"https:\/\/legrenierdelatour.be\/brocante\/wp-json\/wp\/v2\/product"}],"about":[{"href":"https:\/\/legrenierdelatour.be\/brocante\/wp-json\/wp\/v2\/types\/product"}],"replies":[{"embeddable":true,"href":"https:\/\/legrenierdelatour.be\/brocante\/wp-json\/wp\/v2\/comments?post=5283"}],"wp:featuredmedia":[{"embeddable":true,"href":"https:\/\/legrenierdelatour.be\/brocante\/wp-json\/wp\/v2\/media\/5284"}],"wp:attachment":[{"href":"https:\/\/legrenierdelatour.be\/brocante\/wp-json\/wp\/v2\/media?parent=5283"}],"wp:term":[{"taxonomy":"product_brand","embeddable":true,"href":"https:\/\/legrenierdelatour.be\/brocante\/wp-json\/wp\/v2\/product_brand?post=5283"},{"taxonomy":"product_cat","embeddable":true,"href":"https:\/\/legrenierdelatour.be\/brocante\/wp-json\/wp\/v2\/product_cat?post=5283"},{"taxonomy":"product_tag","embeddable":true,"href":"https:\/\/legrenierdelatour.be\/brocante\/wp-json\/wp\/v2\/product_tag?post=5283"}],"curies":[{"name":"wp","href":"https:\/\/api.w.org\/{rel}","templated":true}]}}