{"id":5279,"date":"2023-05-31T20:12:53","date_gmt":"2023-05-31T18:12:53","guid":{"rendered":"https:\/\/legrenierdelatour.be\/brocante\/?post_type=product&#038;p=5279"},"modified":"2023-05-31T20:12:53","modified_gmt":"2023-05-31T18:12:53","slug":"vase-vallauris-1970","status":"publish","type":"product","link":"https:\/\/legrenierdelatour.be\/brocante\/produit\/vase-vallauris-1970\/","title":{"rendered":"Vase Vallauris 1970"},"content":{"rendered":"<p>Vase (28 cm de haut) en fa\u00efence avec un d\u00e9cor floral cisel\u00e9 et \u00e9maill\u00e9, de forme particuli\u00e8re. Il date probablement des ann\u00e9es 1970, et est sign\u00e9 Vallauris D. Main. Il a un petit coup sur l\u2019encolure.<\/p>\n<div>R\u00e9f 20.93<\/div>\n","protected":false},"excerpt":{"rendered":"<p>Vase (28 cm de haut) en fa\u00efence avec un d\u00e9cor floral cisel\u00e9 et \u00e9maill\u00e9, de forme particuli\u00e8re. Il date probablement des ann\u00e9es 1970, et est sign\u00e9 Vallauris D. Main. Il a un petit coup sur l\u2019encolure. R\u00e9f 20.93<\/p>\n","protected":false},"featured_media":5280,"comment_status":"open","ping_status":"closed","template":"","meta":{"neve_meta_sidebar":"","neve_meta_container":"","neve_meta_enable_content_width":"off","neve_meta_content_width":100,"neve_meta_title_alignment":"","neve_meta_author_avatar":"","neve_post_elements_order":"","neve_meta_disable_header":"","neve_meta_disable_footer":"","neve_meta_disable_title":""},"product_brand":[],"product_cat":[16,59,94],"product_tag":[95,28],"class_list":{"0":"post-5279","1":"product","2":"type-product","3":"status-publish","4":"has-post-thumbnail","6":"product_cat-ceramique","7":"product_cat-france","8":"product_cat-vallauris","9":"product_tag-vallauris","10":"product_tag-vintage","12":"first","13":"instock","14":"shipping-taxable","15":"purchasable","16":"product-type-simple"},"_links":{"self":[{"href":"https:\/\/legrenierdelatour.be\/brocante\/wp-json\/wp\/v2\/product\/5279","targetHints":{"allow":["GET"]}}],"collection":[{"href":"https:\/\/legrenierdelatour.be\/brocante\/wp-json\/wp\/v2\/product"}],"about":[{"href":"https:\/\/legrenierdelatour.be\/brocante\/wp-json\/wp\/v2\/types\/product"}],"replies":[{"embeddable":true,"href":"https:\/\/legrenierdelatour.be\/brocante\/wp-json\/wp\/v2\/comments?post=5279"}],"wp:featuredmedia":[{"embeddable":true,"href":"https:\/\/legrenierdelatour.be\/brocante\/wp-json\/wp\/v2\/media\/5280"}],"wp:attachment":[{"href":"https:\/\/legrenierdelatour.be\/brocante\/wp-json\/wp\/v2\/media?parent=5279"}],"wp:term":[{"taxonomy":"product_brand","embeddable":true,"href":"https:\/\/legrenierdelatour.be\/brocante\/wp-json\/wp\/v2\/product_brand?post=5279"},{"taxonomy":"product_cat","embeddable":true,"href":"https:\/\/legrenierdelatour.be\/brocante\/wp-json\/wp\/v2\/product_cat?post=5279"},{"taxonomy":"product_tag","embeddable":true,"href":"https:\/\/legrenierdelatour.be\/brocante\/wp-json\/wp\/v2\/product_tag?post=5279"}],"curies":[{"name":"wp","href":"https:\/\/api.w.org\/{rel}","templated":true}]}}